{"id":769329,"date":"2025-08-28T13:50:04","date_gmt":"2025-08-28T10:50:04","guid":{"rendered":"https:\/\/roveyayinevi.com.tr\/index.php\/urun\/fresk-uzerine\/"},"modified":"2026-03-12T03:32:34","modified_gmt":"2026-03-12T00:32:34","slug":"fresk-uzerine","status":"publish","type":"product","link":"https:\/\/roveyayinevi.com.tr\/index.php\/urun\/fresk-uzerine\/","title":{"rendered":"Fresk \u00dczerine"},"content":{"rendered":"<p>Sanat tarihinin en \u00f6nemli isimlerinden E.H. Gombrich, Leonardo da Vinci\u2019nin duvar ressamlar\u0131na y\u00f6nelik ele\u015ftirilerinden yola \u00e7\u0131karak, Antik M\u0131s\u0131r\u2019dan yirminci y\u00fczy\u0131la dek fresk resim sanat\u0131n\u0131 yorumluyor. Sanat tarihi camias\u0131n\u0131n b\u00fcy\u00fck sayg\u0131 duydu\u011fu Gombrich, ayn\u0131 zamanda olduk\u00e7a geni\u015f bir okuyucu kitlesinde yank\u0131 uyand\u0131rmaya devam eden, \u00e7a\u011f\u0131n\u0131n \u00f6tesinde, klasikle\u015fmi\u015f kitaplar\u0131n da yazar\u0131d\u0131r. <\/p>\n","protected":false},"excerpt":{"rendered":"<p>Sanat tarihinin en \u00f6nemli isimlerinden E.H. Gombrich, Leonardo da Vinci\u2019nin duvar ressamlar\u0131na y\u00f6nelik ele\u015ftirilerinden yola \u00e7\u0131karak, Antik M\u0131s\u0131r\u2019dan yirminci y\u00fczy\u0131la dek fresk resim sanat\u0131n\u0131 yorumluyor. Sanat<span class=\"excerpt-hellip\"> [\u2026]<\/span><\/p>\n","protected":false},"featured_media":0,"template":"","meta":{"_monsterinsights_skip_tracking":false,"_monsterinsights_sitenote_active":false,"_monsterinsights_sitenote_note":"","_monsterinsights_sitenote_category":0},"product_brand":[],"product_cat":[13548,12408],"product_tag":[],"class_list":{"0":"post-769329","1":"product","2":"type-product","3":"status-publish","5":"product_cat-kuram","6":"product_cat-sanat","7":"pa_cilt-ciltsiz","8":"pa_tur-kitap","9":"pa_yayinevi-hayalperest-yayinlari","10":"pa_yazar-e-h-gombrich","12":"first","13":"instock","14":"sale","15":"shipping-taxable","16":"purchasable","17":"product-type-simple"},"_links":{"self":[{"href":"https:\/\/roveyayinevi.com.tr\/index.php\/wp-json\/wp\/v2\/product\/769329","targetHints":{"allow":["GET"]}}],"collection":[{"href":"https:\/\/roveyayinevi.com.tr\/index.php\/wp-json\/wp\/v2\/product"}],"about":[{"href":"https:\/\/roveyayinevi.com.tr\/index.php\/wp-json\/wp\/v2\/types\/product"}],"wp:attachment":[{"href":"https:\/\/roveyayinevi.com.tr\/index.php\/wp-json\/wp\/v2\/media?parent=769329"}],"wp:term":[{"taxonomy":"product_brand","embeddable":true,"href":"https:\/\/roveyayinevi.com.tr\/index.php\/wp-json\/wp\/v2\/product_brand?post=769329"},{"taxonomy":"product_cat","embeddable":true,"href":"https:\/\/roveyayinevi.com.tr\/index.php\/wp-json\/wp\/v2\/product_cat?post=769329"},{"taxonomy":"product_tag","embeddable":true,"href":"https:\/\/roveyayinevi.com.tr\/index.php\/wp-json\/wp\/v2\/product_tag?post=769329"}],"curies":[{"name":"wp","href":"https:\/\/api.w.org\/{rel}","templated":true}]}}