{"id":769327,"date":"2025-08-28T13:50:01","date_gmt":"2025-08-28T10:50:01","guid":{"rendered":"https:\/\/roveyayinevi.com.tr\/index.php\/urun\/adim-kadin\/"},"modified":"2026-01-29T04:06:40","modified_gmt":"2026-01-29T01:06:40","slug":"adim-kadin","status":"publish","type":"product","link":"https:\/\/roveyayinevi.com.tr\/index.php\/urun\/adim-kadin\/","title":{"rendered":"Ad\u0131m Kad\u0131n"},"content":{"rendered":"<p>T\u00fcrkiye\u2019de kad\u0131n m\u00fccadelesi 20. y\u00fczy\u0131l sonlar\u0131nda ortaya \u00e7\u0131km\u0131\u015f olarak bilinegelse de, asl\u0131nda 19. y\u00fczy\u0131l ortalar\u0131ndan itibaren d\u00fcnyaya paralel olarak Osmanl\u0131 d\u00f6neminde ba\u015flam\u0131\u015ft\u0131r. T\u00fcrkiye\u2019de ilk feministler Osmanl\u0131 d\u00f6neminde seslerini y\u00fckselterek kad\u0131n m\u00fccadelesini g\u00f6r\u00fcn\u00fcr hale getirmi\u015f, Cumhuriyet d\u00f6neminde de bu sesleri y\u00fckseltmi\u015flerdir. Elinizdeki bu kitapta yazar, kad\u0131nlar\u0131n bu m\u00fccadelesini 101 y\u0131ll\u0131k yerel BARTIN GAZETES\u0130 \u00fczerinden sergileyip belgelemi\u015f; b\u00f6ylece okurun, hem \u00fclke genelinde hem de yerelde artarak devam eden kad\u0131n m\u00fccadelesi hakk\u0131nda fikir edinmesini sa\u011flamaya \u00e7al\u0131\u015fm\u0131\u015ft\u0131r. Toplumsal cinsiyet e\u015fitli\u011fine ve dolayl\u0131 olarak kad\u0131nlara binlerce y\u0131ld\u0131r sava\u015f a\u00e7an ataerkil d\u00fczene kar\u015f\u0131, kad\u0131nlar\u0131n s\u00fcrd\u00fcrd\u00fc\u011f\u00fc bu \u00e7etin ve me\u015fakkatli m\u00fccadele uzun y\u0131llard\u0131r toplumsal geli\u015fmelerin \u00f6nemli bir bile\u015feni olmay\u0131 s\u00fcrd\u00fcrmektedir. \u0130\u015fte bu kitapta anlat\u0131lan, binlerce y\u0131ld\u0131r devam eden ve edecek olan bu m\u00fccadelenin bir evresidir&#8230; (Arka Kapaktan)<\/p>\n","protected":false},"excerpt":{"rendered":"<p>T\u00fcrkiye\u2019de kad\u0131n m\u00fccadelesi 20. y\u00fczy\u0131l sonlar\u0131nda ortaya \u00e7\u0131km\u0131\u015f olarak bilinegelse de, asl\u0131nda 19. y\u00fczy\u0131l ortalar\u0131ndan itibaren d\u00fcnyaya paralel olarak Osmanl\u0131 d\u00f6neminde ba\u015flam\u0131\u015ft\u0131r. T\u00fcrkiye\u2019de ilk feministler Osmanl\u0131<span class=\"excerpt-hellip\"> [\u2026]<\/span><\/p>\n","protected":false},"featured_media":0,"template":"","meta":{"_monsterinsights_skip_tracking":false,"_monsterinsights_sitenote_active":false,"_monsterinsights_sitenote_note":"","_monsterinsights_sitenote_category":0},"product_brand":[],"product_cat":[13252,12324],"product_tag":[],"class_list":{"0":"post-769327","1":"product","2":"type-product","3":"status-publish","5":"product_cat-kadin-calismalari","6":"product_cat-sosyoloji","7":"pa_cilt-ciltsiz","8":"pa_tur-kitap","9":"pa_yayinevi-utopya-yayinevi","10":"pa_yazar-ayse-sevtap-uzun","12":"first","13":"instock","14":"sale","15":"shipping-taxable","16":"purchasable","17":"product-type-simple"},"_links":{"self":[{"href":"https:\/\/roveyayinevi.com.tr\/index.php\/wp-json\/wp\/v2\/product\/769327","targetHints":{"allow":["GET"]}}],"collection":[{"href":"https:\/\/roveyayinevi.com.tr\/index.php\/wp-json\/wp\/v2\/product"}],"about":[{"href":"https:\/\/roveyayinevi.com.tr\/index.php\/wp-json\/wp\/v2\/types\/product"}],"wp:attachment":[{"href":"https:\/\/roveyayinevi.com.tr\/index.php\/wp-json\/wp\/v2\/media?parent=769327"}],"wp:term":[{"taxonomy":"product_brand","embeddable":true,"href":"https:\/\/roveyayinevi.com.tr\/index.php\/wp-json\/wp\/v2\/product_brand?post=769327"},{"taxonomy":"product_cat","embeddable":true,"href":"https:\/\/roveyayinevi.com.tr\/index.php\/wp-json\/wp\/v2\/product_cat?post=769327"},{"taxonomy":"product_tag","embeddable":true,"href":"https:\/\/roveyayinevi.com.tr\/index.php\/wp-json\/wp\/v2\/product_tag?post=769327"}],"curies":[{"name":"wp","href":"https:\/\/api.w.org\/{rel}","templated":true}]}}