{"id":769326,"date":"2025-08-28T13:50:00","date_gmt":"2025-08-28T10:50:00","guid":{"rendered":"https:\/\/roveyayinevi.com.tr\/index.php\/urun\/nibelung-yuzugu-ii-walkure\/"},"modified":"2026-04-15T03:35:39","modified_gmt":"2026-04-15T00:35:39","slug":"nibelung-yuzugu-ii-walkure","status":"publish","type":"product","link":"https:\/\/roveyayinevi.com.tr\/index.php\/urun\/nibelung-yuzugu-ii-walkure\/","title":{"rendered":"Nibelung Y\u00fcz\u00fc\u011f\u00fc II Walk\u00fcre"},"content":{"rendered":"<p>Alman besteci Richard Wagner\u2019in b\u00fcy\u00fcleyici m\u00fczikli dram serisi Nibelung Y\u00fcz\u00fc\u011f\u00fc\u2019ne, daha \u00f6nce yay\u0131nlad\u0131\u011f\u0131m\u0131z Nibelung Y\u00fcz\u00fc\u011f\u00fc I: Ren Alt\u0131n\u0131\u2019ndan sonra ikinci k\u0131s\u0131m Walk\u00fcre ile devam ediyoruz. Yunan ve \u0130skandinav mitolojilerinden ilham alan bu eser, Wagner\u2019in felsefi e\u011filimlerini, Schopenhauer etkisini ve dramatik yenilikleri bir araya getirerek opera sanat\u0131na yepyeni bir soluk kazand\u0131r\u0131yor. Walk\u00fcre kaderin ka\u00e7\u0131n\u0131lmazl\u0131\u011f\u0131, aile ba\u011flar\u0131n\u0131n trajedisi ve a\u015fk\u0131n kurtar\u0131c\u0131 g\u00fcc\u00fc \u00fczerine yo\u011funla\u015fan g\u00fc\u00e7l\u00fc temalar\u0131yla serinin en dokunakl\u0131 ve \u00e7arp\u0131c\u0131 b\u00f6l\u00fcmlerinden biri. Wagner\u2019in \u00f6zenle i\u015fledi\u011fi leitmotifler, karakterlerin duygusal derinli\u011fini a\u00e7\u0131\u011fa \u00e7\u0131kar\u0131rken okuru ad\u0131m ad\u0131m ka\u00e7\u0131n\u0131lmaz bir sona do\u011fru s\u00fcr\u00fckl\u00fcyor. Yaln\u0131zca bir opera de\u011fil, zaman\u0131n \u00f6tesine ge\u00e7en bir sanat eseri olan Nibelung Y\u00fcz\u00fc\u011f\u00fc II: Walk\u00fcre\u2019nin y\u00fczlerce y\u0131l daha sahnelenmeye devam edece\u011fi ve gelecekte de b\u00fcy\u00fcleyicili\u011fini koruyaca\u011f\u0131na \u015f\u00fcphe yok&#8230; <\/p>\n","protected":false},"excerpt":{"rendered":"<p>Alman besteci Richard Wagner\u2019in b\u00fcy\u00fcleyici m\u00fczikli dram serisi Nibelung Y\u00fcz\u00fc\u011f\u00fc\u2019ne, daha \u00f6nce yay\u0131nlad\u0131\u011f\u0131m\u0131z Nibelung Y\u00fcz\u00fc\u011f\u00fc I: Ren Alt\u0131n\u0131\u2019ndan sonra ikinci k\u0131s\u0131m Walk\u00fcre ile devam ediyoruz. Yunan<span class=\"excerpt-hellip\"> [\u2026]<\/span><\/p>\n","protected":false},"featured_media":0,"template":"","meta":{"_monsterinsights_skip_tracking":false,"_monsterinsights_sitenote_active":false,"_monsterinsights_sitenote_note":"","_monsterinsights_sitenote_category":0},"product_brand":[],"product_cat":[14556],"product_tag":[],"class_list":{"0":"post-769326","1":"product","2":"type-product","3":"status-publish","5":"product_cat-muzik","6":"pa_cilt-ciltsiz","7":"pa_tur-kitap","8":"pa_yayinevi-vakifbank-kultur-yayinlari","9":"pa_yazar-richard-wagner","11":"first","12":"instock","13":"sale","14":"shipping-taxable","15":"purchasable","16":"product-type-simple"},"_links":{"self":[{"href":"https:\/\/roveyayinevi.com.tr\/index.php\/wp-json\/wp\/v2\/product\/769326","targetHints":{"allow":["GET"]}}],"collection":[{"href":"https:\/\/roveyayinevi.com.tr\/index.php\/wp-json\/wp\/v2\/product"}],"about":[{"href":"https:\/\/roveyayinevi.com.tr\/index.php\/wp-json\/wp\/v2\/types\/product"}],"wp:attachment":[{"href":"https:\/\/roveyayinevi.com.tr\/index.php\/wp-json\/wp\/v2\/media?parent=769326"}],"wp:term":[{"taxonomy":"product_brand","embeddable":true,"href":"https:\/\/roveyayinevi.com.tr\/index.php\/wp-json\/wp\/v2\/product_brand?post=769326"},{"taxonomy":"product_cat","embeddable":true,"href":"https:\/\/roveyayinevi.com.tr\/index.php\/wp-json\/wp\/v2\/product_cat?post=769326"},{"taxonomy":"product_tag","embeddable":true,"href":"https:\/\/roveyayinevi.com.tr\/index.php\/wp-json\/wp\/v2\/product_tag?post=769326"}],"curies":[{"name":"wp","href":"https:\/\/api.w.org\/{rel}","templated":true}]}}