{"id":769325,"date":"2025-08-28T13:49:57","date_gmt":"2025-08-28T10:49:57","guid":{"rendered":"https:\/\/roveyayinevi.com.tr\/index.php\/urun\/leyla-ve-mecnun-2\/"},"modified":"2026-04-15T03:35:39","modified_gmt":"2026-04-15T00:35:39","slug":"leyla-ve-mecnun-2","status":"publish","type":"product","link":"https:\/\/roveyayinevi.com.tr\/index.php\/urun\/leyla-ve-mecnun-2\/","title":{"rendered":"Leyla ve Mecnun"},"content":{"rendered":"<p>Vak\u0131fBank K\u00fclt\u00fcr Yay\u0131nlar\u0131, T\u00fcrk edebiyat\u0131n\u0131n en b\u00fcy\u00fck s\u00f6z ustas\u0131 Fuz\u00fbl\u00ee\u2019nin eserlerini, alan\u0131nda uzman edebiyat\u00e7\u0131lar\u0131n titizlikle sadele\u015ftirip g\u00fcn\u00fcm\u00fcz T\u00fcrk\u00e7esine \u00f6zenle aktard\u0131\u011f\u0131 yedi ciltlik bir k\u00fclliyat h\u00e2linde bug\u00fcn\u00fcn diline kazand\u0131r\u0131yor. Bu k\u00fclliyat, \u015fairin derin m\u0131sralar\u0131n\u0131 anla\u015f\u0131l\u0131r k\u0131larak \u00e7a\u011f\u0131n okuyucusuna ula\u015ft\u0131rmay\u0131, bug\u00fcn\u00fcn idrakine ta\u015f\u0131may\u0131 gaye ediniyor. Elinizdeki eser, bu k\u00fclliyat\u0131n ilk cildi olan Leyl\u00e2 ve Mecn\u00fbn k\u0131ssas\u0131. Eski bir Arap anlat\u0131s\u0131 olan Leyl\u00e2 ve Mecn\u00fbn hik\u00e2yesi, Arap edebiyat\u0131ndan \u00e7ok T\u00fcrk ve \u0130ran edebiyatlar\u0131nda ra\u011fbet g\u00f6rm\u00fc\u015f, m\u00fcstakil bir eser olarak v\u00fccut bulmadan \u00f6nce me\u015fhur bir a\u015fk hik\u00e2yesi olarak daha Anadolu\u2019da T\u00fcrk \u015fiirinin kurulu\u015f \u00e7a\u011flar\u0131nda anlat\u0131lmaya ba\u015flanm\u0131\u015ft\u0131r. \u015e\u00fcphesiz bu hik\u00e2yeyi en g\u00fczel ve en dokunakl\u0131 terenn\u00fcm eden ise Fuz\u00fbl\u00ee olmu\u015ftur. Bir edeb\u00ee eser olmak h\u00fcviyetiyle Leyl\u00e2 ve Mecn\u00fbn, kelimenin tam manas\u0131yla bir \u201c\u015faheser\u201ddir. Olay kurgusundan ge\u00e7i\u015flere, hik\u00e2yenin tamam\u0131n\u0131 ku\u015fatan lirizmden gazellerin ak\u0131c\u0131l\u0131\u011f\u0131 ve konuyu b\u00fct\u00fcnlemesine, alegorik sahnelerin parlakl\u0131\u011f\u0131ndan diyaloglar\u0131n tabiili\u011fine, dil h\u00e2kimiyetinden aruz tasarruflar\u0131na, canl\u0131 tasvirlerden ruh tahlillerine varana de\u011fin okuyanda eksik bir yer kalmad\u0131\u011f\u0131 intiba\u0131 uyand\u0131ran bir \u015faheser\u2026 Fuz\u00fbl\u00ee\u2019nin bu \u00f6l\u00fcms\u00fcz eseri, sadece Leyl\u00e2 ve Mecn\u00fbn k\u0131ssas\u0131n\u0131n anlat\u0131ld\u0131\u011f\u0131 manzumeler aras\u0131nda ve hatta sadece \u00e7ift kahramanl\u0131 a\u015fk hik\u00e2yeleri aras\u0131nda de\u011fil, b\u00fct\u00fcn bir T\u00fcrk mesnevi edebiyat\u0131n\u0131n zirvesinde bir eserdir. <\/p>\n","protected":false},"excerpt":{"rendered":"<p>Vak\u0131fBank K\u00fclt\u00fcr Yay\u0131nlar\u0131, T\u00fcrk edebiyat\u0131n\u0131n en b\u00fcy\u00fck s\u00f6z ustas\u0131 Fuz\u00fbl\u00ee\u2019nin eserlerini, alan\u0131nda uzman edebiyat\u00e7\u0131lar\u0131n titizlikle sadele\u015ftirip g\u00fcn\u00fcm\u00fcz T\u00fcrk\u00e7esine \u00f6zenle aktard\u0131\u011f\u0131 yedi ciltlik bir k\u00fclliyat h\u00e2linde bug\u00fcn\u00fcn<span class=\"excerpt-hellip\"> [\u2026]<\/span><\/p>\n","protected":false},"featured_media":0,"template":"","meta":{"_monsterinsights_skip_tracking":false,"_monsterinsights_sitenote_active":false,"_monsterinsights_sitenote_note":"","_monsterinsights_sitenote_category":0},"product_brand":[],"product_cat":[12291,12711],"product_tag":[],"class_list":{"0":"post-769325","1":"product","2":"type-product","3":"status-publish","5":"product_cat-edebiyat","6":"product_cat-roman-oyku","7":"pa_cilt-ciltsiz","8":"pa_tur-kitap","9":"pa_yayinevi-vakifbank-kultur-yayinlari","10":"pa_yazar-fuzuli","12":"first","13":"instock","14":"sale","15":"shipping-taxable","16":"purchasable","17":"product-type-simple"},"_links":{"self":[{"href":"https:\/\/roveyayinevi.com.tr\/index.php\/wp-json\/wp\/v2\/product\/769325","targetHints":{"allow":["GET"]}}],"collection":[{"href":"https:\/\/roveyayinevi.com.tr\/index.php\/wp-json\/wp\/v2\/product"}],"about":[{"href":"https:\/\/roveyayinevi.com.tr\/index.php\/wp-json\/wp\/v2\/types\/product"}],"wp:attachment":[{"href":"https:\/\/roveyayinevi.com.tr\/index.php\/wp-json\/wp\/v2\/media?parent=769325"}],"wp:term":[{"taxonomy":"product_brand","embeddable":true,"href":"https:\/\/roveyayinevi.com.tr\/index.php\/wp-json\/wp\/v2\/product_brand?post=769325"},{"taxonomy":"product_cat","embeddable":true,"href":"https:\/\/roveyayinevi.com.tr\/index.php\/wp-json\/wp\/v2\/product_cat?post=769325"},{"taxonomy":"product_tag","embeddable":true,"href":"https:\/\/roveyayinevi.com.tr\/index.php\/wp-json\/wp\/v2\/product_tag?post=769325"}],"curies":[{"name":"wp","href":"https:\/\/api.w.org\/{rel}","templated":true}]}}