{"id":769321,"date":"2025-08-28T13:49:47","date_gmt":"2025-08-28T10:49:47","guid":{"rendered":"https:\/\/roveyayinevi.com.tr\/index.php\/urun\/baldiran-operasyonu-derin\/"},"modified":"2026-04-15T03:35:39","modified_gmt":"2026-04-15T00:35:39","slug":"baldiran-operasyonu-derin","status":"publish","type":"product","link":"https:\/\/roveyayinevi.com.tr\/index.php\/urun\/baldiran-operasyonu-derin\/","title":{"rendered":"Bald\u0131ran Operasyonu &#8211; Derin"},"content":{"rendered":"<p>K\u00fcreselle\u015fen su\u00e7 \u00f6rg\u00fctleri i\u015flerini y\u00fcr\u00fctebilmek i\u00e7in her \u00fclkede ba\u011flant\u0131 kurduklar\u0131 b\u00f6lgesel mafya ya da \u00e7eteler ile i\u015f birli\u011fi yaparlar. \u00dclkemizde de bu \u00f6rg\u00fctler ile kolluk kuvvetleri aras\u0131nda bitmek bilmeyen amans\u0131z bir m\u00fccadele vard\u0131r. Derin ise bu olaylar\u0131n i\u00e7inde do\u011fmu\u015f ve b\u00fcy\u00fcm\u00fc\u015ft\u00fcr, her ne kadar \u015fiddetten uzak kendince ya\u015fam s\u00fcrme m\u00fccadelesi verse de kendi merak\u0131 ve i\u00e7indeki intikam ate\u015fi onu hi\u00e7 d\u00fc\u015f\u00fcnmedi\u011fi bir karma\u015faya sokacakt\u0131r. Su\u00e7lular\u0131n d\u00fcnyas\u0131na sadece g\u00f6z ucuyla bakan Derin, su\u00e7un planlanmas\u0131, i\u015flenmesi ve sonu\u00e7lanmas\u0131na kadar nas\u0131l \u00e7al\u0131\u015ft\u0131klar\u0131n\u0131 tam idrak edememi\u015fken g\u00fcvenlik g\u00fc\u00e7leri ve mafya \u00f6rg\u00fct\u00fcn\u00fcn ortas\u0131nda kalm\u0131\u015ft\u0131r. B\u00fcrokrasiden meclise, medyadan kolluk kuvvetlerine kadar engellerini a\u015fmak i\u00e7in ula\u015famayacaklar\u0131 hi\u00e7bir insan\u0131n olmad\u0131\u011f\u0131 mafya \u00f6rg\u00fctlerinin su\u00e7lar sarmal\u0131ndan bu ya\u015f\u0131na kadar \u00f6\u011frendikleri ve yapabildikleri \u015feyler onu bu durumdan zarar g\u00f6rmeden \u00e7\u0131karabilecek midir? <\/p>\n","protected":false},"excerpt":{"rendered":"<p>K\u00fcreselle\u015fen su\u00e7 \u00f6rg\u00fctleri i\u015flerini y\u00fcr\u00fctebilmek i\u00e7in her \u00fclkede ba\u011flant\u0131 kurduklar\u0131 b\u00f6lgesel mafya ya da \u00e7eteler ile i\u015f birli\u011fi yaparlar. \u00dclkemizde de bu \u00f6rg\u00fctler ile kolluk kuvvetleri<span class=\"excerpt-hellip\"> [\u2026]<\/span><\/p>\n","protected":false},"featured_media":0,"template":"","meta":{"_monsterinsights_skip_tracking":false,"_monsterinsights_sitenote_active":false,"_monsterinsights_sitenote_note":"","_monsterinsights_sitenote_category":0},"product_brand":[],"product_cat":[12291,12711],"product_tag":[],"class_list":{"0":"post-769321","1":"product","2":"type-product","3":"status-publish","5":"product_cat-edebiyat","6":"product_cat-roman-oyku","7":"pa_cilt-ciltsiz","8":"pa_tur-kitap","9":"pa_yayinevi-bilge-budun-yayinlari","10":"pa_yazar-tuna-genc","12":"first","13":"instock","14":"sale","15":"shipping-taxable","16":"purchasable","17":"product-type-simple"},"_links":{"self":[{"href":"https:\/\/roveyayinevi.com.tr\/index.php\/wp-json\/wp\/v2\/product\/769321","targetHints":{"allow":["GET"]}}],"collection":[{"href":"https:\/\/roveyayinevi.com.tr\/index.php\/wp-json\/wp\/v2\/product"}],"about":[{"href":"https:\/\/roveyayinevi.com.tr\/index.php\/wp-json\/wp\/v2\/types\/product"}],"wp:attachment":[{"href":"https:\/\/roveyayinevi.com.tr\/index.php\/wp-json\/wp\/v2\/media?parent=769321"}],"wp:term":[{"taxonomy":"product_brand","embeddable":true,"href":"https:\/\/roveyayinevi.com.tr\/index.php\/wp-json\/wp\/v2\/product_brand?post=769321"},{"taxonomy":"product_cat","embeddable":true,"href":"https:\/\/roveyayinevi.com.tr\/index.php\/wp-json\/wp\/v2\/product_cat?post=769321"},{"taxonomy":"product_tag","embeddable":true,"href":"https:\/\/roveyayinevi.com.tr\/index.php\/wp-json\/wp\/v2\/product_tag?post=769321"}],"curies":[{"name":"wp","href":"https:\/\/api.w.org\/{rel}","templated":true}]}}