{"id":769320,"date":"2025-08-28T13:49:45","date_gmt":"2025-08-28T10:49:45","guid":{"rendered":"https:\/\/roveyayinevi.com.tr\/index.php\/urun\/graham-etkisi\/"},"modified":"2026-04-15T03:35:39","modified_gmt":"2026-04-15T00:35:39","slug":"graham-etkisi","status":"publish","type":"product","link":"https:\/\/roveyayinevi.com.tr\/index.php\/urun\/graham-etkisi\/","title":{"rendered":"Graham Etkisi"},"content":{"rendered":"<p>HOKEY\u0130N ALTIN KIZI, K\u00d6T\u00dc \u00c7OCUKLA B\u0130R ANLA\u015eMA YAPAR&#8230;   Gigi Graham\u2019\u0131n hayatta \u00fc\u00e7 hedefi vard\u0131: Kad\u0131nlar hokey milli tak\u0131m\u0131na girmek, olimpiyatlarda alt\u0131n madalya kazanmak ve hokey efsanesi olan babas\u0131n\u0131n g\u00f6lgesinden \u00e7\u0131kabilmek. Bunu ba\u015farmak i\u00e7in taktiklerini geli\u015ftirmesi gerekiyordu ve hokeyde adeta profesyonellere ta\u015f \u00e7\u0131karan Luke Ryder\u2019dan yard\u0131m almaktan ba\u015fka \u00e7aresi yoktu.   Ryder iriyar\u0131 ve m\u00fckemmel bir hokey oyuncu olsa da kaba biriydi. \u00dcstelik d\u00fc\u015fman okuldand\u0131.   Ancak kader a\u011flar\u0131n\u0131 \u00f6rd\u00fc\u011f\u00fcnde ve d\u00fc\u015fman okullar\u0131n hokey tak\u0131mlar\u0131 birle\u015fti\u011finde, Ryder kendini bu karma tak\u0131m\u0131n e\u015f kaptan\u0131 olarak budu. Art\u0131k onun da yard\u0131ma ihtiyac\u0131 vard\u0131: Erkekler tak\u0131m\u0131nda i\u015fler yolunda gitmiyordu, herkes birbirinden \u00f6lesiye nefret ediyordu ve dahas\u0131 Ryder, idol\u00fc olan efsane Garrett Graham\u2019\u0131n g\u00f6z\u00fcnde berbat bir ilk izlenim b\u0131rakm\u0131\u015ft\u0131. \u015eimdi her \u015feyi d\u00fczeltmek ad\u0131na Gigi\u2019yle i\u015fbirli\u011fi yapmal\u0131, babas\u0131na ondan \u00f6vg\u00fcyle bahsetmesi i\u00e7in milli tak\u0131ma girmesine yard\u0131m etmeliydi.   Fakat ortada b\u00fcy\u00fck bir risk vard\u0131. \u0130kisinin de g\u00f6rmezden gelmeye \u00e7al\u0131\u015ft\u0131\u011f\u0131 kuvvetli \u00e7ekim, her \u015feyi tehlikeye atabilirdi.   *   \u201cBriar Evreni\u2019ne geri d\u00f6nd\u00fc\u011f\u00fcm i\u00e7in \u00e7ok mutluyum! Bu kitap \u00f6zledi\u011fim her \u015feye sahip.\u201d \u2014Sarina Bowen, USA Today \u00e7oksatan yazar\u0131     \u201cGraham Etkisi, Elle Kennedy kitaplar\u0131n\u0131n zirvesi: e\u011flenceli \u015fakala\u015fmalar, ba\u015f d\u00f6nd\u00fcr\u00fcc\u00fc kimya ve bolca tutku. Bu kitab\u0131 tek oturu\u015fta okudum.\u201d \u2014K.A. Tucker, USA Today \u00e7oksatan yazar\u0131 <\/p>\n","protected":false},"excerpt":{"rendered":"<p>HOKEY\u0130N ALTIN KIZI, K\u00d6T\u00dc \u00c7OCUKLA B\u0130R ANLA\u015eMA YAPAR&#8230; Gigi Graham\u2019\u0131n hayatta \u00fc\u00e7 hedefi vard\u0131: Kad\u0131nlar hokey milli tak\u0131m\u0131na girmek, olimpiyatlarda alt\u0131n madalya kazanmak ve hokey efsanesi<span class=\"excerpt-hellip\"> [\u2026]<\/span><\/p>\n","protected":false},"featured_media":0,"template":"","meta":{"_monsterinsights_skip_tracking":false,"_monsterinsights_sitenote_active":false,"_monsterinsights_sitenote_note":"","_monsterinsights_sitenote_category":0},"product_brand":[],"product_cat":[12291,12711],"product_tag":[],"class_list":{"0":"post-769320","1":"product","2":"type-product","3":"status-publish","5":"product_cat-edebiyat","6":"product_cat-roman-oyku","7":"pa_cilt-ciltsiz","8":"pa_tur-kitap","9":"pa_yayinevi-nemesis-kitap","10":"pa_yazar-elle-kennedy","12":"first","13":"instock","14":"sale","15":"shipping-taxable","16":"purchasable","17":"product-type-simple"},"_links":{"self":[{"href":"https:\/\/roveyayinevi.com.tr\/index.php\/wp-json\/wp\/v2\/product\/769320","targetHints":{"allow":["GET"]}}],"collection":[{"href":"https:\/\/roveyayinevi.com.tr\/index.php\/wp-json\/wp\/v2\/product"}],"about":[{"href":"https:\/\/roveyayinevi.com.tr\/index.php\/wp-json\/wp\/v2\/types\/product"}],"wp:attachment":[{"href":"https:\/\/roveyayinevi.com.tr\/index.php\/wp-json\/wp\/v2\/media?parent=769320"}],"wp:term":[{"taxonomy":"product_brand","embeddable":true,"href":"https:\/\/roveyayinevi.com.tr\/index.php\/wp-json\/wp\/v2\/product_brand?post=769320"},{"taxonomy":"product_cat","embeddable":true,"href":"https:\/\/roveyayinevi.com.tr\/index.php\/wp-json\/wp\/v2\/product_cat?post=769320"},{"taxonomy":"product_tag","embeddable":true,"href":"https:\/\/roveyayinevi.com.tr\/index.php\/wp-json\/wp\/v2\/product_tag?post=769320"}],"curies":[{"name":"wp","href":"https:\/\/api.w.org\/{rel}","templated":true}]}}