{"id":769318,"date":"2025-08-28T13:49:42","date_gmt":"2025-08-28T10:49:42","guid":{"rendered":"https:\/\/roveyayinevi.com.tr\/index.php\/urun\/umuda-dokunus-yalniz-degilsiniz\/"},"modified":"2026-04-15T03:35:39","modified_gmt":"2026-04-15T00:35:39","slug":"umuda-dokunus-yalniz-degilsiniz","status":"publish","type":"product","link":"https:\/\/roveyayinevi.com.tr\/index.php\/urun\/umuda-dokunus-yalniz-degilsiniz\/","title":{"rendered":"Umuda Dokunu\u015f &amp; Yaln\u0131z De\u011filsiniz"},"content":{"rendered":"<p>Her karanl\u0131\u011f\u0131n ayd\u0131nl\u0131\u011fa do\u011fru uzanan bir yolu, g\u00fczerg\u00e2h\u0131 bulunmaktad\u0131r. Yeter ki i\u00e7imizdeki umut \u0131\u015f\u0131klar\u0131n\u0131 yand\u0131rmaya ve devaml\u0131 havai fi\u015fekler g\u00f6ky\u00fcz\u00fcn\u00fc nas\u0131l ayd\u0131nlat\u0131yorsa, bizde y\u00fcre\u011fimizde o \u015fekilde gelece\u011fe do\u011fru \u0131\u015f\u0131l \u0131\u015f\u0131l g\u00f6kku\u015fa\u011f\u0131n\u0131n yedi rengini bir araya toplayarak umutlar\u0131m\u0131z\u0131 daima taze ve berrak tutmal\u0131y\u0131z. \u00c7ocuklar\u0131m\u0131z, gelece\u011fimiz, her \u015feyimiz. Umutsuzlu\u011fa hi\u00e7bir zaman kap\u0131lmamal\u0131y\u0131z. L\u00f6semi ger\u00e7e\u011fi kar\u015f\u0131s\u0131nda kara bulutlara sar\u0131l\u0131p, karalar ba\u011flamamal\u0131y\u0131z. L\u00d6SEM\u0130\u2019nin \u00e7aresi var ve T\u00dcRK\u0130YE\u2019mizde ba\u015far\u0131 oran\u0131 neredeyse y\u00fczde y\u00fczlere yak\u0131n. Ba\u015fta L\u00d6SEV olmak \u00fczere herkese ayr\u0131 ayr\u0131 te\u015fekk\u00fcrlerimi bor\u00e7 bilirim. Bu eserimde sizlere bir nebze olsun yard\u0131mc\u0131 ve bilgi sahibi olman\u0131z\u0131 istedim. \u00d6zellikle l\u00f6semi hakk\u0131nda bilgilendirmek AMA ASLA DOKTORUNUZA DANI\u015eMADAN hareket etmemenizi \u00d6NEMLE R\u0130CA EDER\u0130M. Bizler doktor de\u011filiz, asla olamay\u0131z. L\u00f6semi ile sava\u015fan ve ba\u015far\u0131 dolu \u00f6yk\u00fcleri payla\u015farak UMUDA DOKUNMAK ve YALNIZ DE\u011e\u0130LS\u0130N\u0130Z diyerek sizlerin yan\u0131nda olmak istedim. MET\u0130N ADEM\u0130R <\/p>\n","protected":false},"excerpt":{"rendered":"<p>Her karanl\u0131\u011f\u0131n ayd\u0131nl\u0131\u011fa do\u011fru uzanan bir yolu, g\u00fczerg\u00e2h\u0131 bulunmaktad\u0131r. Yeter ki i\u00e7imizdeki umut \u0131\u015f\u0131klar\u0131n\u0131 yand\u0131rmaya ve devaml\u0131 havai fi\u015fekler g\u00f6ky\u00fcz\u00fcn\u00fc nas\u0131l ayd\u0131nlat\u0131yorsa, bizde y\u00fcre\u011fimizde o \u015fekilde<span class=\"excerpt-hellip\"> [\u2026]<\/span><\/p>\n","protected":false},"featured_media":0,"template":"","meta":{"_monsterinsights_skip_tracking":false,"_monsterinsights_sitenote_active":false,"_monsterinsights_sitenote_note":"","_monsterinsights_sitenote_category":0},"product_brand":[],"product_cat":[13365],"product_tag":[],"class_list":{"0":"post-769318","1":"product","2":"type-product","3":"status-publish","5":"product_cat-saglik","6":"pa_cilt-ciltsiz","7":"pa_tur-kitap","8":"pa_yayinevi-zet-yayinlari","9":"pa_yazar-metin-ademir","11":"first","12":"instock","13":"sale","14":"shipping-taxable","15":"purchasable","16":"product-type-simple"},"_links":{"self":[{"href":"https:\/\/roveyayinevi.com.tr\/index.php\/wp-json\/wp\/v2\/product\/769318","targetHints":{"allow":["GET"]}}],"collection":[{"href":"https:\/\/roveyayinevi.com.tr\/index.php\/wp-json\/wp\/v2\/product"}],"about":[{"href":"https:\/\/roveyayinevi.com.tr\/index.php\/wp-json\/wp\/v2\/types\/product"}],"wp:attachment":[{"href":"https:\/\/roveyayinevi.com.tr\/index.php\/wp-json\/wp\/v2\/media?parent=769318"}],"wp:term":[{"taxonomy":"product_brand","embeddable":true,"href":"https:\/\/roveyayinevi.com.tr\/index.php\/wp-json\/wp\/v2\/product_brand?post=769318"},{"taxonomy":"product_cat","embeddable":true,"href":"https:\/\/roveyayinevi.com.tr\/index.php\/wp-json\/wp\/v2\/product_cat?post=769318"},{"taxonomy":"product_tag","embeddable":true,"href":"https:\/\/roveyayinevi.com.tr\/index.php\/wp-json\/wp\/v2\/product_tag?post=769318"}],"curies":[{"name":"wp","href":"https:\/\/api.w.org\/{rel}","templated":true}]}}