{"id":769317,"date":"2025-08-28T13:49:40","date_gmt":"2025-08-28T10:49:40","guid":{"rendered":"https:\/\/roveyayinevi.com.tr\/index.php\/urun\/aveline-jonesun-kaybolusu\/"},"modified":"2026-04-15T03:35:39","modified_gmt":"2026-04-15T00:35:39","slug":"aveline-jonesun-kaybolusu","status":"publish","type":"product","link":"https:\/\/roveyayinevi.com.tr\/index.php\/urun\/aveline-jonesun-kaybolusu\/","title":{"rendered":"Aveline Jones&#8217;un Kaybolu\u015fu"},"content":{"rendered":"<p>Aveline annesi ve teyzesiyle birlikte, kendisinden y\u0131llard\u0131r haber al\u0131namayan day\u0131s\u0131n\u0131n evine gitti\u011finde, day\u0131s\u0131n\u0131n gizemli kaybolu\u015funun ard\u0131ndaki ger\u00e7e\u011fi \u00f6\u011frenmeyi akl\u0131na koyar. Annesiyle teyzesi, Rowan Day\u0131\u2019n\u0131n d\u00f6nece\u011fine dair umutlar\u0131n\u0131 yitirmi\u015f, evini satmaya karar vermi\u015flerdir. Ancak Aveline\u2019le arkada\u015f\u0131 Harold\u2019\u0131n ba\u015fka planlar\u0131 vard\u0131r.Day\u0131s\u0131n\u0131n \u00e7al\u0131\u015fma odas\u0131na gizlice giren Aveline, onun tarihi bir h\u00f6y\u00fc\u011f\u00fcn etraf\u0131ndaki olas\u0131 do\u011fa\u00fcst\u00fc aktiviteyi ara\u015ft\u0131rd\u0131\u011f\u0131n\u0131 ve kaybolu\u015funun h\u00f6y\u00fckle alakal\u0131 olabilece\u011fini ke\u015ffeder. Karanl\u0131k g\u00fc\u00e7ler yine i\u015f ba\u015f\u0131ndad\u0131r ve gizli kalmak i\u00e7in ne gerekiyorsa yapacaklard\u0131r.El fenerlerinizi yak\u0131n ve son maceras\u0131nda siz de Aveline Jones\u2019a kat\u0131l\u0131n!<\/p>\n","protected":false},"excerpt":{"rendered":"<p>Aveline annesi ve teyzesiyle birlikte, kendisinden y\u0131llard\u0131r haber al\u0131namayan day\u0131s\u0131n\u0131n evine gitti\u011finde, day\u0131s\u0131n\u0131n gizemli kaybolu\u015funun ard\u0131ndaki ger\u00e7e\u011fi \u00f6\u011frenmeyi akl\u0131na koyar. Annesiyle teyzesi, Rowan Day\u0131\u2019n\u0131n d\u00f6nece\u011fine dair<span class=\"excerpt-hellip\"> [\u2026]<\/span><\/p>\n","protected":false},"featured_media":0,"template":"","meta":{"_monsterinsights_skip_tracking":false,"_monsterinsights_sitenote_active":false,"_monsterinsights_sitenote_note":"","_monsterinsights_sitenote_category":0},"product_brand":[],"product_cat":[12274,12284],"product_tag":[],"class_list":{"0":"post-769317","1":"product","2":"type-product","3":"status-publish","5":"product_cat-cocuk-ve-genclik-kitaplari","6":"product_cat-hikayeler","7":"pa_cilt-ciltsiz","8":"pa_tur-kitap","9":"pa_yayinevi-can-cocuk-yayinlari","10":"pa_yazar-phil-hickes","12":"first","13":"instock","14":"sale","15":"shipping-taxable","16":"purchasable","17":"product-type-simple"},"_links":{"self":[{"href":"https:\/\/roveyayinevi.com.tr\/index.php\/wp-json\/wp\/v2\/product\/769317","targetHints":{"allow":["GET"]}}],"collection":[{"href":"https:\/\/roveyayinevi.com.tr\/index.php\/wp-json\/wp\/v2\/product"}],"about":[{"href":"https:\/\/roveyayinevi.com.tr\/index.php\/wp-json\/wp\/v2\/types\/product"}],"wp:attachment":[{"href":"https:\/\/roveyayinevi.com.tr\/index.php\/wp-json\/wp\/v2\/media?parent=769317"}],"wp:term":[{"taxonomy":"product_brand","embeddable":true,"href":"https:\/\/roveyayinevi.com.tr\/index.php\/wp-json\/wp\/v2\/product_brand?post=769317"},{"taxonomy":"product_cat","embeddable":true,"href":"https:\/\/roveyayinevi.com.tr\/index.php\/wp-json\/wp\/v2\/product_cat?post=769317"},{"taxonomy":"product_tag","embeddable":true,"href":"https:\/\/roveyayinevi.com.tr\/index.php\/wp-json\/wp\/v2\/product_tag?post=769317"}],"curies":[{"name":"wp","href":"https:\/\/api.w.org\/{rel}","templated":true}]}}