{"id":769315,"date":"2025-08-28T13:49:36","date_gmt":"2025-08-28T10:49:36","guid":{"rendered":"https:\/\/roveyayinevi.com.tr\/index.php\/urun\/cici-kizlar\/"},"modified":"2026-04-15T03:35:39","modified_gmt":"2026-04-15T00:35:39","slug":"cici-kizlar","status":"publish","type":"product","link":"https:\/\/roveyayinevi.com.tr\/index.php\/urun\/cici-kizlar\/","title":{"rendered":"Cici K\u0131zlar"},"content":{"rendered":"<p>ELA, EDA, ESMA   Her insan\u0131n y\u00fcre\u011finde hi\u00e7 susmayan bir ku\u015f vard\u0131r.   Bir sabah pencereme konmu\u015f k\u00fc\u00e7\u00fcc\u00fck bir ku\u015f g\u00f6rd\u00fcm. \u0130pek gibi parlayan t\u00fcyleri g\u00f6kku\u015fa\u011f\u0131n\u0131n t\u00fcm renklerini yans\u0131t\u0131yor, mavi gri g\u00f6zleriyle \u00fcrkek \u00fcrkek camdan i\u00e7eri bak\u0131yordu. Bir anda g\u00f6z g\u00f6ze geldik. \u0130kimizde bak\u0131\u015flar\u0131m\u0131z\u0131 birbirimizden ay\u0131ram\u0131yorduk. Bana bir \u015fey s\u00f6ylemek ister gibiydi. Ne s\u00f6yleyece\u011fini bilmiyordum, ama benim y\u00fcre\u011fimden akan, dilimden d\u00f6k\u00fclen: \u2014 Ho\u015f geldin g\u00fczel ku\u015fum, ne olur gitme penceremde kal, benimle kal. S\u00f6zc\u00fcklerini duydu\u011funda \u00f6nce cik cik \u00f6tt\u00fc, sonra g\u00f6zlerini kapat\u0131p, a\u00e7t\u0131. Sanki s\u00f6ylediklerimi anlam\u0131\u015ft\u0131. Bak\u0131\u015flar\u0131yla konu\u015fuyordu \u2018seninle kalaca\u011f\u0131m, y\u00fcre\u011finde sakla beni\u2019, diyordu. \u00c7ok sevinmi\u015ftim. Onu i\u00e7imde saklayacakt\u0131m ve sevimli ku\u015f hep benimle olacak, kalbimiz birlikte atacakt\u0131. Ona inan\u0131yordum. Anla\u015fm\u0131\u015ft\u0131k. \u2018Bekle beni, seni karde\u015fimle tan\u0131\u015ft\u0131ray\u0131m\u2019 dedim ve karde\u015fim Alp\u2019i \u00e7a\u011f\u0131rmaya gittim. D\u00f6nd\u00fc\u011f\u00fcmde k\u00fc\u00e7\u00fck ku\u015f yoktu, u\u00e7up gitmi\u015fti. Ama anlam\u0131\u015ft\u0131m o benim y\u00fcre\u011fime girmi\u015fti. O g\u00fcnden sonra kalbimde ya\u015fayan, k\u00fc\u00e7\u00fck y\u00fcre\u011finin t\u0131p t\u0131p at\u0131\u015f\u0131yla i\u00e7imde hi\u00e7 susmayan, bu minik ku\u015fun sesine kulak veriyor ve ona sonsuz g\u00fcveniyorum. <\/p>\n","protected":false},"excerpt":{"rendered":"<p>ELA, EDA, ESMA Her insan\u0131n y\u00fcre\u011finde hi\u00e7 susmayan bir ku\u015f vard\u0131r. Bir sabah pencereme konmu\u015f k\u00fc\u00e7\u00fcc\u00fck bir ku\u015f g\u00f6rd\u00fcm. \u0130pek gibi parlayan t\u00fcyleri g\u00f6kku\u015fa\u011f\u0131n\u0131n t\u00fcm renklerini<span class=\"excerpt-hellip\"> [\u2026]<\/span><\/p>\n","protected":false},"featured_media":0,"template":"","meta":{"_monsterinsights_skip_tracking":false,"_monsterinsights_sitenote_active":false,"_monsterinsights_sitenote_note":"","_monsterinsights_sitenote_category":0},"product_brand":[],"product_cat":[12291,18202],"product_tag":[],"class_list":{"0":"post-769315","1":"product","2":"type-product","3":"status-publish","5":"product_cat-edebiyat","6":"product_cat-hikaye","7":"pa_cilt-ciltsiz","8":"pa_tur-kitap","9":"pa_yayinevi-zet-yayinlari","10":"pa_yazar-nefise-eken","12":"first","13":"instock","14":"sale","15":"shipping-taxable","16":"purchasable","17":"product-type-simple"},"_links":{"self":[{"href":"https:\/\/roveyayinevi.com.tr\/index.php\/wp-json\/wp\/v2\/product\/769315","targetHints":{"allow":["GET"]}}],"collection":[{"href":"https:\/\/roveyayinevi.com.tr\/index.php\/wp-json\/wp\/v2\/product"}],"about":[{"href":"https:\/\/roveyayinevi.com.tr\/index.php\/wp-json\/wp\/v2\/types\/product"}],"wp:attachment":[{"href":"https:\/\/roveyayinevi.com.tr\/index.php\/wp-json\/wp\/v2\/media?parent=769315"}],"wp:term":[{"taxonomy":"product_brand","embeddable":true,"href":"https:\/\/roveyayinevi.com.tr\/index.php\/wp-json\/wp\/v2\/product_brand?post=769315"},{"taxonomy":"product_cat","embeddable":true,"href":"https:\/\/roveyayinevi.com.tr\/index.php\/wp-json\/wp\/v2\/product_cat?post=769315"},{"taxonomy":"product_tag","embeddable":true,"href":"https:\/\/roveyayinevi.com.tr\/index.php\/wp-json\/wp\/v2\/product_tag?post=769315"}],"curies":[{"name":"wp","href":"https:\/\/api.w.org\/{rel}","templated":true}]}}