{"id":769314,"date":"2025-08-28T13:49:33","date_gmt":"2025-08-28T10:49:33","guid":{"rendered":"https:\/\/roveyayinevi.com.tr\/index.php\/urun\/kolay-lokma\/"},"modified":"2026-04-15T03:35:39","modified_gmt":"2026-04-15T00:35:39","slug":"kolay-lokma","status":"publish","type":"product","link":"https:\/\/roveyayinevi.com.tr\/index.php\/urun\/kolay-lokma\/","title":{"rendered":"Kolay Lokma"},"content":{"rendered":"<p>Eski realite TV y\u0131ld\u0131z\u0131 ve \u201cIron Man\u201d yar\u0131\u015fmac\u0131s\u0131 Caleb Jenkins\u2019in dana le\u015flerini keserek ge\u00e7irdi\u011fi uzun bir g\u00fcn daha vard\u0131. Ge\u00e7en y\u0131l ebeveynlerinin hal\u0131 i\u015fi iflas etti\u011finde d\u00fcnyas\u0131 ba\u015f\u0131na y\u0131k\u0131ld\u0131, bu da mali krizin ba\u015fka bir kayb\u0131yd\u0131. \u015eimdi bir yandan ipotek \u00f6deyerek ebeveyninin ba\u015f\u0131n\u0131 sokacak bir \u00e7at\u0131 kat\u0131n\u0131n kiras\u0131n\u0131 \u00f6derken bir yandan da komplo teorisyeni karde\u015finin ruh sa\u011fl\u0131\u011f\u0131n\u0131 idare etmeye \u00e7al\u0131\u015f\u0131yor. Caleb&#8217;in \u201ckarma\u015f\u0131k&#8221; ki\u015fisel hayat\u0131, art\u0131k y\u00fckselmesi imk\u00e2ns\u0131z kredi puan\u0131yla birlikte \u00e7\u00f6kt\u00fc ve dikiz aynas\u0131ndan her g\u00f6r\u00fc\u015ften politikac\u0131, ona ger\u00e7ek bir de\u011fi\u015fim vaat ediyor. Caleb art\u0131k s\u0131n\u0131rda&#8230;   Kolay Lokma; gen\u00e7 bir adama, \u00f6nemli kararlar\u0131n e\u015fi\u011findeki bir \u00fclkeye k\u0131sa bir bak\u0131\u015f sunuyor.               \u201c\u00dclkenin nabz\u0131n\u0131 tutarken sessizlerin sesini duyuran, modern Galler&#8217;deki g\u00fcnl\u00fck ya\u015fam\u0131n \u00e7eli\u015fkilerini ifade etmekten bir an bile \u00e7ekinmeyen, tek oturu\u015fta bitirece\u011finiz bir kitap.\u201d                                                                                              Dylan Moore, The National   \u201cKolay Lokma; her se\u00e7imi kim oldu\u011funu belirleyen, \u00e7eli\u015fkili benli\u011fi ve deneyimleriyle \u015fekillenen, karma\u015f\u0131k ama \u00e7ok y\u00f6nl\u00fc insanlar\u0131 incelikle tasvir ediyor.&#8221;                                                                                              Polly Winn, Galler G\u00fcndemi   \u201cRachel Trezise&#8217;nin son roman\u0131 Kolay Lokma; yazar\u0131n Rhondda Cynon Taf \u00e7iftli\u011finde topluluk duygusunu somutla\u015ft\u0131ran benzersiz sesiyle cesur bir anlat\u0131.&#8221;                                                                                     Billie Ingram Sofokleous, Buzz Mag   \u201cKolay Lokma, Brexit oylamas\u0131n\u0131n ikilemleri ve \u00e7eli\u015fkileri aras\u0131nda ge\u00e7en, hassasiyetle g\u00f6zlemlenen bir hik\u00e2ye.&#8221;                                                                                   Sarah Morgan Jones, Nation.Cymru   \u201cKolay Lokma, Brexit&#8217;in sadece teknik bir terim, komplo teorilerininse yayg\u0131n oldu\u011fu ve Caleb&#8217;in umutsuzca hayat\u0131n\u0131 yeniden yoluna sokmaya \u00e7al\u0131\u015ft\u0131\u011f\u0131 bir d\u00f6n\u00fcm noktas\u0131nda ge\u00e7en bir roman.&#8221;                                                                             Martha O&#8217;Brien, Galler Sanat \u0130ncelemesi   \u201cTrezise; hayat\u0131n basit par\u00e7alar\u0131n\u0131, ger\u00e7ek ve hayat dolu hissettiren bir \u015feye d\u00f6n\u00fc\u015ft\u00fcr\u00fcyor.&#8221;                                                                                                                      The Digital Fix <\/p>\n","protected":false},"excerpt":{"rendered":"<p>Eski realite TV y\u0131ld\u0131z\u0131 ve \u201cIron Man\u201d yar\u0131\u015fmac\u0131s\u0131 Caleb Jenkins\u2019in dana le\u015flerini keserek ge\u00e7irdi\u011fi uzun bir g\u00fcn daha vard\u0131. Ge\u00e7en y\u0131l ebeveynlerinin hal\u0131 i\u015fi iflas etti\u011finde<span class=\"excerpt-hellip\"> [\u2026]<\/span><\/p>\n","protected":false},"featured_media":0,"template":"","meta":{"_monsterinsights_skip_tracking":false,"_monsterinsights_sitenote_active":false,"_monsterinsights_sitenote_note":"","_monsterinsights_sitenote_category":0},"product_brand":[],"product_cat":[12291,12711],"product_tag":[],"class_list":{"0":"post-769314","1":"product","2":"type-product","3":"status-publish","5":"product_cat-edebiyat","6":"product_cat-roman-oyku","7":"pa_cilt-ciltsiz","8":"pa_tur-kitap","9":"pa_yayinevi-ayrikotu-yayinlari","10":"pa_yazar-rachel-trezise","12":"first","13":"instock","14":"sale","15":"shipping-taxable","16":"purchasable","17":"product-type-simple"},"_links":{"self":[{"href":"https:\/\/roveyayinevi.com.tr\/index.php\/wp-json\/wp\/v2\/product\/769314","targetHints":{"allow":["GET"]}}],"collection":[{"href":"https:\/\/roveyayinevi.com.tr\/index.php\/wp-json\/wp\/v2\/product"}],"about":[{"href":"https:\/\/roveyayinevi.com.tr\/index.php\/wp-json\/wp\/v2\/types\/product"}],"wp:attachment":[{"href":"https:\/\/roveyayinevi.com.tr\/index.php\/wp-json\/wp\/v2\/media?parent=769314"}],"wp:term":[{"taxonomy":"product_brand","embeddable":true,"href":"https:\/\/roveyayinevi.com.tr\/index.php\/wp-json\/wp\/v2\/product_brand?post=769314"},{"taxonomy":"product_cat","embeddable":true,"href":"https:\/\/roveyayinevi.com.tr\/index.php\/wp-json\/wp\/v2\/product_cat?post=769314"},{"taxonomy":"product_tag","embeddable":true,"href":"https:\/\/roveyayinevi.com.tr\/index.php\/wp-json\/wp\/v2\/product_tag?post=769314"}],"curies":[{"name":"wp","href":"https:\/\/api.w.org\/{rel}","templated":true}]}}