{"id":769313,"date":"2025-08-28T13:49:31","date_gmt":"2025-08-28T10:49:31","guid":{"rendered":"https:\/\/roveyayinevi.com.tr\/index.php\/urun\/insanlar-arasinda-bir-aslan\/"},"modified":"2026-04-15T03:35:39","modified_gmt":"2026-04-15T00:35:39","slug":"insanlar-arasinda-bir-aslan","status":"publish","type":"product","link":"https:\/\/roveyayinevi.com.tr\/index.php\/urun\/insanlar-arasinda-bir-aslan\/","title":{"rendered":"\u0130nsanlar Aras\u0131nda Bir Aslan"},"content":{"rendered":"<p>Lanetli Y\u0131llar\u2019\u0131n \u00fc\u00e7\u00fcnc\u00fc kitab\u0131nda, Elphaba\u2019n\u0131n hen\u00fcz bir yavruyken kurtar\u0131p ormana b\u0131rakt\u0131\u011f\u0131 Korkak Aslan \u00f6ne \u00e7\u0131k\u0131yor. B\u00fcy\u00fcy\u00fcp insanlar\u0131n aras\u0131na geri d\u00f6nd\u00fc\u011f\u00fcnde, s\u00fcrekli yanl\u0131\u015f yerde yanl\u0131\u015f zamanda bulunmas\u0131, s\u00f6ylememesi gereken \u015feyleri s\u00f6ylemesi Aslan\u2019\u0131n ba\u015f\u0131na dertler a\u00e7ar. \u0130\u00e7 sava\u015f Oz\u2019u tehdit ederken Aslan karar\u0131n\u0131 vermelidir: Ya \u0130mparator Shell ad\u0131na bir g\u00f6revi kabul edecek ya da Merdivenalt\u0131 Hapishanesinde \u00e7\u00fcr\u00fcyecektir. G\u00f6revi kabul eden Aslan, Cad\u0131\u2019n\u0131n o\u011flu Liir\u2019in, Ser\u00e7e\u2019nin ve b\u00fcy\u00fcl\u00fc kitap Grimmerie\u2019nin pe\u015fine d\u00fc\u015fer. \u0130\u015faretlerin t\u00fcm\u00fc ise \u00f6lmeye yatm\u0131\u015f bir kad\u0131n\u0131, k\u00f6r k\u00e2hin \u00c7akle\u2019yi g\u00f6stermektedir. \u201cTad\u0131na var\u0131lacak, g\u00fcl\u00fcnecek ve \u00fczerine d\u00fc\u015f\u00fcn\u00fclecek \u00e7ok\u00e7a \u015fey var. S\u00fcr\u00fckleyici bir fantazya ve yerinde bir politik alegori.\u201d \u2013USA Today \u201cYazar nispeten ciddi varolu\u015fsal temalar\u0131 \u2013benlik aray\u0131\u015f\u0131, inan\u00e7, g\u00fcnahlardan ar\u0131nmay\u0131\u2013 karanl\u0131k, b\u00fcy\u00fcleyici bir destanla harmanl\u0131yor.\u201d \u2013Publishers Weekly<\/p>\n","protected":false},"excerpt":{"rendered":"<p>Lanetli Y\u0131llar\u2019\u0131n \u00fc\u00e7\u00fcnc\u00fc kitab\u0131nda, Elphaba\u2019n\u0131n hen\u00fcz bir yavruyken kurtar\u0131p ormana b\u0131rakt\u0131\u011f\u0131 Korkak Aslan \u00f6ne \u00e7\u0131k\u0131yor. B\u00fcy\u00fcy\u00fcp insanlar\u0131n aras\u0131na geri d\u00f6nd\u00fc\u011f\u00fcnde, s\u00fcrekli yanl\u0131\u015f yerde yanl\u0131\u015f zamanda bulunmas\u0131,<span class=\"excerpt-hellip\"> [\u2026]<\/span><\/p>\n","protected":false},"featured_media":0,"template":"","meta":{"_monsterinsights_skip_tracking":false,"_monsterinsights_sitenote_active":false,"_monsterinsights_sitenote_note":"","_monsterinsights_sitenote_category":0},"product_brand":[],"product_cat":[12291,12711],"product_tag":[],"class_list":{"0":"post-769313","1":"product","2":"type-product","3":"status-publish","5":"product_cat-edebiyat","6":"product_cat-roman-oyku","7":"pa_cilt-ciltsiz","8":"pa_tur-kitap","9":"pa_yayinevi-alfa-yayinlari","10":"pa_yazar-gregory-maguire","12":"first","13":"instock","14":"sale","15":"shipping-taxable","16":"purchasable","17":"product-type-simple"},"_links":{"self":[{"href":"https:\/\/roveyayinevi.com.tr\/index.php\/wp-json\/wp\/v2\/product\/769313","targetHints":{"allow":["GET"]}}],"collection":[{"href":"https:\/\/roveyayinevi.com.tr\/index.php\/wp-json\/wp\/v2\/product"}],"about":[{"href":"https:\/\/roveyayinevi.com.tr\/index.php\/wp-json\/wp\/v2\/types\/product"}],"wp:attachment":[{"href":"https:\/\/roveyayinevi.com.tr\/index.php\/wp-json\/wp\/v2\/media?parent=769313"}],"wp:term":[{"taxonomy":"product_brand","embeddable":true,"href":"https:\/\/roveyayinevi.com.tr\/index.php\/wp-json\/wp\/v2\/product_brand?post=769313"},{"taxonomy":"product_cat","embeddable":true,"href":"https:\/\/roveyayinevi.com.tr\/index.php\/wp-json\/wp\/v2\/product_cat?post=769313"},{"taxonomy":"product_tag","embeddable":true,"href":"https:\/\/roveyayinevi.com.tr\/index.php\/wp-json\/wp\/v2\/product_tag?post=769313"}],"curies":[{"name":"wp","href":"https:\/\/api.w.org\/{rel}","templated":true}]}}