{"id":769311,"date":"2025-08-28T13:49:27","date_gmt":"2025-08-28T10:49:27","guid":{"rendered":"https:\/\/roveyayinevi.com.tr\/index.php\/urun\/metabolizma-katili\/"},"modified":"2026-04-15T03:35:39","modified_gmt":"2026-04-15T00:35:39","slug":"metabolizma-katili","status":"publish","type":"product","link":"https:\/\/roveyayinevi.com.tr\/index.php\/urun\/metabolizma-katili\/","title":{"rendered":"Metabolizma Katili"},"content":{"rendered":"<p>New York Times \u00e7oksatan yazar\u0131 Robert H. Lustig, tu\u0308m kronik hastal\u0131klar\u0131n alt\u0131nda yatan sekiz patolojiyi a\u00e7\u0131klarken i\u015flenmi\u015f g\u0131dalar\u0131n son elli y\u0131lda sa\u011fl\u0131\u011f\u0131m\u0131z\u0131, ekonomimizi ve \u00e7evremizi nas\u0131l mahvetti\u011fini belgeliyor. Sa\u011fl\u0131k durumumuz neden k\u00f6tu\u0308le\u015fti, ABD ba\u015fta olmak u\u0308zere tu\u0308m du\u0308nyada sa\u011fl\u0131k sistemleri neden bozuldu ve iklimimiz neden harap oldu? Sorunun ne oldu\u011funu bilmiyorsan\u0131z, sorunu \u00e7\u00f6zemezsiniz; t\u0131pk\u0131 taba\u011f\u0131n\u0131zdakileri iyile\u015ftirmezseniz, kronik hastal\u0131klara ve \u00f6lu\u0308me mahk\u00fbm olmaya devam edece\u011finiz gibi.    Lustig\u2019in bir ileti\u015fimci olarak e\u015fsiz yeteneklerinden biri bu sorular u\u0308zerine \u201cg\u0131dan\u0131n ger\u00e7ek hik\u00e2yesini\u201d ve \u201cger\u00e7ek g\u0131dan\u0131n hik\u00e2yesini\u201d anlat\u0131rken, argu\u0308manlar\u0131n\u0131n arkas\u0131ndaki bilimsel verileri ve kavramlar\u0131 ortaya \u00e7\u0131karmak ad\u0131na \u201cnoktalar\u0131 birle\u015ftirme\u201d yetene\u011fi. Metabolizma Katili, sa\u011fl\u0131\u011f\u0131m\u0131z\u0131 iyile\u015ftirmek i\u00e7in biyokimyasal de\u011fi\u015fime etki edecek tek arac\u0131n g\u0131da oldu\u011funu savunuyor ve ne yememiz gerekti\u011fini iki temel kritere dayand\u0131rarak a\u00e7\u0131kl\u0131yor: Karaci\u011feri koru ve ba\u011f\u0131rsa\u011f\u0131 besle. Lustig\u2019in \u201cbilimin \u2018avc\u0131lar\u2019 ve \u2018toplay\u0131c\u0131lar\u2019 taraf\u0131ndan gasp edilmesine son verme giri\u015fimi\u201d olarak adland\u0131rd\u0131\u011f\u0131 bu \u00e7al\u0131\u015fma hem bizi hem de gezegeni iyile\u015ftirmek i\u00e7in kaleme al\u0131nm\u0131\u015f bir manifesto.<\/p>\n","protected":false},"excerpt":{"rendered":"<p>New York Times \u00e7oksatan yazar\u0131 Robert H. Lustig, tu\u0308m kronik hastal\u0131klar\u0131n alt\u0131nda yatan sekiz patolojiyi a\u00e7\u0131klarken i\u015flenmi\u015f g\u0131dalar\u0131n son elli y\u0131lda sa\u011fl\u0131\u011f\u0131m\u0131z\u0131, ekonomimizi ve \u00e7evremizi nas\u0131l<span class=\"excerpt-hellip\"> [\u2026]<\/span><\/p>\n","protected":false},"featured_media":0,"template":"","meta":{"_monsterinsights_skip_tracking":false,"_monsterinsights_sitenote_active":false,"_monsterinsights_sitenote_note":"","_monsterinsights_sitenote_category":0},"product_brand":[],"product_cat":[13402,13365],"product_tag":[],"class_list":{"0":"post-769311","1":"product","2":"type-product","3":"status-publish","5":"product_cat-beslenme-ve-diyet","6":"product_cat-saglik","7":"pa_cilt-ciltsiz","8":"pa_tur-kitap","9":"pa_yayinevi-nova-kitap","10":"pa_yazar-robert-h-lustig","12":"first","13":"instock","14":"sale","15":"shipping-taxable","16":"purchasable","17":"product-type-simple"},"_links":{"self":[{"href":"https:\/\/roveyayinevi.com.tr\/index.php\/wp-json\/wp\/v2\/product\/769311","targetHints":{"allow":["GET"]}}],"collection":[{"href":"https:\/\/roveyayinevi.com.tr\/index.php\/wp-json\/wp\/v2\/product"}],"about":[{"href":"https:\/\/roveyayinevi.com.tr\/index.php\/wp-json\/wp\/v2\/types\/product"}],"wp:attachment":[{"href":"https:\/\/roveyayinevi.com.tr\/index.php\/wp-json\/wp\/v2\/media?parent=769311"}],"wp:term":[{"taxonomy":"product_brand","embeddable":true,"href":"https:\/\/roveyayinevi.com.tr\/index.php\/wp-json\/wp\/v2\/product_brand?post=769311"},{"taxonomy":"product_cat","embeddable":true,"href":"https:\/\/roveyayinevi.com.tr\/index.php\/wp-json\/wp\/v2\/product_cat?post=769311"},{"taxonomy":"product_tag","embeddable":true,"href":"https:\/\/roveyayinevi.com.tr\/index.php\/wp-json\/wp\/v2\/product_tag?post=769311"}],"curies":[{"name":"wp","href":"https:\/\/api.w.org\/{rel}","templated":true}]}}