{"id":769307,"date":"2025-08-28T13:49:18","date_gmt":"2025-08-28T10:49:18","guid":{"rendered":"https:\/\/roveyayinevi.com.tr\/index.php\/urun\/kadin-maskeleri\/"},"modified":"2026-04-15T03:35:39","modified_gmt":"2026-04-15T00:35:39","slug":"kadin-maskeleri","status":"publish","type":"product","link":"https:\/\/roveyayinevi.com.tr\/index.php\/urun\/kadin-maskeleri\/","title":{"rendered":"Kad\u0131n Maskeleri"},"content":{"rendered":"<p>\u00dclkesindeki Noma, Tanizaki ve Kad\u0131n edebiyat \u00f6d\u00fcllerini birka\u00e7 kere kazanm\u0131\u015f, modern Japon edebiyat\u0131n\u0131n en \u00f6nemli kad\u0131nlar\u0131ndan Fumiko En\u00e7i, dilimize ilk defa \u00e7evrilen Kad\u0131n Maskeleri adl\u0131 yap\u0131t\u0131nda, kadim Japon tiyatrosu Noh\u2019ta kullan\u0131lan \u00fc\u00e7 kad\u0131n maskesinden hareketle, edebi zevki \u00e7ok y\u00fcksek bir entrika ve a\u015fk roman\u0131 kurguluyor.Kocas\u0131 Aiko \u00f6ld\u00fckten sonra Togano ailesinin bir ferdi olarak kalmaya ve kay\u0131nvalidesi Mieko\u2019nun sekreterli\u011fini yapmaya devam eden g\u00fczel Yasuko, edebiyat \u00e7evresindeki entelekt\u00fcel erkeklerin pe\u015fine d\u00fc\u015ft\u00fc\u011f\u00fc bir duldur. Ailenin sahip oldu\u011fu de\u011ferli Noh maskeleri kadar Mieko Han\u0131m\u2019\u0131n gen\u00e7li\u011finde kaleme ald\u0131\u011f\u0131 ama sakl\u0131 kalm\u0131\u015f edebiyat incelemeleri de ayn\u0131 \u00e7evrelerde dikkat \u00e7ekmektedir. Ayr\u0131ca bir da\u011f kazas\u0131nda kaybolan Aiko\u2019nun k\u0131z karde\u015fi gizemli Harume de duru g\u00fczelli\u011fi ve garip tav\u0131rlar\u0131yla Togano ailesinin dillere destan cazibesini tamamlamaktad\u0131r. Bunca de\u011ferli tutku nesnesinin aras\u0131nda Mieko Han\u0131m t\u00fcm yeteneklerini kullanarak t\u00fcyler \u00fcrpertici entrikalar zinciriyle gizli emellerine ula\u015fmaya \u00e7al\u0131\u015facakt\u0131r.D\u00f6nemin yo\u011fun eril ve modernist g\u00f6r\u00fc\u015flerinin aras\u0131nda, kad\u0131nlar\u0131n yak\u0131n zamana kadar tekinsiz g\u00f6r\u00fclen \u015famanik g\u00fc\u00e7lerini ve ruhg\u00f6\u00e7\u00fcn\u00fc y\u00fccelten, edebiyat\u0131n k\u00f6klerinden \u00e7\u0131kard\u0131\u011f\u0131 mitlerle \u00e7arp\u0131c\u0131 bir \u00e7a\u011fda\u015f anlat\u0131 \u00f6ren En\u00e7i\u2019den, d\u00fcnyan\u0131n ilk roman\u0131 olarak kabul edilen Genji\u2019nin Hik\u00e2yesi\u2019ni de yans\u0131layan e\u015fsiz bir yap\u0131t.\u201cEzoterik bir ba\u015fyap\u0131t.\u201d \u2013YUK\u0130O M\u0130\u015e\u0130MA\u201c[En\u00e7i\u2019nin] Noh oyunlar\u0131n\u0131n maskelerine ve Genji\u2019nin Hik\u00e2yesi\u2019ne g\u00f6ndermeleri, kadim ve yak\u0131n ge\u00e7mi\u015fle \u015fimdinin kademelenip i\u00e7 i\u00e7e ge\u00e7mesi i\u00e7in kulland\u0131\u011f\u0131 o harikulade y\u00f6ntem, tedirgin edici ve olduk\u00e7a g\u00fc\u00e7l\u00fc. Kurgusal bir b\u00fcy\u00fclenme.\u201d \u2013PUBLISHERS WEEKLY<\/p>\n","protected":false},"excerpt":{"rendered":"<p>\u00dclkesindeki Noma, Tanizaki ve Kad\u0131n edebiyat \u00f6d\u00fcllerini birka\u00e7 kere kazanm\u0131\u015f, modern Japon edebiyat\u0131n\u0131n en \u00f6nemli kad\u0131nlar\u0131ndan Fumiko En\u00e7i, dilimize ilk defa \u00e7evrilen Kad\u0131n Maskeleri adl\u0131 yap\u0131t\u0131nda,<span class=\"excerpt-hellip\"> [\u2026]<\/span><\/p>\n","protected":false},"featured_media":0,"template":"","meta":{"_monsterinsights_skip_tracking":false,"_monsterinsights_sitenote_active":false,"_monsterinsights_sitenote_note":"","_monsterinsights_sitenote_category":0},"product_brand":[],"product_cat":[12291,12711],"product_tag":[],"class_list":{"0":"post-769307","1":"product","2":"type-product","3":"status-publish","5":"product_cat-edebiyat","6":"product_cat-roman-oyku","7":"pa_cilt-ciltsiz","8":"pa_tur-kitap","9":"pa_yayinevi-ithaki-yayinlari","10":"pa_yazar-fumiko-enci","12":"first","13":"instock","14":"sale","15":"shipping-taxable","16":"purchasable","17":"product-type-simple"},"_links":{"self":[{"href":"https:\/\/roveyayinevi.com.tr\/index.php\/wp-json\/wp\/v2\/product\/769307","targetHints":{"allow":["GET"]}}],"collection":[{"href":"https:\/\/roveyayinevi.com.tr\/index.php\/wp-json\/wp\/v2\/product"}],"about":[{"href":"https:\/\/roveyayinevi.com.tr\/index.php\/wp-json\/wp\/v2\/types\/product"}],"wp:attachment":[{"href":"https:\/\/roveyayinevi.com.tr\/index.php\/wp-json\/wp\/v2\/media?parent=769307"}],"wp:term":[{"taxonomy":"product_brand","embeddable":true,"href":"https:\/\/roveyayinevi.com.tr\/index.php\/wp-json\/wp\/v2\/product_brand?post=769307"},{"taxonomy":"product_cat","embeddable":true,"href":"https:\/\/roveyayinevi.com.tr\/index.php\/wp-json\/wp\/v2\/product_cat?post=769307"},{"taxonomy":"product_tag","embeddable":true,"href":"https:\/\/roveyayinevi.com.tr\/index.php\/wp-json\/wp\/v2\/product_tag?post=769307"}],"curies":[{"name":"wp","href":"https:\/\/api.w.org\/{rel}","templated":true}]}}