{"id":769306,"date":"2025-08-28T13:49:16","date_gmt":"2025-08-28T10:49:16","guid":{"rendered":"https:\/\/roveyayinevi.com.tr\/index.php\/urun\/karanlik-buyuk-hikayeler\/"},"modified":"2026-04-15T03:35:39","modified_gmt":"2026-04-15T00:35:39","slug":"karanlik-buyuk-hikayeler","status":"publish","type":"product","link":"https:\/\/roveyayinevi.com.tr\/index.php\/urun\/karanlik-buyuk-hikayeler\/","title":{"rendered":"Karanl\u0131k  B\u00fcy\u00fck  Hikayeler"},"content":{"rendered":"<p>\u0130ki y\u00fczy\u0131l\u0131 a\u015fk\u0131n bir s\u00fcredir hi\u00e7bir krali\u00e7e, Marie Antoinette\u2019in uyand\u0131rd\u0131\u011f\u0131 ilgiyle kar\u015f\u0131la\u015ft\u0131r\u0131labilecek bir ilgi uyand\u0131rmad\u0131. Peki Fransa\u2019n\u0131n son krali\u00e7esi ger\u00e7ekte kimdi? Havai, g\u00f6revinin gere\u011fini yerine getiremeyen, inat\u00e7\u0131 ama ayn\u0131 zamanda duyarl\u0131, c\u00f6mert ve \u00f6zg\u00fcrl\u00fc\u011f\u00fcne d\u00fc\u015fk\u00fcn\u2026 Belki de her \u015feyden  daha fazla onun kaderini belirleyen \u015fey, do\u011fdu\u011fu andan \u00f6l\u00fcm\u00fcne kadar ona dayat\u0131lan rolleri oynamak zorunda kalmas\u0131yd\u0131. Ne t\u00fcr bir krali\u00e7e ya da nas\u0131l bir insan olmak  istedi\u011fini anlayacak zaman\u0131 hi\u00e7 olmam\u0131\u015ft\u0131\u2026 TAR\u0130H\u0130N SAYFALARI OKUL K\u0130TAPLARININ ANLATTIKLARINDAN KES\u0130NL\u0130KLE DAHA KARANLIKTIR.<\/p>\n","protected":false},"excerpt":{"rendered":"<p>\u0130ki y\u00fczy\u0131l\u0131 a\u015fk\u0131n bir s\u00fcredir hi\u00e7bir krali\u00e7e, Marie Antoinette\u2019in uyand\u0131rd\u0131\u011f\u0131 ilgiyle kar\u015f\u0131la\u015ft\u0131r\u0131labilecek bir ilgi uyand\u0131rmad\u0131. Peki Fransa\u2019n\u0131n son krali\u00e7esi ger\u00e7ekte kimdi? Havai, g\u00f6revinin gere\u011fini yerine getiremeyen,<span class=\"excerpt-hellip\"> [\u2026]<\/span><\/p>\n","protected":false},"featured_media":0,"template":"","meta":{"_monsterinsights_skip_tracking":false,"_monsterinsights_sitenote_active":false,"_monsterinsights_sitenote_note":"","_monsterinsights_sitenote_category":0},"product_brand":[],"product_cat":[12291,12711],"product_tag":[],"class_list":{"0":"post-769306","1":"product","2":"type-product","3":"status-publish","5":"product_cat-edebiyat","6":"product_cat-roman-oyku","7":"pa_cilt-ciltsiz","8":"pa_tur-kitap","9":"pa_yayinevi-artemis-yayinlari","10":"pa_yazar-marie-antoinette","12":"first","13":"instock","14":"sale","15":"shipping-taxable","16":"purchasable","17":"product-type-simple"},"_links":{"self":[{"href":"https:\/\/roveyayinevi.com.tr\/index.php\/wp-json\/wp\/v2\/product\/769306","targetHints":{"allow":["GET"]}}],"collection":[{"href":"https:\/\/roveyayinevi.com.tr\/index.php\/wp-json\/wp\/v2\/product"}],"about":[{"href":"https:\/\/roveyayinevi.com.tr\/index.php\/wp-json\/wp\/v2\/types\/product"}],"wp:attachment":[{"href":"https:\/\/roveyayinevi.com.tr\/index.php\/wp-json\/wp\/v2\/media?parent=769306"}],"wp:term":[{"taxonomy":"product_brand","embeddable":true,"href":"https:\/\/roveyayinevi.com.tr\/index.php\/wp-json\/wp\/v2\/product_brand?post=769306"},{"taxonomy":"product_cat","embeddable":true,"href":"https:\/\/roveyayinevi.com.tr\/index.php\/wp-json\/wp\/v2\/product_cat?post=769306"},{"taxonomy":"product_tag","embeddable":true,"href":"https:\/\/roveyayinevi.com.tr\/index.php\/wp-json\/wp\/v2\/product_tag?post=769306"}],"curies":[{"name":"wp","href":"https:\/\/api.w.org\/{rel}","templated":true}]}}