{"id":769305,"date":"2025-08-28T13:49:13","date_gmt":"2025-08-28T10:49:13","guid":{"rendered":"https:\/\/roveyayinevi.com.tr\/index.php\/urun\/hayallerin-otesine-gecen-kadinlar\/"},"modified":"2026-04-15T03:35:39","modified_gmt":"2026-04-15T00:35:39","slug":"hayallerin-otesine-gecen-kadinlar","status":"publish","type":"product","link":"https:\/\/roveyayinevi.com.tr\/index.php\/urun\/hayallerin-otesine-gecen-kadinlar\/","title":{"rendered":"Hayallerin \u00d6tesine Ge\u00e7en Kad\u0131nlar"},"content":{"rendered":"<p>Bu kitap, farkl\u0131 k\u00f6ylerde ve mahallelerde do\u011fup b\u00fcy\u00fcyen kad\u0131nlar\u0131n, hayalleriyle de\u011fi\u015fen hayatlar\u0131n\u0131 anlat\u0131yor. Her biri kendi m\u00fccadelesiyle hayata tutunan bu kad\u0131nlar, s\u0131radan g\u00f6r\u00fcnen d\u00fcnyalar\u0131n\u0131 ola\u011fan\u00fcst\u00fc bir cesaretle yeniden in\u015fa ediyor. Zehra, Akkent Mahallesi\u2019nde hurdal\u0131klardan toplad\u0131\u011f\u0131 par\u00e7alarla hayal kurmaya ba\u015flad\u0131. O hayaller, bir g\u00fcn dijital bir merkeze d\u00f6n\u00fc\u015ferek kad\u0131nlar\u0131 teknolojiyle tan\u0131\u015ft\u0131rd\u0131 ve bir k\u00f6yden ba\u015flayan hikayeyi d\u00fcnya \u00e7ap\u0131nda bir ba\u015far\u0131ya ta\u015f\u0131d\u0131. Yasemin, memleketinin bereketli topraklar\u0131na inatla tutundu. Zor g\u00fcnlerde bile, bir k\u00f6y\u00fcn kad\u0131nlar\u0131n\u0131 bir araya getirip kendi elleriyle tar\u0131m\u0131 ve dayan\u0131\u015fmay\u0131 ye\u015fertti. Topra\u011fa ekti\u011fi sadece \u00fcr\u00fcnler de\u011fil, kad\u0131nlar\u0131n yeniden filizlenen umuduydu. Zelal, depremin y\u0131kt\u0131\u011f\u0131 bir k\u00f6yde bir badem dal\u0131na sar\u0131ld\u0131. O dal, kad\u0131nlar\u0131n hayata yeniden tutunma hikayesinin sembol\u00fc oldu. Kooperatif \u00e7at\u0131s\u0131 alt\u0131nda bir araya gelen kad\u0131nlar, k\u00fcllerden do\u011fan bir gelece\u011fi birlikte in\u015fa etti. Her biri, s\u0131radan bir ya\u015fam\u0131n s\u0131n\u0131rlar\u0131n\u0131 a\u015farak ilham verici birer kahramana d\u00f6n\u00fc\u015ft\u00fc. Bu hikayeler, hayata dair cesur bir s\u00f6z s\u00f6yl\u00fcyor: &#8220;Kad\u0131nlar\u0131n elleriyle \u015fekillenen hayaller, sadece ya\u015famlar\u0131 de\u011fil, d\u00fcnyay\u0131 da g\u00fczelle\u015ftirir.&#8221; Topra\u011f\u0131n kokusundan dijital d\u00fcnyalara uzanan bu yolculuklar, sadece kad\u0131nlara de\u011fil, hayal kurmay\u0131 unutan herkese sesleniyor. Sayfalar aras\u0131nda kaybolurken, onlar\u0131n cesaretiyle g\u00fc\u00e7 bulacak ve her birinin hikayesinde kendi umudunuzu g\u00f6receksiniz. <\/p>\n","protected":false},"excerpt":{"rendered":"<p>Bu kitap, farkl\u0131 k\u00f6ylerde ve mahallelerde do\u011fup b\u00fcy\u00fcyen kad\u0131nlar\u0131n, hayalleriyle de\u011fi\u015fen hayatlar\u0131n\u0131 anlat\u0131yor. Her biri kendi m\u00fccadelesiyle hayata tutunan bu kad\u0131nlar, s\u0131radan g\u00f6r\u00fcnen d\u00fcnyalar\u0131n\u0131 ola\u011fan\u00fcst\u00fc bir<span class=\"excerpt-hellip\"> [\u2026]<\/span><\/p>\n","protected":false},"featured_media":0,"template":"","meta":{"_monsterinsights_skip_tracking":false,"_monsterinsights_sitenote_active":false,"_monsterinsights_sitenote_note":"","_monsterinsights_sitenote_category":0},"product_brand":[],"product_cat":[12291,12711],"product_tag":[],"class_list":{"0":"post-769305","1":"product","2":"type-product","3":"status-publish","5":"product_cat-edebiyat","6":"product_cat-roman-oyku","7":"pa_cilt-ciltsiz","8":"pa_tur-kitap","9":"pa_yayinevi-omca-yayinlari","10":"pa_yazar-gursel-isik","12":"first","13":"instock","14":"sale","15":"shipping-taxable","16":"purchasable","17":"product-type-simple"},"_links":{"self":[{"href":"https:\/\/roveyayinevi.com.tr\/index.php\/wp-json\/wp\/v2\/product\/769305","targetHints":{"allow":["GET"]}}],"collection":[{"href":"https:\/\/roveyayinevi.com.tr\/index.php\/wp-json\/wp\/v2\/product"}],"about":[{"href":"https:\/\/roveyayinevi.com.tr\/index.php\/wp-json\/wp\/v2\/types\/product"}],"wp:attachment":[{"href":"https:\/\/roveyayinevi.com.tr\/index.php\/wp-json\/wp\/v2\/media?parent=769305"}],"wp:term":[{"taxonomy":"product_brand","embeddable":true,"href":"https:\/\/roveyayinevi.com.tr\/index.php\/wp-json\/wp\/v2\/product_brand?post=769305"},{"taxonomy":"product_cat","embeddable":true,"href":"https:\/\/roveyayinevi.com.tr\/index.php\/wp-json\/wp\/v2\/product_cat?post=769305"},{"taxonomy":"product_tag","embeddable":true,"href":"https:\/\/roveyayinevi.com.tr\/index.php\/wp-json\/wp\/v2\/product_tag?post=769305"}],"curies":[{"name":"wp","href":"https:\/\/api.w.org\/{rel}","templated":true}]}}