{"id":769302,"date":"2025-08-28T13:49:08","date_gmt":"2025-08-28T10:49:08","guid":{"rendered":"https:\/\/roveyayinevi.com.tr\/index.php\/urun\/bizim-dolaylar\/"},"modified":"2026-04-15T03:35:39","modified_gmt":"2026-04-15T00:35:39","slug":"bizim-dolaylar","status":"publish","type":"product","link":"https:\/\/roveyayinevi.com.tr\/index.php\/urun\/bizim-dolaylar\/","title":{"rendered":"Bizim Dolaylar"},"content":{"rendered":"<p>\u00d6\u011fret bana unutmay\u0131 senden ba\u015fka her \u015feyi Seni bildirmeyen b\u00fct\u00fcn bildiklerimi G\u00f6rmiyeyim g\u00f6rd\u00fcklerimi, i\u015fitmeyeyim i\u015fittiklerimi Sana ula\u015fmayan duymay\u0131 d\u00fc\u015f\u00fcnmeyi Senin sesine beni sa\u011f\u0131r k\u0131lan sirenleri Unutay\u0131m ad\u0131m atmay\u0131, sana varmayan yollarda Konu\u015fmay\u0131, senden ba\u015fka her konuda her s\u00f6z\u00fc Tat almay\u0131 dokunmay\u0131 koklamay\u0131 Bilmeyeyim \u00e7ekim nedir, albeni ne listem ne Olmas\u0131n a\u011f\u0131rl\u0131\u011f\u0131m ivmem devinmem Senden ba\u015fka itkim g\u00fcd\u00fcm duyum duygum Ye\u011fnikli\u011fim yitiyor elini \u00e7ekiyorsun <\/p>\n","protected":false},"excerpt":{"rendered":"<p>\u00d6\u011fret bana unutmay\u0131 senden ba\u015fka her \u015feyi Seni bildirmeyen b\u00fct\u00fcn bildiklerimi G\u00f6rmiyeyim g\u00f6rd\u00fcklerimi, i\u015fitmeyeyim i\u015fittiklerimi Sana ula\u015fmayan duymay\u0131 d\u00fc\u015f\u00fcnmeyi Senin sesine beni sa\u011f\u0131r k\u0131lan sirenleri Unutay\u0131m<span class=\"excerpt-hellip\"> [\u2026]<\/span><\/p>\n","protected":false},"featured_media":0,"template":"","meta":{"_monsterinsights_skip_tracking":false,"_monsterinsights_sitenote_active":false,"_monsterinsights_sitenote_note":"","_monsterinsights_sitenote_category":0},"product_brand":[],"product_cat":[12291,12509],"product_tag":[],"class_list":{"0":"post-769302","1":"product","2":"type-product","3":"status-publish","5":"product_cat-edebiyat","6":"product_cat-siir","7":"pa_cilt-ciltsiz","8":"pa_tur-kitap","9":"pa_yayinevi-cem-yayinevi","10":"pa_yazar-yuksel-pazarkaya","12":"first","13":"instock","14":"sale","15":"shipping-taxable","16":"purchasable","17":"product-type-simple"},"_links":{"self":[{"href":"https:\/\/roveyayinevi.com.tr\/index.php\/wp-json\/wp\/v2\/product\/769302","targetHints":{"allow":["GET"]}}],"collection":[{"href":"https:\/\/roveyayinevi.com.tr\/index.php\/wp-json\/wp\/v2\/product"}],"about":[{"href":"https:\/\/roveyayinevi.com.tr\/index.php\/wp-json\/wp\/v2\/types\/product"}],"wp:attachment":[{"href":"https:\/\/roveyayinevi.com.tr\/index.php\/wp-json\/wp\/v2\/media?parent=769302"}],"wp:term":[{"taxonomy":"product_brand","embeddable":true,"href":"https:\/\/roveyayinevi.com.tr\/index.php\/wp-json\/wp\/v2\/product_brand?post=769302"},{"taxonomy":"product_cat","embeddable":true,"href":"https:\/\/roveyayinevi.com.tr\/index.php\/wp-json\/wp\/v2\/product_cat?post=769302"},{"taxonomy":"product_tag","embeddable":true,"href":"https:\/\/roveyayinevi.com.tr\/index.php\/wp-json\/wp\/v2\/product_tag?post=769302"}],"curies":[{"name":"wp","href":"https:\/\/api.w.org\/{rel}","templated":true}]}}