{"id":769299,"date":"2025-08-28T13:49:02","date_gmt":"2025-08-28T10:49:02","guid":{"rendered":"https:\/\/roveyayinevi.com.tr\/index.php\/urun\/klasik-peri-masallari-ciltli\/"},"modified":"2026-04-15T03:35:39","modified_gmt":"2026-04-15T00:35:39","slug":"klasik-peri-masallari-ciltli","status":"publish","type":"product","link":"https:\/\/roveyayinevi.com.tr\/index.php\/urun\/klasik-peri-masallari-ciltli\/","title":{"rendered":"Klasik Peri Masallar\u0131 (Ciltli)"},"content":{"rendered":"<p>A\u00e7\u0131klamal\u0131 Notlar\u0131yla Klasik Peri Masallar\u0131\u2019nda \u00e7ocuklukta dinledi\u011fimiz, ki\u015fili\u011fimizin baz\u0131 y\u00f6nlerine, kimi ilkelerimize kaynakl\u0131k edecek \u00f6\u011f\u00fctleri ilk kez duydu\u011fumuz, her birimizi derinden etkilemi\u015f peri masallar\u0131na derinlemesine bir bak\u0131\u015f sunuyor Maria Tatar. Harvard \u00dcniversitesi\u2019nde edebiyat \u00fczerine dersler veren Tatar\u2019\u0131n yirmi alt\u0131 klasik peri masal\u0131na yeni a\u00e7\u0131klamalar getirdi\u011fi bu \u00e7al\u0131\u015fmada Hansel ve Gretel\u2019in k\u0131r\u0131nt\u0131 dolu patikas\u0131nda yeniden y\u00fcr\u00fcyor, K\u0131rm\u0131z\u0131 Ba\u015fl\u0131kl\u0131 K\u0131z\u2019la ormana dal\u0131yor, K\u00fclkedisi\u2019yle baloya gidiyoruz. Bu g\u00fc\u00e7l\u00fc k\u00fclt\u00fcrel mirasa yeni bir yakla\u015f\u0131m getiren bu eserde ayn\u0131 zamanda masallar\u0131 g\u00fcn\u00fcm\u00fcze ula\u015ft\u0131ran Hans Christian Andersen ve Grimm Karde\u015fler gibi yazarlar\u0131n ve derleyenlerin hayat\u0131na tan\u0131k oluyor, masallar\u0131 resimleyen Arthur Rackham, George Cruikshank, Maxfield Parrish gibi \u00f6nemli \u00e7izerlerin eserlerini de inceleme f\u0131rsat\u0131 buluyoruz. <\/p>\n","protected":false},"excerpt":{"rendered":"<p>A\u00e7\u0131klamal\u0131 Notlar\u0131yla Klasik Peri Masallar\u0131\u2019nda \u00e7ocuklukta dinledi\u011fimiz, ki\u015fili\u011fimizin baz\u0131 y\u00f6nlerine, kimi ilkelerimize kaynakl\u0131k edecek \u00f6\u011f\u00fctleri ilk kez duydu\u011fumuz, her birimizi derinden etkilemi\u015f peri masallar\u0131na derinlemesine bir<span class=\"excerpt-hellip\"> [\u2026]<\/span><\/p>\n","protected":false},"featured_media":0,"template":"","meta":{"_monsterinsights_skip_tracking":false,"_monsterinsights_sitenote_active":false,"_monsterinsights_sitenote_note":"","_monsterinsights_sitenote_category":0},"product_brand":[],"product_cat":[12291,12711],"product_tag":[],"class_list":{"0":"post-769299","1":"product","2":"type-product","3":"status-publish","5":"product_cat-edebiyat","6":"product_cat-roman-oyku","7":"pa_cilt-ciltli","8":"pa_tur-kitap","9":"pa_yayinevi-everest-yayinlari","10":"pa_yazar-maria-tatar","12":"first","13":"instock","14":"sale","15":"shipping-taxable","16":"purchasable","17":"product-type-simple"},"_links":{"self":[{"href":"https:\/\/roveyayinevi.com.tr\/index.php\/wp-json\/wp\/v2\/product\/769299","targetHints":{"allow":["GET"]}}],"collection":[{"href":"https:\/\/roveyayinevi.com.tr\/index.php\/wp-json\/wp\/v2\/product"}],"about":[{"href":"https:\/\/roveyayinevi.com.tr\/index.php\/wp-json\/wp\/v2\/types\/product"}],"wp:attachment":[{"href":"https:\/\/roveyayinevi.com.tr\/index.php\/wp-json\/wp\/v2\/media?parent=769299"}],"wp:term":[{"taxonomy":"product_brand","embeddable":true,"href":"https:\/\/roveyayinevi.com.tr\/index.php\/wp-json\/wp\/v2\/product_brand?post=769299"},{"taxonomy":"product_cat","embeddable":true,"href":"https:\/\/roveyayinevi.com.tr\/index.php\/wp-json\/wp\/v2\/product_cat?post=769299"},{"taxonomy":"product_tag","embeddable":true,"href":"https:\/\/roveyayinevi.com.tr\/index.php\/wp-json\/wp\/v2\/product_tag?post=769299"}],"curies":[{"name":"wp","href":"https:\/\/api.w.org\/{rel}","templated":true}]}}