{"id":769294,"date":"2025-08-28T13:48:52","date_gmt":"2025-08-28T10:48:52","guid":{"rendered":"https:\/\/roveyayinevi.com.tr\/index.php\/urun\/davetsiz-misafir-5\/"},"modified":"2026-04-07T03:29:55","modified_gmt":"2026-04-07T00:29:55","slug":"davetsiz-misafir-5","status":"publish","type":"product","link":"https:\/\/roveyayinevi.com.tr\/index.php\/urun\/davetsiz-misafir-5\/","title":{"rendered":"Davetsiz Misafir"},"content":{"rendered":"<p>M\u00dcKEMMEL B\u0130R EV. B\u0130R CESET. K\u00d6T\u00dc B\u0130R G\u00dcN. Binlerce g\u00fczel ev var, hem de \u00e7ok g\u00fczeller ama i\u00e7lerinde kimse ya\u015fam\u0131yor. Binlerce be\u015f paras\u0131z gen\u00e7 var, hem de \u00e7ok iyi gen\u00e7ler ama bu gen\u00e7lerin ya\u015fayacak d\u00fczg\u00fcn bir evleri bile yok. \u0130\u015fte burada, ana karakterimiz Al devreye giriyor. Al, zengin insanlar\u0131n ikinci evlerinde ya\u015f\u0131yor. Tabii ki de ger\u00e7ek sahipleri evde yokken. \u00c7ekici, ikna edici ve kalabal\u0131\u011f\u0131n i\u00e7ine kolay kar\u0131\u015fan biri. Hayat\u0131 m\u00fckemmel. Ancak ne yaz\u0131k ki Al ve arkada\u015flar\u0131 yanl\u0131\u015f g\u00fcnde yanl\u0131\u015f eve giriyorlar ve bir ceset buluyorlar. Ba\u015flar\u0131 b\u00fcy\u00fck belaya giriyor. Sahtek\u00e2r \u015f\u00fcpheliler, pe\u015flerine tak\u0131lan polisler ve \u00e7ok tehlikeli casuslar\u0131n yer ald\u0131\u011f\u0131 Davetsiz Misafir, enfes bir s\u00fcr\u00fckleyici gerilim roman\u0131. Gen\u00e7, yetenekli, i\u015fsiz ve ka\u00e7ak olman\u0131n nas\u0131l bir \u015fey oldu\u011funu anlatan bu maceraya kat\u0131lmaya haz\u0131r m\u0131s\u0131n\u0131z? <\/p>\n","protected":false},"excerpt":{"rendered":"<p>M\u00dcKEMMEL B\u0130R EV. B\u0130R CESET. K\u00d6T\u00dc B\u0130R G\u00dcN. Binlerce g\u00fczel ev var, hem de \u00e7ok g\u00fczeller ama i\u00e7lerinde kimse ya\u015fam\u0131yor. Binlerce be\u015f paras\u0131z gen\u00e7 var, hem<span class=\"excerpt-hellip\"> [\u2026]<\/span><\/p>\n","protected":false},"featured_media":0,"template":"","meta":{"_monsterinsights_skip_tracking":false,"_monsterinsights_sitenote_active":false,"_monsterinsights_sitenote_note":"","_monsterinsights_sitenote_category":0},"product_brand":[],"product_cat":[12291,12711],"product_tag":[],"class_list":{"0":"post-769294","1":"product","2":"type-product","3":"status-publish","5":"product_cat-edebiyat","6":"product_cat-roman-oyku","7":"pa_cilt-ciltsiz","8":"pa_tur-kitap","9":"pa_yayinevi-artemis-yayinlari","10":"pa_yazar-andrew-hunter-murray","12":"first","13":"instock","14":"sale","15":"shipping-taxable","16":"purchasable","17":"product-type-simple"},"_links":{"self":[{"href":"https:\/\/roveyayinevi.com.tr\/index.php\/wp-json\/wp\/v2\/product\/769294","targetHints":{"allow":["GET"]}}],"collection":[{"href":"https:\/\/roveyayinevi.com.tr\/index.php\/wp-json\/wp\/v2\/product"}],"about":[{"href":"https:\/\/roveyayinevi.com.tr\/index.php\/wp-json\/wp\/v2\/types\/product"}],"wp:attachment":[{"href":"https:\/\/roveyayinevi.com.tr\/index.php\/wp-json\/wp\/v2\/media?parent=769294"}],"wp:term":[{"taxonomy":"product_brand","embeddable":true,"href":"https:\/\/roveyayinevi.com.tr\/index.php\/wp-json\/wp\/v2\/product_brand?post=769294"},{"taxonomy":"product_cat","embeddable":true,"href":"https:\/\/roveyayinevi.com.tr\/index.php\/wp-json\/wp\/v2\/product_cat?post=769294"},{"taxonomy":"product_tag","embeddable":true,"href":"https:\/\/roveyayinevi.com.tr\/index.php\/wp-json\/wp\/v2\/product_tag?post=769294"}],"curies":[{"name":"wp","href":"https:\/\/api.w.org\/{rel}","templated":true}]}}