{"id":769293,"date":"2025-08-28T13:48:49","date_gmt":"2025-08-28T10:48:49","guid":{"rendered":"https:\/\/roveyayinevi.com.tr\/index.php\/urun\/sevgi-evreni\/"},"modified":"2026-03-12T03:32:34","modified_gmt":"2026-03-12T00:32:34","slug":"sevgi-evreni","status":"publish","type":"product","link":"https:\/\/roveyayinevi.com.tr\/index.php\/urun\/sevgi-evreni\/","title":{"rendered":"Sevgi Evreni"},"content":{"rendered":"<p>G\u00fcnden kalanlar Gazete, t\u00fct\u00fcn, foto\u011fraf\u0131n Beni bekliyor masam da Bir teselli. Gecenin tepesinde y\u0131ld\u0131z Foto\u011fraf\u0131n kay\u0131yor elimden D\u00fc\u015flerim gibi s\u0131cak Bir sabaha uyan\u0131yorum. Foto\u011fraf\u0131n\u0131 d\u00fcnyaya b\u0131rakt\u0131m \u015eiir gibi. <\/p>\n","protected":false},"excerpt":{"rendered":"<p>G\u00fcnden kalanlar Gazete, t\u00fct\u00fcn, foto\u011fraf\u0131n Beni bekliyor masam da Bir teselli. Gecenin tepesinde y\u0131ld\u0131z Foto\u011fraf\u0131n kay\u0131yor elimden D\u00fc\u015flerim gibi s\u0131cak Bir sabaha uyan\u0131yorum. Foto\u011fraf\u0131n\u0131 d\u00fcnyaya b\u0131rakt\u0131m<span class=\"excerpt-hellip\"> [\u2026]<\/span><\/p>\n","protected":false},"featured_media":0,"template":"","meta":{"_monsterinsights_skip_tracking":false,"_monsterinsights_sitenote_active":false,"_monsterinsights_sitenote_note":"","_monsterinsights_sitenote_category":0},"product_brand":[],"product_cat":[12291,12509],"product_tag":[],"class_list":{"0":"post-769293","1":"product","2":"type-product","3":"status-publish","5":"product_cat-edebiyat","6":"product_cat-siir","7":"pa_cilt-ciltsiz","8":"pa_tur-kitap","9":"pa_yayinevi-kirmizi-cati-yayinlari","10":"pa_yazar-muserref-kaya","12":"first","13":"instock","14":"sale","15":"shipping-taxable","16":"purchasable","17":"product-type-simple"},"_links":{"self":[{"href":"https:\/\/roveyayinevi.com.tr\/index.php\/wp-json\/wp\/v2\/product\/769293","targetHints":{"allow":["GET"]}}],"collection":[{"href":"https:\/\/roveyayinevi.com.tr\/index.php\/wp-json\/wp\/v2\/product"}],"about":[{"href":"https:\/\/roveyayinevi.com.tr\/index.php\/wp-json\/wp\/v2\/types\/product"}],"wp:attachment":[{"href":"https:\/\/roveyayinevi.com.tr\/index.php\/wp-json\/wp\/v2\/media?parent=769293"}],"wp:term":[{"taxonomy":"product_brand","embeddable":true,"href":"https:\/\/roveyayinevi.com.tr\/index.php\/wp-json\/wp\/v2\/product_brand?post=769293"},{"taxonomy":"product_cat","embeddable":true,"href":"https:\/\/roveyayinevi.com.tr\/index.php\/wp-json\/wp\/v2\/product_cat?post=769293"},{"taxonomy":"product_tag","embeddable":true,"href":"https:\/\/roveyayinevi.com.tr\/index.php\/wp-json\/wp\/v2\/product_tag?post=769293"}],"curies":[{"name":"wp","href":"https:\/\/api.w.org\/{rel}","templated":true}]}}