{"id":769292,"date":"2025-08-28T13:48:48","date_gmt":"2025-08-28T10:48:48","guid":{"rendered":"https:\/\/roveyayinevi.com.tr\/index.php\/urun\/lezzetli-yalanlar\/"},"modified":"2026-04-15T03:35:38","modified_gmt":"2026-04-15T00:35:38","slug":"lezzetli-yalanlar","status":"publish","type":"product","link":"https:\/\/roveyayinevi.com.tr\/index.php\/urun\/lezzetli-yalanlar\/","title":{"rendered":"Lezzetli Yalanlar"},"content":{"rendered":"<p>Gastronom ve Bilin\u00e7alt\u0131 Terapisti \u00c7a\u011fla Joy, bu kitab\u0131nda, bir\u00e7ok yeme\u011fin ve besinin bilmedi\u011fimiz faydalar\u0131n\u0131 ve zararlar\u0131n\u0131; sa\u011fl\u0131kl\u0131 beslenme ilkelerini; bir \u00e7ok \u00fclkenin yemek k\u00fclt\u00fcr\u00fcn\u00fc ve \u00f6nemli yiyecek i\u00e7eceklerini anla\u015f\u0131l\u0131r ve ak\u0131c\u0131 bi\u00e7imde anlat\u0131yor. Yeme-i\u00e7me merakl\u0131lar\u0131n\u0131n zevkle okuyaca\u011f\u0131 bir ba\u015fucu kitab\u0131.    <\/p>\n","protected":false},"excerpt":{"rendered":"<p>Gastronom ve Bilin\u00e7alt\u0131 Terapisti \u00c7a\u011fla Joy, bu kitab\u0131nda, bir\u00e7ok yeme\u011fin ve besinin bilmedi\u011fimiz faydalar\u0131n\u0131 ve zararlar\u0131n\u0131; sa\u011fl\u0131kl\u0131 beslenme ilkelerini; bir \u00e7ok \u00fclkenin yemek k\u00fclt\u00fcr\u00fcn\u00fc ve \u00f6nemli<span class=\"excerpt-hellip\"> [\u2026]<\/span><\/p>\n","protected":false},"featured_media":0,"template":"","meta":{"_monsterinsights_skip_tracking":false,"_monsterinsights_sitenote_active":false,"_monsterinsights_sitenote_note":"","_monsterinsights_sitenote_category":0},"product_brand":[],"product_cat":[12457],"product_tag":[],"class_list":{"0":"post-769292","1":"product","2":"type-product","3":"status-publish","5":"product_cat-yemek-kitaplari","6":"pa_cilt-ciltsiz","7":"pa_tur-kitap","8":"pa_yayinevi-myrina-yayinlari","9":"pa_yazar-cagla-joy","11":"first","12":"instock","13":"sale","14":"shipping-taxable","15":"purchasable","16":"product-type-simple"},"_links":{"self":[{"href":"https:\/\/roveyayinevi.com.tr\/index.php\/wp-json\/wp\/v2\/product\/769292","targetHints":{"allow":["GET"]}}],"collection":[{"href":"https:\/\/roveyayinevi.com.tr\/index.php\/wp-json\/wp\/v2\/product"}],"about":[{"href":"https:\/\/roveyayinevi.com.tr\/index.php\/wp-json\/wp\/v2\/types\/product"}],"wp:attachment":[{"href":"https:\/\/roveyayinevi.com.tr\/index.php\/wp-json\/wp\/v2\/media?parent=769292"}],"wp:term":[{"taxonomy":"product_brand","embeddable":true,"href":"https:\/\/roveyayinevi.com.tr\/index.php\/wp-json\/wp\/v2\/product_brand?post=769292"},{"taxonomy":"product_cat","embeddable":true,"href":"https:\/\/roveyayinevi.com.tr\/index.php\/wp-json\/wp\/v2\/product_cat?post=769292"},{"taxonomy":"product_tag","embeddable":true,"href":"https:\/\/roveyayinevi.com.tr\/index.php\/wp-json\/wp\/v2\/product_tag?post=769292"}],"curies":[{"name":"wp","href":"https:\/\/api.w.org\/{rel}","templated":true}]}}