{"id":769290,"date":"2025-08-28T13:48:44","date_gmt":"2025-08-28T10:48:44","guid":{"rendered":"https:\/\/roveyayinevi.com.tr\/index.php\/urun\/engelleri-asmak\/"},"modified":"2026-04-03T03:26:26","modified_gmt":"2026-04-03T00:26:26","slug":"engelleri-asmak","status":"publish","type":"product","link":"https:\/\/roveyayinevi.com.tr\/index.php\/urun\/engelleri-asmak\/","title":{"rendered":"Engelleri A\u015fmak"},"content":{"rendered":"<p>\u201cEngelleri A\u015fmak\u201d adl\u0131 bu kitap ile bir yolculu\u011fa \u00e7\u0131kmaya haz\u0131rlan\u0131yorsunuz. Bu yolculuk, ke\u015fiflerle dolu, \u00f6\u011frenmelerle renklenmi\u015f ve d\u00f6n\u00fc\u015f\u00fc olmayan bir ser\u00fcvendir. Bu kitap, sizin ve hayat\u0131n\u0131z\u0131n merkezinde olan konulara \u0131\u015f\u0131k tutmay\u0131 a- ma\u00e7l\u0131yor. Kitab\u0131m\u0131z\u0131n amac\u0131, i\u00e7 d\u00fcnyan\u0131za bir yolculuk yapman\u0131za yard\u0131mc\u0131 olmakt\u0131r. Kendinizi ke\u015ffetmek, potansiyelinizi a\u00e7\u0131\u011fa \u00e7\u0131karmak ve daha anlaml\u0131 bir ya\u015fam s\u00fcrmek i\u00e7in bir yolculu\u011fa \u00e7\u0131k\u0131yoruz. Her sayfa, yeni bir ke\u015fif, yeni bir d\u00fc\u015f\u00fcnce ve yeni bir bak\u0131\u015f a\u00e7\u0131s\u0131 sunacakt\u0131r. \u0130yi yolculuklar&#8230; <\/p>\n","protected":false},"excerpt":{"rendered":"<p>\u201cEngelleri A\u015fmak\u201d adl\u0131 bu kitap ile bir yolculu\u011fa \u00e7\u0131kmaya haz\u0131rlan\u0131yorsunuz. Bu yolculuk, ke\u015fiflerle dolu, \u00f6\u011frenmelerle renklenmi\u015f ve d\u00f6n\u00fc\u015f\u00fc olmayan bir ser\u00fcvendir. Bu kitap, sizin ve hayat\u0131n\u0131z\u0131n<span class=\"excerpt-hellip\"> [\u2026]<\/span><\/p>\n","protected":false},"featured_media":0,"template":"","meta":{"_monsterinsights_skip_tracking":false,"_monsterinsights_sitenote_active":false,"_monsterinsights_sitenote_note":"","_monsterinsights_sitenote_category":0},"product_brand":[],"product_cat":[12364,12376],"product_tag":[],"class_list":{"0":"post-769290","1":"product","2":"type-product","3":"status-publish","5":"product_cat-genel-konular","6":"product_cat-kisisel-gelisim","7":"pa_cilt-ciltsiz","8":"pa_tur-kitap","9":"pa_yayinevi-denizkizi-yayinlari","10":"pa_yazar-lutfi-sarioglu","12":"first","13":"instock","14":"sale","15":"shipping-taxable","16":"purchasable","17":"product-type-simple"},"_links":{"self":[{"href":"https:\/\/roveyayinevi.com.tr\/index.php\/wp-json\/wp\/v2\/product\/769290","targetHints":{"allow":["GET"]}}],"collection":[{"href":"https:\/\/roveyayinevi.com.tr\/index.php\/wp-json\/wp\/v2\/product"}],"about":[{"href":"https:\/\/roveyayinevi.com.tr\/index.php\/wp-json\/wp\/v2\/types\/product"}],"wp:attachment":[{"href":"https:\/\/roveyayinevi.com.tr\/index.php\/wp-json\/wp\/v2\/media?parent=769290"}],"wp:term":[{"taxonomy":"product_brand","embeddable":true,"href":"https:\/\/roveyayinevi.com.tr\/index.php\/wp-json\/wp\/v2\/product_brand?post=769290"},{"taxonomy":"product_cat","embeddable":true,"href":"https:\/\/roveyayinevi.com.tr\/index.php\/wp-json\/wp\/v2\/product_cat?post=769290"},{"taxonomy":"product_tag","embeddable":true,"href":"https:\/\/roveyayinevi.com.tr\/index.php\/wp-json\/wp\/v2\/product_tag?post=769290"}],"curies":[{"name":"wp","href":"https:\/\/api.w.org\/{rel}","templated":true}]}}