{"id":769289,"date":"2025-08-28T13:48:43","date_gmt":"2025-08-28T10:48:43","guid":{"rendered":"https:\/\/roveyayinevi.com.tr\/index.php\/urun\/sosyal-temsiller\/"},"modified":"2026-04-15T03:35:38","modified_gmt":"2026-04-15T00:35:38","slug":"sosyal-temsiller","status":"publish","type":"product","link":"https:\/\/roveyayinevi.com.tr\/index.php\/urun\/sosyal-temsiller\/","title":{"rendered":"Sosyal Temsiller"},"content":{"rendered":"<p>Sosyal psikoloji alan\u0131n\u0131 bi\u00e7imlendiren en etkili fig\u00fcrler aras\u0131nda olan Serge Moscovici, k\u0131rk y\u0131l\u0131 a\u015fk\u0131n bir s\u00fcredir meslekta\u015flar\u0131yla birlikte sosyal temsiller \u00e7al\u0131\u015fmalar\u0131n\u0131 ilerletip geli\u015ftirdi; bu derleme bu y\u0131llar boyunca ortaya \u00e7\u0131kan \u00e7ok daha geni\u015f bir k\u00fclliyattan se\u00e7ilmi\u015f baz\u0131 temel denemeleri bir araya getiriyor. Bu deneme se\u00e7kisi Moscovici&#8217;nin sosyal temsiller teorisini nas\u0131l detayland\u0131r\u0131p savundu\u011funu ortaya koyuyor. Tarihten antropolojiye, felsefeden sosyolojiye, psikanalizden ileti\u015fim \u00e7al\u0131\u015fmalar\u0131na kadar geni\u015f alanlar\u0131 tarayan Moscovici sosyal temsillerin ne oldu\u011funu, nas\u0131l olu\u015ftu\u011funu ve ne i\u015f g\u00f6rd\u00fc\u011f\u00fcn\u00fc inceliyor ve a\u00e7\u0131kl\u0131yor. Ayn\u0131 zamanda, Ivana Markova\u2019yla yapt\u0131\u011f\u0131 son s\u00f6yle\u015fide de \u201cBu projenin kalbinde hep bilginin sosyal psikolojisini olu\u015fturma fikri\u201d oldu\u011funu ifade ederek kendi entelekt\u00fcel g\u00fczerg\u00e2h\u0131n\u0131n tarihindeki ana unsurlar\u0131 da aktar\u0131yor. Moscovici paradigmas\u0131na g\u00f6re sosyal temsiller insan\u0131n etraf\u0131nda de\u011fil, insan sosyal temsillerin etraf\u0131nda d\u00f6n\u00fcyor. Moscovici\u2019nin sosyal temsiller \u00fcst\u00fcne yapt\u0131\u011f\u0131 \u00e7al\u0131\u015fmalar\u0131 tam da bu geni\u015f fikir ba\u011flam\u0131nda g\u00f6rmek gerekiyor.<\/p>\n","protected":false},"excerpt":{"rendered":"<p>Sosyal psikoloji alan\u0131n\u0131 bi\u00e7imlendiren en etkili fig\u00fcrler aras\u0131nda olan Serge Moscovici, k\u0131rk y\u0131l\u0131 a\u015fk\u0131n bir s\u00fcredir meslekta\u015flar\u0131yla birlikte sosyal temsiller \u00e7al\u0131\u015fmalar\u0131n\u0131 ilerletip geli\u015ftirdi; bu derleme bu<span class=\"excerpt-hellip\"> [\u2026]<\/span><\/p>\n","protected":false},"featured_media":0,"template":"","meta":{"_monsterinsights_skip_tracking":false,"_monsterinsights_sitenote_active":false,"_monsterinsights_sitenote_note":"","_monsterinsights_sitenote_category":0},"product_brand":[],"product_cat":[12357],"product_tag":[],"class_list":{"0":"post-769289","1":"product","2":"type-product","3":"status-publish","5":"product_cat-psikoloji","6":"pa_cilt-ciltsiz","7":"pa_tur-kitap","8":"pa_yayinevi-pinhan-yayincilik","9":"pa_yazar-serge-moscovici","11":"first","12":"instock","13":"sale","14":"shipping-taxable","15":"purchasable","16":"product-type-simple"},"_links":{"self":[{"href":"https:\/\/roveyayinevi.com.tr\/index.php\/wp-json\/wp\/v2\/product\/769289","targetHints":{"allow":["GET"]}}],"collection":[{"href":"https:\/\/roveyayinevi.com.tr\/index.php\/wp-json\/wp\/v2\/product"}],"about":[{"href":"https:\/\/roveyayinevi.com.tr\/index.php\/wp-json\/wp\/v2\/types\/product"}],"wp:attachment":[{"href":"https:\/\/roveyayinevi.com.tr\/index.php\/wp-json\/wp\/v2\/media?parent=769289"}],"wp:term":[{"taxonomy":"product_brand","embeddable":true,"href":"https:\/\/roveyayinevi.com.tr\/index.php\/wp-json\/wp\/v2\/product_brand?post=769289"},{"taxonomy":"product_cat","embeddable":true,"href":"https:\/\/roveyayinevi.com.tr\/index.php\/wp-json\/wp\/v2\/product_cat?post=769289"},{"taxonomy":"product_tag","embeddable":true,"href":"https:\/\/roveyayinevi.com.tr\/index.php\/wp-json\/wp\/v2\/product_tag?post=769289"}],"curies":[{"name":"wp","href":"https:\/\/api.w.org\/{rel}","templated":true}]}}