{"id":769288,"date":"2025-08-28T13:48:42","date_gmt":"2025-08-28T10:48:42","guid":{"rendered":"https:\/\/roveyayinevi.com.tr\/index.php\/urun\/guc-ve-ihtirasin-bedeli\/"},"modified":"2026-04-15T03:35:38","modified_gmt":"2026-04-15T00:35:38","slug":"guc-ve-ihtirasin-bedeli","status":"publish","type":"product","link":"https:\/\/roveyayinevi.com.tr\/index.php\/urun\/guc-ve-ihtirasin-bedeli\/","title":{"rendered":"G\u00fc\u00e7 ve \u0130htiras\u0131n Bedeli"},"content":{"rendered":"<p>Enaniyet\u2026 \u0130nsanl\u0131k tarihinin en eski ve en tehlikeli duygular\u0131ndan biri. G\u00fc\u00e7 ve ihtirasla \u015fekillenen bu duygu, hem bireyi hem de toplumu nas\u0131l etkiler? Kuran\u2019daki \u00f6rnekler, tarihsel fig\u00fcrler ve g\u00fcn\u00fcm\u00fczle ba\u011f kurarak, enaniyetin insan ruhu ve bedeni \u00fczerindeki derin izlerini ke\u015ffedin. Bu kitap, enaniyetin k\u00f6kenlerinden ba\u015flayarak, din\u00ee ahlak, tevazu ve ahiretteki sonu\u00e7lar \u00fczerine d\u00fc\u015f\u00fcnd\u00fcr\u00fcc\u00fc bir yolculu\u011fa \u00e7\u0131kar\u0131yor. Firavun\u2019dan Karun\u2019a, Haman\u2019dan Ebu Leheb\u2019e kadar tarihin en b\u00fcy\u00fck enaniyet fig\u00fcrlerinin hik\u00e2yeleriyle, insan\u0131n i\u00e7sel d\u00fcnyas\u0131ndaki karanl\u0131k taraf\u0131 ayd\u0131nlat\u0131yor. G\u00fc\u00e7 ve ihtiras\u0131n bedelini \u00f6dememek i\u00e7in, enaniyetin tehlikelerine kar\u015f\u0131 uyan\u0131k olmal\u0131y\u0131z.<\/p>\n","protected":false},"excerpt":{"rendered":"<p>Enaniyet\u2026 \u0130nsanl\u0131k tarihinin en eski ve en tehlikeli duygular\u0131ndan biri. G\u00fc\u00e7 ve ihtirasla \u015fekillenen bu duygu, hem bireyi hem de toplumu nas\u0131l etkiler? Kuran\u2019daki \u00f6rnekler, tarihsel<span class=\"excerpt-hellip\"> [\u2026]<\/span><\/p>\n","protected":false},"featured_media":0,"template":"","meta":{"_monsterinsights_skip_tracking":false,"_monsterinsights_sitenote_active":false,"_monsterinsights_sitenote_note":"","_monsterinsights_sitenote_category":0},"product_brand":[],"product_cat":[12718],"product_tag":[],"class_list":{"0":"post-769288","1":"product","2":"type-product","3":"status-publish","5":"product_cat-din","6":"pa_cilt-ciltsiz","7":"pa_tur-kitap","8":"pa_yayinevi-kalem-lugat-yayincilik","9":"pa_yazar-zubeyt-bozkurt","11":"first","12":"instock","13":"sale","14":"shipping-taxable","15":"purchasable","16":"product-type-simple"},"_links":{"self":[{"href":"https:\/\/roveyayinevi.com.tr\/index.php\/wp-json\/wp\/v2\/product\/769288","targetHints":{"allow":["GET"]}}],"collection":[{"href":"https:\/\/roveyayinevi.com.tr\/index.php\/wp-json\/wp\/v2\/product"}],"about":[{"href":"https:\/\/roveyayinevi.com.tr\/index.php\/wp-json\/wp\/v2\/types\/product"}],"wp:attachment":[{"href":"https:\/\/roveyayinevi.com.tr\/index.php\/wp-json\/wp\/v2\/media?parent=769288"}],"wp:term":[{"taxonomy":"product_brand","embeddable":true,"href":"https:\/\/roveyayinevi.com.tr\/index.php\/wp-json\/wp\/v2\/product_brand?post=769288"},{"taxonomy":"product_cat","embeddable":true,"href":"https:\/\/roveyayinevi.com.tr\/index.php\/wp-json\/wp\/v2\/product_cat?post=769288"},{"taxonomy":"product_tag","embeddable":true,"href":"https:\/\/roveyayinevi.com.tr\/index.php\/wp-json\/wp\/v2\/product_tag?post=769288"}],"curies":[{"name":"wp","href":"https:\/\/api.w.org\/{rel}","templated":true}]}}