{"id":769287,"date":"2025-08-28T13:48:39","date_gmt":"2025-08-28T10:48:39","guid":{"rendered":"https:\/\/roveyayinevi.com.tr\/index.php\/urun\/gokten-uc-elma-dustu-2\/"},"modified":"2026-04-15T03:35:38","modified_gmt":"2026-04-15T00:35:38","slug":"gokten-uc-elma-dustu-2","status":"publish","type":"product","link":"https:\/\/roveyayinevi.com.tr\/index.php\/urun\/gokten-uc-elma-dustu-2\/","title":{"rendered":"G\u00f6kten \u00dc\u00e7 Elma D\u00fc\u015ft\u00fc"},"content":{"rendered":"<p>Narine Abgaryan taraf\u0131ndan Rus\u00e7a kaleme al\u0131nan G\u00f6kten \u00dc\u00e7 Elma D\u00fc\u015ft\u00fc, Maran adl\u0131 k\u00fc\u00e7\u00fck bir da\u011f k\u00f6y\u00fcnde, sava\u015f\u0131n, yoksullu\u011fun ve kay\u0131plar\u0131n g\u00f6lgesinde hayata tutunmaya \u00e7al\u0131\u015fan k\u00f6y sakinlerinin, kehanetler, felaketler ve mucizelerle \u00f6r\u00fcl\u00fc ya\u015famlar\u0131n\u0131 Anadolya Sevoyants karakteri ekseninde anlat\u0131yor. Felaketlerin ortas\u0131nda bile ya\u015fam\u0131n devam etti\u011fini, mucizelerin en umulmad\u0131k anlarda ger\u00e7ekle\u015febilece\u011fini hat\u0131rlat\u0131yor. <\/p>\n","protected":false},"excerpt":{"rendered":"<p>Narine Abgaryan taraf\u0131ndan Rus\u00e7a kaleme al\u0131nan G\u00f6kten \u00dc\u00e7 Elma D\u00fc\u015ft\u00fc, Maran adl\u0131 k\u00fc\u00e7\u00fck bir da\u011f k\u00f6y\u00fcnde, sava\u015f\u0131n, yoksullu\u011fun ve kay\u0131plar\u0131n g\u00f6lgesinde hayata tutunmaya \u00e7al\u0131\u015fan k\u00f6y sakinlerinin,<span class=\"excerpt-hellip\"> [\u2026]<\/span><\/p>\n","protected":false},"featured_media":0,"template":"","meta":{"_monsterinsights_skip_tracking":false,"_monsterinsights_sitenote_active":false,"_monsterinsights_sitenote_note":"","_monsterinsights_sitenote_category":0},"product_brand":[],"product_cat":[12291,12711],"product_tag":[],"class_list":{"0":"post-769287","1":"product","2":"type-product","3":"status-publish","5":"product_cat-edebiyat","6":"product_cat-roman-oyku","7":"pa_cilt-ciltsiz","8":"pa_tur-kitap","9":"pa_yayinevi-aras-yayinlari","10":"pa_yazar-narine-abgaryan","12":"first","13":"instock","14":"sale","15":"shipping-taxable","16":"purchasable","17":"product-type-simple"},"_links":{"self":[{"href":"https:\/\/roveyayinevi.com.tr\/index.php\/wp-json\/wp\/v2\/product\/769287","targetHints":{"allow":["GET"]}}],"collection":[{"href":"https:\/\/roveyayinevi.com.tr\/index.php\/wp-json\/wp\/v2\/product"}],"about":[{"href":"https:\/\/roveyayinevi.com.tr\/index.php\/wp-json\/wp\/v2\/types\/product"}],"wp:attachment":[{"href":"https:\/\/roveyayinevi.com.tr\/index.php\/wp-json\/wp\/v2\/media?parent=769287"}],"wp:term":[{"taxonomy":"product_brand","embeddable":true,"href":"https:\/\/roveyayinevi.com.tr\/index.php\/wp-json\/wp\/v2\/product_brand?post=769287"},{"taxonomy":"product_cat","embeddable":true,"href":"https:\/\/roveyayinevi.com.tr\/index.php\/wp-json\/wp\/v2\/product_cat?post=769287"},{"taxonomy":"product_tag","embeddable":true,"href":"https:\/\/roveyayinevi.com.tr\/index.php\/wp-json\/wp\/v2\/product_tag?post=769287"}],"curies":[{"name":"wp","href":"https:\/\/api.w.org\/{rel}","templated":true}]}}