{"id":769286,"date":"2025-08-28T13:48:37","date_gmt":"2025-08-28T10:48:37","guid":{"rendered":"https:\/\/roveyayinevi.com.tr\/index.php\/urun\/yoklugun-haritalari\/"},"modified":"2026-04-15T03:35:38","modified_gmt":"2026-04-15T00:35:38","slug":"yoklugun-haritalari","status":"publish","type":"product","link":"https:\/\/roveyayinevi.com.tr\/index.php\/urun\/yoklugun-haritalari\/","title":{"rendered":"Yoklu\u011fun Haritalar\u0131"},"content":{"rendered":"<p>D\u00fcn bir \u015fiir beni aceleyle yaz\u0131verdi birka\u00e7 kelimenin \u00fczerini \u00e7izdi son \u00fczerinde biraz d\u00fc\u015f\u00fcnd\u00fc ve beni y\u00fcksek sesle okudu   pek ho\u015funa gitmedim hatta hi\u00e7 ho\u015funa gitmedim \u015fimdi sepetin dibinde bedenimi topluyorum ve ac\u0131yor y\u0131rt\u0131k kelimelerim   Georgi Gospodinov\u2019un \u015fiirlerinden derlenen bu kitap, nesir eserleriyle tan\u0131d\u0131\u011f\u0131m\u0131z ve sevdi\u011fimiz yazar\u0131n ayn\u0131 zamanda ne kadar yarat\u0131c\u0131 bir \u015fair oldu\u011funu g\u00f6steriyor. \u015eiire mesafeli olan edebiyatseverlerin bile kalbini \u00e7alaca\u011f\u0131na inand\u0131\u011f\u0131m\u0131z bu derlemeyi okurlar\u0131m\u0131zla payla\u015fmaktan mutluluk duyuyoruz. <\/p>\n","protected":false},"excerpt":{"rendered":"<p>D\u00fcn bir \u015fiir beni aceleyle yaz\u0131verdi birka\u00e7 kelimenin \u00fczerini \u00e7izdi son \u00fczerinde biraz d\u00fc\u015f\u00fcnd\u00fc ve beni y\u00fcksek sesle okudu pek ho\u015funa gitmedim hatta hi\u00e7 ho\u015funa gitmedim<span class=\"excerpt-hellip\"> [\u2026]<\/span><\/p>\n","protected":false},"featured_media":0,"template":"","meta":{"_monsterinsights_skip_tracking":false,"_monsterinsights_sitenote_active":false,"_monsterinsights_sitenote_note":"","_monsterinsights_sitenote_category":0},"product_brand":[],"product_cat":[12291,12509],"product_tag":[],"class_list":{"0":"post-769286","1":"product","2":"type-product","3":"status-publish","5":"product_cat-edebiyat","6":"product_cat-siir","7":"pa_cilt-ciltsiz","8":"pa_tur-kitap","9":"pa_yayinevi-metis-yayinlari","10":"pa_yazar-georgi-gospodinov","12":"first","13":"instock","14":"sale","15":"shipping-taxable","16":"purchasable","17":"product-type-simple"},"_links":{"self":[{"href":"https:\/\/roveyayinevi.com.tr\/index.php\/wp-json\/wp\/v2\/product\/769286","targetHints":{"allow":["GET"]}}],"collection":[{"href":"https:\/\/roveyayinevi.com.tr\/index.php\/wp-json\/wp\/v2\/product"}],"about":[{"href":"https:\/\/roveyayinevi.com.tr\/index.php\/wp-json\/wp\/v2\/types\/product"}],"wp:attachment":[{"href":"https:\/\/roveyayinevi.com.tr\/index.php\/wp-json\/wp\/v2\/media?parent=769286"}],"wp:term":[{"taxonomy":"product_brand","embeddable":true,"href":"https:\/\/roveyayinevi.com.tr\/index.php\/wp-json\/wp\/v2\/product_brand?post=769286"},{"taxonomy":"product_cat","embeddable":true,"href":"https:\/\/roveyayinevi.com.tr\/index.php\/wp-json\/wp\/v2\/product_cat?post=769286"},{"taxonomy":"product_tag","embeddable":true,"href":"https:\/\/roveyayinevi.com.tr\/index.php\/wp-json\/wp\/v2\/product_tag?post=769286"}],"curies":[{"name":"wp","href":"https:\/\/api.w.org\/{rel}","templated":true}]}}