{"id":769285,"date":"2025-08-28T13:48:36","date_gmt":"2025-08-28T10:48:36","guid":{"rendered":"https:\/\/roveyayinevi.com.tr\/index.php\/urun\/isveclilerin-mutluluk-veren-gunluk-kahve-ritueli-ciltli\/"},"modified":"2026-04-08T03:31:40","modified_gmt":"2026-04-08T00:31:40","slug":"isveclilerin-mutluluk-veren-gunluk-kahve-ritueli-ciltli","status":"publish","type":"product","link":"https:\/\/roveyayinevi.com.tr\/index.php\/urun\/isveclilerin-mutluluk-veren-gunluk-kahve-ritueli-ciltli\/","title":{"rendered":"\u0130sve\u00e7lilerin Mutluluk Veren G\u00fcnl\u00fck Kahve Rit\u00fceli (Ciltli)"},"content":{"rendered":"<p>Hayat\u0131n basit zevkleri s\u00f6z konusu oldu\u011funda tatl\u0131 ya da tuzlu leziz bir at\u0131\u015ft\u0131rmal\u0131\u011f\u0131n e\u015flik etti\u011fi bir fincan kahvenin yerini hi\u00e7bir \u015fey tutamaz. \u0130sve\u00e7liler bu k\u00fc\u00e7\u00fck keyif anlar\u0131n\u0131 bizim kahve molas\u0131 olarak adland\u0131rd\u0131\u011f\u0131m\u0131z g\u00fcnl\u00fck fika rit\u00fceliyle kucakl\u0131yor. G\u00fcn i\u00e7inde yap\u0131lmas\u0131 gereken i\u015flere k\u0131sa bir ara verip rahatlayarak kahvelerini yudumlamak hem k\u00fclt\u00fcrlerinin, hem g\u00fcnl\u00fck ritimlerinin, hem de dillere destan mutluluklar\u0131n\u0131n ayr\u0131lmaz bir par\u00e7as\u0131. Bu k\u00fc\u00e7\u00fck kitapta \u0130sve\u00e7lilerin kahve molalar\u0131n\u0131 tamamlayan lezzetlerle ve \u0130sve\u00e7 tarz\u0131n\u0131n sadeli\u011fiyle tan\u0131\u015fmaya haz\u0131r olun.  <\/p>\n","protected":false},"excerpt":{"rendered":"<p>Hayat\u0131n basit zevkleri s\u00f6z konusu oldu\u011funda tatl\u0131 ya da tuzlu leziz bir at\u0131\u015ft\u0131rmal\u0131\u011f\u0131n e\u015flik etti\u011fi bir fincan kahvenin yerini hi\u00e7bir \u015fey tutamaz. \u0130sve\u00e7liler bu k\u00fc\u00e7\u00fck keyif<span class=\"excerpt-hellip\"> [\u2026]<\/span><\/p>\n","protected":false},"featured_media":0,"template":"","meta":{"_monsterinsights_skip_tracking":false,"_monsterinsights_sitenote_active":false,"_monsterinsights_sitenote_note":"","_monsterinsights_sitenote_category":0},"product_brand":[],"product_cat":[12364,12376],"product_tag":[],"class_list":{"0":"post-769285","1":"product","2":"type-product","3":"status-publish","5":"product_cat-genel-konular","6":"product_cat-kisisel-gelisim","7":"pa_cilt-ciltli","8":"pa_tur-kitap","9":"pa_yayinevi-pegasus-yayinlari","10":"pa_yazar-lynda-balslev","12":"first","13":"instock","14":"sale","15":"shipping-taxable","16":"purchasable","17":"product-type-simple"},"_links":{"self":[{"href":"https:\/\/roveyayinevi.com.tr\/index.php\/wp-json\/wp\/v2\/product\/769285","targetHints":{"allow":["GET"]}}],"collection":[{"href":"https:\/\/roveyayinevi.com.tr\/index.php\/wp-json\/wp\/v2\/product"}],"about":[{"href":"https:\/\/roveyayinevi.com.tr\/index.php\/wp-json\/wp\/v2\/types\/product"}],"wp:attachment":[{"href":"https:\/\/roveyayinevi.com.tr\/index.php\/wp-json\/wp\/v2\/media?parent=769285"}],"wp:term":[{"taxonomy":"product_brand","embeddable":true,"href":"https:\/\/roveyayinevi.com.tr\/index.php\/wp-json\/wp\/v2\/product_brand?post=769285"},{"taxonomy":"product_cat","embeddable":true,"href":"https:\/\/roveyayinevi.com.tr\/index.php\/wp-json\/wp\/v2\/product_cat?post=769285"},{"taxonomy":"product_tag","embeddable":true,"href":"https:\/\/roveyayinevi.com.tr\/index.php\/wp-json\/wp\/v2\/product_tag?post=769285"}],"curies":[{"name":"wp","href":"https:\/\/api.w.org\/{rel}","templated":true}]}}