{"id":769284,"date":"2025-08-28T13:48:33","date_gmt":"2025-08-28T10:48:33","guid":{"rendered":"https:\/\/roveyayinevi.com.tr\/index.php\/urun\/cinayet-paradir-bir-komiser-haritos-polisiyesi-13\/"},"modified":"2026-04-15T03:35:38","modified_gmt":"2026-04-15T00:35:38","slug":"cinayet-paradir-bir-komiser-haritos-polisiyesi-13","status":"publish","type":"product","link":"https:\/\/roveyayinevi.com.tr\/index.php\/urun\/cinayet-paradir-bir-komiser-haritos-polisiyesi-13\/","title":{"rendered":"Cinayet Parad\u0131r &#8211; Bir Komiser Haritos Polisiyesi 13"},"content":{"rendered":"<p>Sol siyaset, Atina sokaklar\u0131nda d\u00fczenlenen bir cenaze t\u00f6reniyle vakur bir \u015fekilde mezara ta\u015f\u0131nm\u0131\u015ft\u0131r. Bir karnaval ge\u00e7idi gibi g\u00f6r\u00fcnen bu t\u00f6ren, asl\u0131nda yeni bir protesto hareketinin ba\u015flang\u0131c\u0131d\u0131r: Yoksullar seslerini duyurmak i\u00e7in birle\u015fiyor! Peki, yabanc\u0131 yat\u0131r\u0131mc\u0131lar\u0131n katili de onlar\u0131n aras\u0131nda m\u0131yd\u0131? Dedektif Haritos ara\u015ft\u0131rmaya ba\u015flar ve \u015fehrin her yerinde paran\u0131n \u015fark\u0131s\u0131n\u0131 duyuncaya kadar takibi b\u0131rakmaz. \u201cMarkaris\u2019in 1995\u2019ten bu yana yay\u0131mlad\u0131\u011f\u0131 polisiye romanlar, Yunanistan\u2019\u0131n sosyal ve siyasi geli\u015fiminin bir kroni\u011fi niteli\u011findedir.\u201d \u2013Stefan Berkholz, WDR3, K\u00f6ln \u201cMarkaris okurlara bir kez daha \u015fa\u015f\u0131rt\u0131c\u0131 oldu\u011fu kadar b\u00fcy\u00fcleyici, hem ayd\u0131nlatan hem de ikna edici cevaplar sunan bir roman sunuyor.\u201d \u2013Stefan Rammer, PNP, Passau \u201cHaritos\u2019un her yeni roman\u0131yla g\u00fcn\u00fcm\u00fcz Yunanistan\u2019\u0131n\u0131 daha iyi anl\u0131yorsunuz.\u201d \u2013 Kurt Kister, S\u00fcddeutsche Zeitung, M\u00fcnih <\/p>\n","protected":false},"excerpt":{"rendered":"<p>Sol siyaset, Atina sokaklar\u0131nda d\u00fczenlenen bir cenaze t\u00f6reniyle vakur bir \u015fekilde mezara ta\u015f\u0131nm\u0131\u015ft\u0131r. Bir karnaval ge\u00e7idi gibi g\u00f6r\u00fcnen bu t\u00f6ren, asl\u0131nda yeni bir protesto hareketinin ba\u015flang\u0131c\u0131d\u0131r:<span class=\"excerpt-hellip\"> [\u2026]<\/span><\/p>\n","protected":false},"featured_media":0,"template":"","meta":{"_monsterinsights_skip_tracking":false,"_monsterinsights_sitenote_active":false,"_monsterinsights_sitenote_note":"","_monsterinsights_sitenote_category":0},"product_brand":[],"product_cat":[12291,15445],"product_tag":[],"class_list":{"0":"post-769284","1":"product","2":"type-product","3":"status-publish","5":"product_cat-edebiyat","6":"product_cat-polisiye","7":"pa_cilt-ciltsiz","8":"pa_tur-kitap","9":"pa_yayinevi-alfa-yayinlari","10":"pa_yazar-petros-markaris","12":"first","13":"instock","14":"sale","15":"shipping-taxable","16":"purchasable","17":"product-type-simple"},"_links":{"self":[{"href":"https:\/\/roveyayinevi.com.tr\/index.php\/wp-json\/wp\/v2\/product\/769284","targetHints":{"allow":["GET"]}}],"collection":[{"href":"https:\/\/roveyayinevi.com.tr\/index.php\/wp-json\/wp\/v2\/product"}],"about":[{"href":"https:\/\/roveyayinevi.com.tr\/index.php\/wp-json\/wp\/v2\/types\/product"}],"wp:attachment":[{"href":"https:\/\/roveyayinevi.com.tr\/index.php\/wp-json\/wp\/v2\/media?parent=769284"}],"wp:term":[{"taxonomy":"product_brand","embeddable":true,"href":"https:\/\/roveyayinevi.com.tr\/index.php\/wp-json\/wp\/v2\/product_brand?post=769284"},{"taxonomy":"product_cat","embeddable":true,"href":"https:\/\/roveyayinevi.com.tr\/index.php\/wp-json\/wp\/v2\/product_cat?post=769284"},{"taxonomy":"product_tag","embeddable":true,"href":"https:\/\/roveyayinevi.com.tr\/index.php\/wp-json\/wp\/v2\/product_tag?post=769284"}],"curies":[{"name":"wp","href":"https:\/\/api.w.org\/{rel}","templated":true}]}}