{"id":769280,"date":"2025-08-28T13:48:24","date_gmt":"2025-08-28T10:48:24","guid":{"rendered":"https:\/\/roveyayinevi.com.tr\/index.php\/urun\/oyundan-kacis\/"},"modified":"2026-04-15T03:35:38","modified_gmt":"2026-04-15T00:35:38","slug":"oyundan-kacis","status":"publish","type":"product","link":"https:\/\/roveyayinevi.com.tr\/index.php\/urun\/oyundan-kacis\/","title":{"rendered":"Oyundan Ka\u00e7\u0131\u015f"},"content":{"rendered":"<p>Yek D\u00fcnya \u015eehrinde her \u015fey yolunda gitmektedir.B\u00f6l\u00fcm a\u00e7mak, seviye atlamak, ekipman tasarlamak, hepsi harika hissettirtir. Burada kazanan ve kaybeden yoktur. Ne olursa olsun g\u00f6rev ba\u015far\u0131yla tamamlan\u0131r. Hora ve Alr\u00ee\u2019nin tak\u0131m\u0131 Yek D\u00fcnya\u2019da liderli\u011fi payla\u015fmaktad\u0131r. Herkes onlara hayranl\u0131kla bakar. Herkes, yani 14 ya\u015f\u0131nda 114 \u00e7ocuk. Her \u015fey yolunda gitmesine ra\u011fmen Hora neden kendini \u00e7\u0131kmazda hisseder? Kula\u011f\u0131nda duydu\u011fu sesler, g\u00f6rd\u00fc\u011f\u00fc sim\u00fclasyonlar da nedir? Yek D\u00fcnya\u2019n\u0131n ger\u00e7ekli\u011fi sars\u0131l\u0131r. Hora uyan\u0131r, oyun ba\u015flar. \u00d6yleyse:\u201cYEN\u0130 OYUN G\u00dcN\u00dcNE HAZIR MISINIZ?\u201d <\/p>\n","protected":false},"excerpt":{"rendered":"<p>Yek D\u00fcnya \u015eehrinde her \u015fey yolunda gitmektedir.B\u00f6l\u00fcm a\u00e7mak, seviye atlamak, ekipman tasarlamak, hepsi harika hissettirtir. Burada kazanan ve kaybeden yoktur. Ne olursa olsun g\u00f6rev ba\u015far\u0131yla tamamlan\u0131r.<span class=\"excerpt-hellip\"> [\u2026]<\/span><\/p>\n","protected":false},"featured_media":0,"template":"","meta":{"_monsterinsights_skip_tracking":false,"_monsterinsights_sitenote_active":false,"_monsterinsights_sitenote_note":"","_monsterinsights_sitenote_category":0},"product_brand":[],"product_cat":[12274,17859],"product_tag":[],"class_list":{"0":"post-769280","1":"product","2":"type-product","3":"status-publish","5":"product_cat-cocuk-ve-genclik-kitaplari","6":"product_cat-oyun-kitaplari","7":"pa_cilt-ciltsiz","8":"pa_tur-kitap","9":"pa_yayinevi-tulu-kitap","10":"pa_yazar-fatma-zehra-aydemir","12":"first","13":"instock","14":"sale","15":"shipping-taxable","16":"purchasable","17":"product-type-simple"},"_links":{"self":[{"href":"https:\/\/roveyayinevi.com.tr\/index.php\/wp-json\/wp\/v2\/product\/769280","targetHints":{"allow":["GET"]}}],"collection":[{"href":"https:\/\/roveyayinevi.com.tr\/index.php\/wp-json\/wp\/v2\/product"}],"about":[{"href":"https:\/\/roveyayinevi.com.tr\/index.php\/wp-json\/wp\/v2\/types\/product"}],"wp:attachment":[{"href":"https:\/\/roveyayinevi.com.tr\/index.php\/wp-json\/wp\/v2\/media?parent=769280"}],"wp:term":[{"taxonomy":"product_brand","embeddable":true,"href":"https:\/\/roveyayinevi.com.tr\/index.php\/wp-json\/wp\/v2\/product_brand?post=769280"},{"taxonomy":"product_cat","embeddable":true,"href":"https:\/\/roveyayinevi.com.tr\/index.php\/wp-json\/wp\/v2\/product_cat?post=769280"},{"taxonomy":"product_tag","embeddable":true,"href":"https:\/\/roveyayinevi.com.tr\/index.php\/wp-json\/wp\/v2\/product_tag?post=769280"}],"curies":[{"name":"wp","href":"https:\/\/api.w.org\/{rel}","templated":true}]}}