{"id":769278,"date":"2025-08-28T13:48:21","date_gmt":"2025-08-28T10:48:21","guid":{"rendered":"https:\/\/roveyayinevi.com.tr\/index.php\/urun\/siddetsiz-iletisimin-kalbi\/"},"modified":"2026-04-15T03:35:38","modified_gmt":"2026-04-15T00:35:38","slug":"siddetsiz-iletisimin-kalbi","status":"publish","type":"product","link":"https:\/\/roveyayinevi.com.tr\/index.php\/urun\/siddetsiz-iletisimin-kalbi\/","title":{"rendered":"\u015eiddetsiz \u0130leti\u015fim\u2019in Kalbi"},"content":{"rendered":"<p>\u201cBu kitap, \u015eiddetsiz \u0130leti\u015fim bilincini ara\u015ft\u0131rmak i\u00e7in derin bir yolculu\u011fa davet ediyor; deneyimli uygulay\u0131c\u0131lar\u0131n yan\u0131 s\u0131ra yeni \u00f6\u011frenenler i\u00e7in de paha bi\u00e7ilmez i\u00e7g\u00f6r\u00fcler sa\u011fl\u0131yor. Yazarlar, \u015eiddetsiz \u0130leti\u015fim\u2019in Marshall Rosenberg taraf\u0131ndan vurgulanan manevi temeli ile onun d\u00fcnyadaki \u015eiddetsiz \u0130leti\u015fim vizyonunun merkezinde yer alan toplumsal d\u00f6n\u00fc\u015f\u00fcm etkisi aras\u0131ndaki ba\u011flant\u0131y\u0131 titizlikle ortaya koyuyor. Bence Marshall bu kitab\u0131 okumaktan ve bize sundu\u011fu arma\u011fanlar\u0131 yeni nesillerin geli\u015ftirip derinle\u015ftirmeye devam etti\u011fini g\u00f6rmekten b\u00fcy\u00fck mutluluk duyard\u0131.\u201d \u2014LUCY LEU, \u015eiddetsiz \u0130leti\u015fim Yard\u0131mc\u0131 El Kitab\u0131\u2019n\u0131n yazar\u0131 Nonviolent Communication Toolkit for Facilitators kitab\u0131n\u0131n ortak yazar\u0131.<\/p>\n","protected":false},"excerpt":{"rendered":"<p>\u201cBu kitap, \u015eiddetsiz \u0130leti\u015fim bilincini ara\u015ft\u0131rmak i\u00e7in derin bir yolculu\u011fa davet ediyor; deneyimli uygulay\u0131c\u0131lar\u0131n yan\u0131 s\u0131ra yeni \u00f6\u011frenenler i\u00e7in de paha bi\u00e7ilmez i\u00e7g\u00f6r\u00fcler sa\u011fl\u0131yor. Yazarlar, \u015eiddetsiz<span class=\"excerpt-hellip\"> [\u2026]<\/span><\/p>\n","protected":false},"featured_media":0,"template":"","meta":{"_monsterinsights_skip_tracking":false,"_monsterinsights_sitenote_active":false,"_monsterinsights_sitenote_note":"","_monsterinsights_sitenote_category":0},"product_brand":[],"product_cat":[12358,12357],"product_tag":[],"class_list":{"0":"post-769278","1":"product","2":"type-product","3":"status-publish","5":"product_cat-genel-psikoloji","6":"product_cat-psikoloji","7":"pa_cilt-ciltsiz","8":"pa_tur-kitap","9":"pa_yayinevi-remzi-kitabevi","10":"pa_yazar-kristin-collier","12":"first","13":"instock","14":"sale","15":"shipping-taxable","16":"purchasable","17":"product-type-simple"},"_links":{"self":[{"href":"https:\/\/roveyayinevi.com.tr\/index.php\/wp-json\/wp\/v2\/product\/769278","targetHints":{"allow":["GET"]}}],"collection":[{"href":"https:\/\/roveyayinevi.com.tr\/index.php\/wp-json\/wp\/v2\/product"}],"about":[{"href":"https:\/\/roveyayinevi.com.tr\/index.php\/wp-json\/wp\/v2\/types\/product"}],"wp:attachment":[{"href":"https:\/\/roveyayinevi.com.tr\/index.php\/wp-json\/wp\/v2\/media?parent=769278"}],"wp:term":[{"taxonomy":"product_brand","embeddable":true,"href":"https:\/\/roveyayinevi.com.tr\/index.php\/wp-json\/wp\/v2\/product_brand?post=769278"},{"taxonomy":"product_cat","embeddable":true,"href":"https:\/\/roveyayinevi.com.tr\/index.php\/wp-json\/wp\/v2\/product_cat?post=769278"},{"taxonomy":"product_tag","embeddable":true,"href":"https:\/\/roveyayinevi.com.tr\/index.php\/wp-json\/wp\/v2\/product_tag?post=769278"}],"curies":[{"name":"wp","href":"https:\/\/api.w.org\/{rel}","templated":true}]}}