{"id":769277,"date":"2025-08-28T13:48:20","date_gmt":"2025-08-28T10:48:20","guid":{"rendered":"https:\/\/roveyayinevi.com.tr\/index.php\/urun\/memleketin-iktisadi-binasi-turkiye-is-bankasi-ciltli\/"},"modified":"2026-04-15T03:35:38","modified_gmt":"2026-04-15T00:35:38","slug":"memleketin-iktisadi-binasi-turkiye-is-bankasi-ciltli","status":"publish","type":"product","link":"https:\/\/roveyayinevi.com.tr\/index.php\/urun\/memleketin-iktisadi-binasi-turkiye-is-bankasi-ciltli\/","title":{"rendered":"Memleketin \u0130ktisadi Binas\u0131 T\u00fcrkiye \u0130\u015f Bankas\u0131 (Ciltli)"},"content":{"rendered":"<p>Memleketin \u0130ktisadi Binas\u0131 \u2013 T\u00fcrkiye \u0130\u015f Bankas\u0131 Tarihine Mimari Bir Bak\u0131\u015f <\/p>\n","protected":false},"excerpt":{"rendered":"<p>Memleketin \u0130ktisadi Binas\u0131 \u2013 T\u00fcrkiye \u0130\u015f Bankas\u0131 Tarihine Mimari Bir Bak\u0131\u015f<\/p>\n","protected":false},"featured_media":0,"template":"","meta":{"_monsterinsights_skip_tracking":false,"_monsterinsights_sitenote_active":false,"_monsterinsights_sitenote_note":"","_monsterinsights_sitenote_category":0},"product_brand":[],"product_cat":[13512,12408],"product_tag":[],"class_list":{"0":"post-769277","1":"product","2":"type-product","3":"status-publish","5":"product_cat-mimarlik","6":"product_cat-sanat","7":"pa_cilt-ciltli","8":"pa_tur-kitap","9":"pa_yayinevi-is-bankasi-kultur-yayinlari","10":"pa_yazar-seda-ozen-bilgili","12":"first","13":"instock","14":"sale","15":"shipping-taxable","16":"purchasable","17":"product-type-simple"},"_links":{"self":[{"href":"https:\/\/roveyayinevi.com.tr\/index.php\/wp-json\/wp\/v2\/product\/769277","targetHints":{"allow":["GET"]}}],"collection":[{"href":"https:\/\/roveyayinevi.com.tr\/index.php\/wp-json\/wp\/v2\/product"}],"about":[{"href":"https:\/\/roveyayinevi.com.tr\/index.php\/wp-json\/wp\/v2\/types\/product"}],"wp:attachment":[{"href":"https:\/\/roveyayinevi.com.tr\/index.php\/wp-json\/wp\/v2\/media?parent=769277"}],"wp:term":[{"taxonomy":"product_brand","embeddable":true,"href":"https:\/\/roveyayinevi.com.tr\/index.php\/wp-json\/wp\/v2\/product_brand?post=769277"},{"taxonomy":"product_cat","embeddable":true,"href":"https:\/\/roveyayinevi.com.tr\/index.php\/wp-json\/wp\/v2\/product_cat?post=769277"},{"taxonomy":"product_tag","embeddable":true,"href":"https:\/\/roveyayinevi.com.tr\/index.php\/wp-json\/wp\/v2\/product_tag?post=769277"}],"curies":[{"name":"wp","href":"https:\/\/api.w.org\/{rel}","templated":true}]}}