{"id":769276,"date":"2025-08-28T13:48:18","date_gmt":"2025-08-28T10:48:18","guid":{"rendered":"https:\/\/roveyayinevi.com.tr\/index.php\/urun\/en-iyi-kiz-kardesler-buyuk-surpriz\/"},"modified":"2026-04-15T03:35:38","modified_gmt":"2026-04-15T00:35:38","slug":"en-iyi-kiz-kardesler-buyuk-surpriz","status":"publish","type":"product","link":"https:\/\/roveyayinevi.com.tr\/index.php\/urun\/en-iyi-kiz-kardesler-buyuk-surpriz\/","title":{"rendered":"En \u0130yi Kiz Karde\u015fler \u2013 B\u00fcy\u00fck S\u00fcrpriz"},"content":{"rendered":"<p>Ece ile Ada, b\u00fcy\u00fck bir heyecanla karde\u015flerinin do\u011faca\u011f\u0131 g\u00fcn\u00fc bekliyorlar. Bu s\u00fcre i\u00e7inde karde\u015fleri i\u00e7in haz\u0131rl\u0131k yap\u0131yorlar. Lapa ile \u00c7apa\u2019n\u0131n yard\u0131m\u0131yla bez ba\u011flamay\u0131 \u00f6\u011freniyorlar. Beklemek hi\u00e7 bu kadar e\u011flenceli olmam\u0131\u015ft\u0131! B\u00fcy\u00fck g\u00fcn geldi\u011finde s\u00fcrprizler de ard\u0131 ard\u0131na geldi\u2026 Sevgi dolu, e\u011flenceli ve s\u0131cac\u0131k bir \u00f6yk\u00fc\u2026 <\/p>\n","protected":false},"excerpt":{"rendered":"<p>Ece ile Ada, b\u00fcy\u00fck bir heyecanla karde\u015flerinin do\u011faca\u011f\u0131 g\u00fcn\u00fc bekliyorlar. Bu s\u00fcre i\u00e7inde karde\u015fleri i\u00e7in haz\u0131rl\u0131k yap\u0131yorlar. Lapa ile \u00c7apa\u2019n\u0131n yard\u0131m\u0131yla bez ba\u011flamay\u0131 \u00f6\u011freniyorlar. Beklemek hi\u00e7<span class=\"excerpt-hellip\"> [\u2026]<\/span><\/p>\n","protected":false},"featured_media":0,"template":"","meta":{"_monsterinsights_skip_tracking":false,"_monsterinsights_sitenote_active":false,"_monsterinsights_sitenote_note":"","_monsterinsights_sitenote_category":0},"product_brand":[],"product_cat":[12274,12284],"product_tag":[],"class_list":{"0":"post-769276","1":"product","2":"type-product","3":"status-publish","5":"product_cat-cocuk-ve-genclik-kitaplari","6":"product_cat-hikayeler","7":"pa_cilt-ciltsiz","8":"pa_tur-kitap","9":"pa_yayinevi-is-bankasi-kultur-yayinlari","10":"pa_yazar-sarah-welk","12":"first","13":"instock","14":"sale","15":"shipping-taxable","16":"purchasable","17":"product-type-simple"},"_links":{"self":[{"href":"https:\/\/roveyayinevi.com.tr\/index.php\/wp-json\/wp\/v2\/product\/769276","targetHints":{"allow":["GET"]}}],"collection":[{"href":"https:\/\/roveyayinevi.com.tr\/index.php\/wp-json\/wp\/v2\/product"}],"about":[{"href":"https:\/\/roveyayinevi.com.tr\/index.php\/wp-json\/wp\/v2\/types\/product"}],"wp:attachment":[{"href":"https:\/\/roveyayinevi.com.tr\/index.php\/wp-json\/wp\/v2\/media?parent=769276"}],"wp:term":[{"taxonomy":"product_brand","embeddable":true,"href":"https:\/\/roveyayinevi.com.tr\/index.php\/wp-json\/wp\/v2\/product_brand?post=769276"},{"taxonomy":"product_cat","embeddable":true,"href":"https:\/\/roveyayinevi.com.tr\/index.php\/wp-json\/wp\/v2\/product_cat?post=769276"},{"taxonomy":"product_tag","embeddable":true,"href":"https:\/\/roveyayinevi.com.tr\/index.php\/wp-json\/wp\/v2\/product_tag?post=769276"}],"curies":[{"name":"wp","href":"https:\/\/api.w.org\/{rel}","templated":true}]}}