{"id":769275,"date":"2025-08-28T13:48:16","date_gmt":"2025-08-28T10:48:16","guid":{"rendered":"https:\/\/roveyayinevi.com.tr\/index.php\/urun\/afacan-kopek-kipirdak\/"},"modified":"2026-04-15T03:35:38","modified_gmt":"2026-04-15T00:35:38","slug":"afacan-kopek-kipirdak","status":"publish","type":"product","link":"https:\/\/roveyayinevi.com.tr\/index.php\/urun\/afacan-kopek-kipirdak\/","title":{"rendered":"Afacan K\u00f6pek K\u0131p\u0131rdak"},"content":{"rendered":"<p>\u00c7oban k\u00f6pe\u011fi K\u0131p\u0131rdak, ad\u0131 gibi yerinde duram\u0131yor, s\u00f6z dinlemiyor, s\u00fcrekli k\u0131p\u0131rdan\u0131yor ve oraya buraya ko\u015fturuyor! K\u0131p\u0131rdak\u2019\u0131n \u00e7oban k\u00f6pe\u011fi olmak i\u00e7in e\u011fitim g\u00f6rmesinin vakti geldi. Ancak \u00c7ift\u00e7i Fred ne yaparsa yaps\u0131n K\u0131p\u0131rdak\u2019a s\u00f6z ge\u00e7iremiyor. Acaba K\u0131p\u0131rdak g\u00fcn\u00fcn birinde iyi bir \u00e7oban k\u00f6pe\u011fi olabilecek mi?<\/p>\n","protected":false},"excerpt":{"rendered":"<p>\u00c7oban k\u00f6pe\u011fi K\u0131p\u0131rdak, ad\u0131 gibi yerinde duram\u0131yor, s\u00f6z dinlemiyor, s\u00fcrekli k\u0131p\u0131rdan\u0131yor ve oraya buraya ko\u015fturuyor! K\u0131p\u0131rdak\u2019\u0131n \u00e7oban k\u00f6pe\u011fi olmak i\u00e7in e\u011fitim g\u00f6rmesinin vakti geldi. Ancak \u00c7ift\u00e7i<span class=\"excerpt-hellip\"> [\u2026]<\/span><\/p>\n","protected":false},"featured_media":0,"template":"","meta":{"_monsterinsights_skip_tracking":false,"_monsterinsights_sitenote_active":false,"_monsterinsights_sitenote_note":"","_monsterinsights_sitenote_category":0},"product_brand":[],"product_cat":[12274,12518],"product_tag":[],"class_list":{"0":"post-769275","1":"product","2":"type-product","3":"status-publish","5":"product_cat-cocuk-ve-genclik-kitaplari","6":"product_cat-okul-oncesi-kitaplar","7":"pa_cilt-ciltsiz","8":"pa_tur-kitap","9":"pa_yayinevi-is-bankasi-kultur-yayinlari","10":"pa_yazar-susie-linn","12":"first","13":"instock","14":"sale","15":"shipping-taxable","16":"purchasable","17":"product-type-simple"},"_links":{"self":[{"href":"https:\/\/roveyayinevi.com.tr\/index.php\/wp-json\/wp\/v2\/product\/769275","targetHints":{"allow":["GET"]}}],"collection":[{"href":"https:\/\/roveyayinevi.com.tr\/index.php\/wp-json\/wp\/v2\/product"}],"about":[{"href":"https:\/\/roveyayinevi.com.tr\/index.php\/wp-json\/wp\/v2\/types\/product"}],"wp:attachment":[{"href":"https:\/\/roveyayinevi.com.tr\/index.php\/wp-json\/wp\/v2\/media?parent=769275"}],"wp:term":[{"taxonomy":"product_brand","embeddable":true,"href":"https:\/\/roveyayinevi.com.tr\/index.php\/wp-json\/wp\/v2\/product_brand?post=769275"},{"taxonomy":"product_cat","embeddable":true,"href":"https:\/\/roveyayinevi.com.tr\/index.php\/wp-json\/wp\/v2\/product_cat?post=769275"},{"taxonomy":"product_tag","embeddable":true,"href":"https:\/\/roveyayinevi.com.tr\/index.php\/wp-json\/wp\/v2\/product_tag?post=769275"}],"curies":[{"name":"wp","href":"https:\/\/api.w.org\/{rel}","templated":true}]}}