{"id":769273,"date":"2025-08-28T13:48:12","date_gmt":"2025-08-28T10:48:12","guid":{"rendered":"https:\/\/roveyayinevi.com.tr\/index.php\/urun\/kucuk-ugur-bocegi\/"},"modified":"2026-04-15T03:35:38","modified_gmt":"2026-04-15T00:35:38","slug":"kucuk-ugur-bocegi","status":"publish","type":"product","link":"https:\/\/roveyayinevi.com.tr\/index.php\/urun\/kucuk-ugur-bocegi\/","title":{"rendered":"K\u00fc\u00e7\u00fck U\u011fur B\u00f6ce\u011fi"},"content":{"rendered":"<p>Hi\u00e7 k\u0131pk\u0131rm\u0131z\u0131 bir u\u011fur b\u00f6ce\u011finin nas\u0131l beneklendi\u011fini merak ettiniz mi? \u00d6yleyse k\u00fc\u00e7\u00fck u\u011fur b\u00f6ce\u011fiyle tan\u0131\u015fmal\u0131s\u0131n\u0131z! Bu kitapta bir u\u011fur b\u00f6ce\u011fi yavrusunun b\u00fcy\u00fcme maceras\u0131 \u00fczerinden, u\u011fur b\u00f6ceklerinin ya\u015famlar\u0131 hakk\u0131nda bilgi veriliyor. <\/p>\n","protected":false},"excerpt":{"rendered":"<p>Hi\u00e7 k\u0131pk\u0131rm\u0131z\u0131 bir u\u011fur b\u00f6ce\u011finin nas\u0131l beneklendi\u011fini merak ettiniz mi? \u00d6yleyse k\u00fc\u00e7\u00fck u\u011fur b\u00f6ce\u011fiyle tan\u0131\u015fmal\u0131s\u0131n\u0131z! Bu kitapta bir u\u011fur b\u00f6ce\u011fi yavrusunun b\u00fcy\u00fcme maceras\u0131 \u00fczerinden, u\u011fur b\u00f6ceklerinin<span class=\"excerpt-hellip\"> [\u2026]<\/span><\/p>\n","protected":false},"featured_media":0,"template":"","meta":{"_monsterinsights_skip_tracking":false,"_monsterinsights_sitenote_active":false,"_monsterinsights_sitenote_note":"","_monsterinsights_sitenote_category":0},"product_brand":[],"product_cat":[12274,12518],"product_tag":[],"class_list":{"0":"post-769273","1":"product","2":"type-product","3":"status-publish","5":"product_cat-cocuk-ve-genclik-kitaplari","6":"product_cat-okul-oncesi-kitaplar","7":"pa_cilt-ciltsiz","8":"pa_tur-kitap","9":"pa_yayinevi-is-bankasi-kultur-yayinlari","10":"pa_yazar-wednesday-jones-katie-taylor","12":"first","13":"instock","14":"sale","15":"shipping-taxable","16":"purchasable","17":"product-type-simple"},"_links":{"self":[{"href":"https:\/\/roveyayinevi.com.tr\/index.php\/wp-json\/wp\/v2\/product\/769273","targetHints":{"allow":["GET"]}}],"collection":[{"href":"https:\/\/roveyayinevi.com.tr\/index.php\/wp-json\/wp\/v2\/product"}],"about":[{"href":"https:\/\/roveyayinevi.com.tr\/index.php\/wp-json\/wp\/v2\/types\/product"}],"wp:attachment":[{"href":"https:\/\/roveyayinevi.com.tr\/index.php\/wp-json\/wp\/v2\/media?parent=769273"}],"wp:term":[{"taxonomy":"product_brand","embeddable":true,"href":"https:\/\/roveyayinevi.com.tr\/index.php\/wp-json\/wp\/v2\/product_brand?post=769273"},{"taxonomy":"product_cat","embeddable":true,"href":"https:\/\/roveyayinevi.com.tr\/index.php\/wp-json\/wp\/v2\/product_cat?post=769273"},{"taxonomy":"product_tag","embeddable":true,"href":"https:\/\/roveyayinevi.com.tr\/index.php\/wp-json\/wp\/v2\/product_tag?post=769273"}],"curies":[{"name":"wp","href":"https:\/\/api.w.org\/{rel}","templated":true}]}}