{"id":769272,"date":"2025-08-28T13:48:11","date_gmt":"2025-08-28T10:48:11","guid":{"rendered":"https:\/\/roveyayinevi.com.tr\/index.php\/urun\/monti-basim-dertte\/"},"modified":"2026-04-15T03:35:38","modified_gmt":"2026-04-15T00:35:38","slug":"monti-basim-dertte","status":"publish","type":"product","link":"https:\/\/roveyayinevi.com.tr\/index.php\/urun\/monti-basim-dertte\/","title":{"rendered":"Monti Ba\u015f\u0131m Dertte"},"content":{"rendered":"<p>Monti \u00e7ok heyecanl\u0131yd\u0131 \u00e7\u00fcnk\u00fc o g\u00fcn \u00e7ok \u00f6nemli bir i\u015fi vard\u0131. Ormandaki parti i\u00e7in \u015fenlik ate\u015fini Monti yakacakt\u0131! Gelgelelim, odun toplamak i\u00e7in yola koyulur koyulmaz bir s\u00fcr\u00fc terslik ya\u015fand\u0131. Monti\u2019nin ba\u015f\u0131 dertteydi\u2026 Ama sonunda, arkada\u015f\u0131 Kurba\u011fa, Monti\u2019nin imdad\u0131na yeti\u015fti. Acaba Kurba\u011fa, Monti\u2019ye s\u0131k\u0131nt\u0131lar\u0131n asl\u0131nda sand\u0131\u011f\u0131 kadar b\u00fcy\u00fck olmad\u0131\u011f\u0131n\u0131 g\u00f6sterebilecek mi? <\/p>\n","protected":false},"excerpt":{"rendered":"<p>Monti \u00e7ok heyecanl\u0131yd\u0131 \u00e7\u00fcnk\u00fc o g\u00fcn \u00e7ok \u00f6nemli bir i\u015fi vard\u0131. Ormandaki parti i\u00e7in \u015fenlik ate\u015fini Monti yakacakt\u0131! Gelgelelim, odun toplamak i\u00e7in yola koyulur koyulmaz bir<span class=\"excerpt-hellip\"> [\u2026]<\/span><\/p>\n","protected":false},"featured_media":0,"template":"","meta":{"_monsterinsights_skip_tracking":false,"_monsterinsights_sitenote_active":false,"_monsterinsights_sitenote_note":"","_monsterinsights_sitenote_category":0},"product_brand":[],"product_cat":[12274,12518],"product_tag":[],"class_list":{"0":"post-769272","1":"product","2":"type-product","3":"status-publish","5":"product_cat-cocuk-ve-genclik-kitaplari","6":"product_cat-okul-oncesi-kitaplar","7":"pa_cilt-ciltsiz","8":"pa_tur-kitap","9":"pa_yayinevi-is-bankasi-kultur-yayinlari","10":"pa_yazar-duncan-beedie","12":"first","13":"instock","14":"sale","15":"shipping-taxable","16":"purchasable","17":"product-type-simple"},"_links":{"self":[{"href":"https:\/\/roveyayinevi.com.tr\/index.php\/wp-json\/wp\/v2\/product\/769272","targetHints":{"allow":["GET"]}}],"collection":[{"href":"https:\/\/roveyayinevi.com.tr\/index.php\/wp-json\/wp\/v2\/product"}],"about":[{"href":"https:\/\/roveyayinevi.com.tr\/index.php\/wp-json\/wp\/v2\/types\/product"}],"wp:attachment":[{"href":"https:\/\/roveyayinevi.com.tr\/index.php\/wp-json\/wp\/v2\/media?parent=769272"}],"wp:term":[{"taxonomy":"product_brand","embeddable":true,"href":"https:\/\/roveyayinevi.com.tr\/index.php\/wp-json\/wp\/v2\/product_brand?post=769272"},{"taxonomy":"product_cat","embeddable":true,"href":"https:\/\/roveyayinevi.com.tr\/index.php\/wp-json\/wp\/v2\/product_cat?post=769272"},{"taxonomy":"product_tag","embeddable":true,"href":"https:\/\/roveyayinevi.com.tr\/index.php\/wp-json\/wp\/v2\/product_tag?post=769272"}],"curies":[{"name":"wp","href":"https:\/\/api.w.org\/{rel}","templated":true}]}}