{"id":769268,"date":"2025-08-28T13:48:04","date_gmt":"2025-08-28T10:48:04","guid":{"rendered":"https:\/\/roveyayinevi.com.tr\/index.php\/urun\/mavi-balon\/"},"modified":"2026-04-15T03:35:38","modified_gmt":"2026-04-15T00:35:38","slug":"mavi-balon","status":"publish","type":"product","link":"https:\/\/roveyayinevi.com.tr\/index.php\/urun\/mavi-balon\/","title":{"rendered":"Mavi Balon"},"content":{"rendered":"<p>Renkli Bir D\u00fcnyaya Yolculuk: Mavi Balon Ayla \u00c7\u0131naro\u011flu&#8217;nun kaleme ald\u0131\u011f\u0131 Mavi Balon, \u00e7ocuklar\u0131n hayal d\u00fcnyas\u0131n\u0131 renklendiren ve onlara \u00f6nemli hayat dersleri veren s\u0131cak bir hik\u00e2ye. Ay\u015fe \u00c7\u0131naro\u011flu&#8217;nun birbirinden g\u00fczel \u00e7izimleriyle hayat verdi\u011fi bu kitap, hem k\u00fc\u00e7\u00fck okurlar hem de yeti\u015fkinler i\u00e7in keyifli bir okuma deneyimi sunuyor. ***Mavi Balon,kutudaki renkli balonlar aras\u0131nda tek mavi balondu.B\u00fct\u00fcn balonlar i\u00e7inde de tek miydi acaba? <\/p>\n","protected":false},"excerpt":{"rendered":"<p>Renkli Bir D\u00fcnyaya Yolculuk: Mavi Balon Ayla \u00c7\u0131naro\u011flu&#8217;nun kaleme ald\u0131\u011f\u0131 Mavi Balon, \u00e7ocuklar\u0131n hayal d\u00fcnyas\u0131n\u0131 renklendiren ve onlara \u00f6nemli hayat dersleri veren s\u0131cak bir hik\u00e2ye. Ay\u015fe<span class=\"excerpt-hellip\"> [\u2026]<\/span><\/p>\n","protected":false},"featured_media":0,"template":"","meta":{"_monsterinsights_skip_tracking":false,"_monsterinsights_sitenote_active":false,"_monsterinsights_sitenote_note":"","_monsterinsights_sitenote_category":0},"product_brand":[],"product_cat":[12274,12518],"product_tag":[],"class_list":{"0":"post-769268","1":"product","2":"type-product","3":"status-publish","5":"product_cat-cocuk-ve-genclik-kitaplari","6":"product_cat-okul-oncesi-kitaplar","7":"pa_cilt-ciltsiz","8":"pa_tur-kitap","9":"pa_yayinevi-fom-kitap","10":"pa_yazar-ayla-cinaroglu","12":"first","13":"instock","14":"sale","15":"shipping-taxable","16":"purchasable","17":"product-type-simple"},"_links":{"self":[{"href":"https:\/\/roveyayinevi.com.tr\/index.php\/wp-json\/wp\/v2\/product\/769268","targetHints":{"allow":["GET"]}}],"collection":[{"href":"https:\/\/roveyayinevi.com.tr\/index.php\/wp-json\/wp\/v2\/product"}],"about":[{"href":"https:\/\/roveyayinevi.com.tr\/index.php\/wp-json\/wp\/v2\/types\/product"}],"wp:attachment":[{"href":"https:\/\/roveyayinevi.com.tr\/index.php\/wp-json\/wp\/v2\/media?parent=769268"}],"wp:term":[{"taxonomy":"product_brand","embeddable":true,"href":"https:\/\/roveyayinevi.com.tr\/index.php\/wp-json\/wp\/v2\/product_brand?post=769268"},{"taxonomy":"product_cat","embeddable":true,"href":"https:\/\/roveyayinevi.com.tr\/index.php\/wp-json\/wp\/v2\/product_cat?post=769268"},{"taxonomy":"product_tag","embeddable":true,"href":"https:\/\/roveyayinevi.com.tr\/index.php\/wp-json\/wp\/v2\/product_tag?post=769268"}],"curies":[{"name":"wp","href":"https:\/\/api.w.org\/{rel}","templated":true}]}}