{"id":769265,"date":"2025-08-28T13:48:00","date_gmt":"2025-08-28T10:48:00","guid":{"rendered":"https:\/\/roveyayinevi.com.tr\/index.php\/urun\/tarihi-sekillendiren-padisahlar-osmanli-imparatorlugu-sultanen-ku-diroke-diafirinin-imparatoriya-osmani\/"},"modified":"2026-04-15T03:35:38","modified_gmt":"2026-04-15T00:35:38","slug":"tarihi-sekillendiren-padisahlar-osmanli-imparatorlugu-sultanen-ku-diroke-diafirinin-imparatoriya-osmani","status":"publish","type":"product","link":"https:\/\/roveyayinevi.com.tr\/index.php\/urun\/tarihi-sekillendiren-padisahlar-osmanli-imparatorlugu-sultanen-ku-diroke-diafirinin-imparatoriya-osmani\/","title":{"rendered":"Tarihi \u015eekillendiren Padi\u015fahlar Osmanl\u0131 \u0130mparatorlu\u011fu &amp; Sultanen ku Diroke Diafirinin: \u0130mparatoriya Osmani"},"content":{"rendered":"<p>\u00b7         Tarihi \u015eekillendiren Padi\u015fahlar: Osmanl\u0131 \u0130mparatorlu\u011fu       Osmanl\u0131 \u0130mparatorlu\u011fu&#8217;nun alt\u0131n \u00e7a\u011f\u0131, 36 y\u00fcce padi\u015fah\u0131n g\u00fc\u00e7l\u00fc liderlikleriyle \u015fekillenmi\u015f ve as\u0131rlara damgas\u0131n\u0131 vurmu\u015ftur. Her bir h\u00fck\u00fcmdar, sadece kendi zaman\u0131n\u0131n de\u011fil, t\u00fcm insanl\u0131k tarihinin y\u00f6n\u00fcn\u00fc de\u011fi\u015ftiren kararlarla tarihe ad\u0131n\u0131 alt\u0131n harflerle yazd\u0131rm\u0131\u015ft\u0131r. Bu e\u015fsiz eser, Osmanl\u0131&#8217;n\u0131n zirveye ula\u015fmas\u0131nda pay\u0131 olan o b\u00fcy\u00fck padi\u015fahlar\u0131 derinlemesine ke\u015ffetmek isteyenler i\u00e7in bir kap\u0131 aralar.        Her padi\u015fah, imparatorlu\u011fun g\u00f6rkemini zirveye ta\u015f\u0131rken, ayn\u0131 zamanda alt\u0131n \u00e7a\u011f\u0131n izlerini b\u0131rakt\u0131\u011f\u0131 topraklarda kal\u0131c\u0131 izler b\u0131rakm\u0131\u015ft\u0131r. Bu kitap, o izleri, o miras\u0131 ve o liderlik anlay\u0131\u015flar\u0131n\u0131 ustaca harmanlayarak, Osmanl\u0131&#8217;n\u0131n ihti\u015fam\u0131n\u0131 ve g\u00fcc\u00fcn\u00fc anlaman\u0131z\u0131 sa\u011flar. Alt\u0131n d\u00f6nemine ad\u0131m atmaya haz\u0131r m\u0131s\u0131n\u0131z?         \u0130mparatorlu\u011fun tarihini \u00f6\u011frenin, bir padi\u015fah\u0131n y\u00f6netim anlay\u0131\u015f\u0131nda gizli olan g\u00fcc\u00fc ke\u015ffedin.   \u00b7         Sultan\u00ean ku D\u00eerok\u00ea Diafir\u00eenin: \u00cemparatoriya Osman\u00ee   Serdema z\u00ear\u00een a \u00cemparatoriya Osman\u00ee bi r\u00eaberiya bih\u00eaz a 36 sultan\u00ean bilind p\u00eak hat \u00fb mohra xwe li sedsalan hi\u015ft. Her desthilatdar\u00ee bi biryar\u00ean ku ne ten\u00ea dema xwe, tevahiya d\u00eeroka mirovahiy\u00ea guhertiye nav\u00ea xwe di d\u00eerok\u00ea de bi t\u00eep\u00ean z\u00ear\u00een niv\u00eesandiye. Ev xebata b\u00eahempa deriyek vedike ji bo kes\u00ean ku dixwazin bi k\u00fbrah\u00ee li wan sultan\u00ean mezin bigerin ku ji bo ku \u00cemparatoriya Osman\u00ee bigih\u00eeje l\u00fbtkeya xwe ked dane.   Dema ku her sultanek r\u00fbmeta \u00eemparatoriy\u00ea gihandiye l\u00fbtkeya xwe, wan j\u00ee \u015fop\u00ean may\u00eende li ser axa ku serdema z\u00ear\u00een mohra xwe l\u00ea hi\u015ftiye hi\u015ftin. Ev pirt\u00fbk r\u00ea dide we ku h\u00fbn heybet \u00fb h\u00eaza \u00cemparatoriya Osman\u00ee bi j\u00eahat\u00ee tevhevkirina wan \u015fopan, w\u00ea m\u00eerat\u00ea \u00fb wan t\u00eageh\u00ean serokatiy\u00ea fam bikin. Ma h\u00fbn amade ne ku derbas\u00ee serdema z\u00ear\u00een bibin?   D\u00eeroka \u00eemparatoriy\u00ea f\u00ear bibin \u00fb h\u00eaza ku di t\u00eagihi\u015ftina r\u00eaveberiy\u00ea ya sultan de ve\u015fart\u00ee ye kif\u015f bikin. <\/p>\n","protected":false},"excerpt":{"rendered":"<p>\u00b7 Tarihi \u015eekillendiren Padi\u015fahlar: Osmanl\u0131 \u0130mparatorlu\u011fu Osmanl\u0131 \u0130mparatorlu\u011fu&#8217;nun alt\u0131n \u00e7a\u011f\u0131, 36 y\u00fcce padi\u015fah\u0131n g\u00fc\u00e7l\u00fc liderlikleriyle \u015fekillenmi\u015f ve as\u0131rlara damgas\u0131n\u0131 vurmu\u015ftur. Her bir h\u00fck\u00fcmdar, sadece kendi zaman\u0131n\u0131n<span class=\"excerpt-hellip\"> [\u2026]<\/span><\/p>\n","protected":false},"featured_media":0,"template":"","meta":{"_monsterinsights_skip_tracking":false,"_monsterinsights_sitenote_active":false,"_monsterinsights_sitenote_note":"","_monsterinsights_sitenote_category":0},"product_brand":[],"product_cat":[13517,12304],"product_tag":[],"class_list":{"0":"post-769265","1":"product","2":"type-product","3":"status-publish","5":"product_cat-osmanli-tarihi","6":"product_cat-tarih","7":"pa_cilt-ciltsiz","8":"pa_tur-kitap","9":"pa_yayinevi-kalem-lugat-yayincilik","10":"pa_yazar-zubeyt-bozkurt","12":"first","13":"instock","14":"sale","15":"shipping-taxable","16":"purchasable","17":"product-type-simple"},"_links":{"self":[{"href":"https:\/\/roveyayinevi.com.tr\/index.php\/wp-json\/wp\/v2\/product\/769265","targetHints":{"allow":["GET"]}}],"collection":[{"href":"https:\/\/roveyayinevi.com.tr\/index.php\/wp-json\/wp\/v2\/product"}],"about":[{"href":"https:\/\/roveyayinevi.com.tr\/index.php\/wp-json\/wp\/v2\/types\/product"}],"wp:attachment":[{"href":"https:\/\/roveyayinevi.com.tr\/index.php\/wp-json\/wp\/v2\/media?parent=769265"}],"wp:term":[{"taxonomy":"product_brand","embeddable":true,"href":"https:\/\/roveyayinevi.com.tr\/index.php\/wp-json\/wp\/v2\/product_brand?post=769265"},{"taxonomy":"product_cat","embeddable":true,"href":"https:\/\/roveyayinevi.com.tr\/index.php\/wp-json\/wp\/v2\/product_cat?post=769265"},{"taxonomy":"product_tag","embeddable":true,"href":"https:\/\/roveyayinevi.com.tr\/index.php\/wp-json\/wp\/v2\/product_tag?post=769265"}],"curies":[{"name":"wp","href":"https:\/\/api.w.org\/{rel}","templated":true}]}}