{"id":769264,"date":"2025-08-28T13:47:59","date_gmt":"2025-08-28T10:47:59","guid":{"rendered":"https:\/\/roveyayinevi.com.tr\/index.php\/urun\/travmalardan-ozgurlesmek\/"},"modified":"2026-04-15T03:35:38","modified_gmt":"2026-04-15T00:35:38","slug":"travmalardan-ozgurlesmek","status":"publish","type":"product","link":"https:\/\/roveyayinevi.com.tr\/index.php\/urun\/travmalardan-ozgurlesmek\/","title":{"rendered":"Travmalardan \u00d6zgu\u0308rle\u015fmek"},"content":{"rendered":"<p>\u015eimdi zincirlerinizi k\u0131r\u0131n, ruhunuzu \u00f6zg\u00fcr b\u0131rak\u0131n ve hayat\u0131n\u0131z\u0131 yeniden yarat\u0131n!   Hepimizin ya\u015fam yolculu\u011funda iz b\u0131rakan deneyimleri vard\u0131r; kimi zaman bu izler, g\u00f6r\u00fcnmez ba\u011flarla bizi ge\u00e7mi\u015fe zincirler. Peki, bu zincirleri k\u0131r\u0131p \u00f6zg\u00fcrl\u00fc\u011fe ad\u0131m atmak m\u00fcmk\u00fcn m\u00fc? Travmalardan \u00d6zg\u00fcrle\u015fmek, \u015famanik bilgeli\u011fin kadim yollar\u0131n\u0131 modern d\u00fcnyan\u0131n ihtiya\u00e7lar\u0131na g\u00f6re yeniden yorumluyor. Bu kitap, travmalar\u0131n\u0131z\u0131 anlaman\u0131za, ge\u00e7mi\u015fin y\u00fcklerinden kurtulman\u0131za ve hayat\u0131n\u0131z\u0131 yeniden \u015fekillendirmenize yard\u0131mc\u0131 olacak \u015famanik rit\u00fceller, derin i\u00e7sel \u00e7al\u0131\u015fmalar ve pratiklerle dolu. \u015eamanik geleneklerden ilham al\u0131narak haz\u0131rlanan bu kitapta: Travmalar\u0131n\u0131z\u0131n k\u00f6kenini ke\u015ffetmeyi, Ruhunuzu iyile\u015ftiren d\u00f6n\u00fc\u015f\u00fcm tekniklerini, Do\u011fan\u0131n ve enerjinin \u015fifal\u0131 g\u00fcc\u00fcyle yeniden ba\u011f kurmay\u0131, G\u00fcnl\u00fck ya\u015fam\u0131n\u0131za uygulanabilir pratiklerle i\u00e7sel dengeyi bulmay\u0131 \u00f6\u011freneceksiniz. Bu kitap, ge\u00e7mi\u015fin yaralar\u0131n\u0131 bir bilgelik kayna\u011f\u0131na d\u00f6n\u00fc\u015ft\u00fcrmek isteyen herkes i\u00e7in g\u00fc\u00e7l\u00fc bir k\u0131lavuz. \u0130\u00e7inizdeki \u015fifac\u0131ya ula\u015f\u0131n, kendi g\u00fcc\u00fcn\u00fcz\u00fc geri kazan\u0131n ve hayat\u0131 yeni bir g\u00f6zle ke\u015ffetmeye ba\u015flay\u0131n. <\/p>\n","protected":false},"excerpt":{"rendered":"<p>\u015eimdi zincirlerinizi k\u0131r\u0131n, ruhunuzu \u00f6zg\u00fcr b\u0131rak\u0131n ve hayat\u0131n\u0131z\u0131 yeniden yarat\u0131n! Hepimizin ya\u015fam yolculu\u011funda iz b\u0131rakan deneyimleri vard\u0131r; kimi zaman bu izler, g\u00f6r\u00fcnmez ba\u011flarla bizi ge\u00e7mi\u015fe zincirler.<span class=\"excerpt-hellip\"> [\u2026]<\/span><\/p>\n","protected":false},"featured_media":0,"template":"","meta":{"_monsterinsights_skip_tracking":false,"_monsterinsights_sitenote_active":false,"_monsterinsights_sitenote_note":"","_monsterinsights_sitenote_category":0},"product_brand":[],"product_cat":[12364,12376],"product_tag":[],"class_list":{"0":"post-769264","1":"product","2":"type-product","3":"status-publish","5":"product_cat-genel-konular","6":"product_cat-kisisel-gelisim","7":"pa_cilt-ciltsiz","8":"pa_tur-kitap","9":"pa_yayinevi-omega","10":"pa_yazar-langston-kahn","12":"first","13":"instock","14":"sale","15":"shipping-taxable","16":"purchasable","17":"product-type-simple"},"_links":{"self":[{"href":"https:\/\/roveyayinevi.com.tr\/index.php\/wp-json\/wp\/v2\/product\/769264","targetHints":{"allow":["GET"]}}],"collection":[{"href":"https:\/\/roveyayinevi.com.tr\/index.php\/wp-json\/wp\/v2\/product"}],"about":[{"href":"https:\/\/roveyayinevi.com.tr\/index.php\/wp-json\/wp\/v2\/types\/product"}],"wp:attachment":[{"href":"https:\/\/roveyayinevi.com.tr\/index.php\/wp-json\/wp\/v2\/media?parent=769264"}],"wp:term":[{"taxonomy":"product_brand","embeddable":true,"href":"https:\/\/roveyayinevi.com.tr\/index.php\/wp-json\/wp\/v2\/product_brand?post=769264"},{"taxonomy":"product_cat","embeddable":true,"href":"https:\/\/roveyayinevi.com.tr\/index.php\/wp-json\/wp\/v2\/product_cat?post=769264"},{"taxonomy":"product_tag","embeddable":true,"href":"https:\/\/roveyayinevi.com.tr\/index.php\/wp-json\/wp\/v2\/product_tag?post=769264"}],"curies":[{"name":"wp","href":"https:\/\/api.w.org\/{rel}","templated":true}]}}