{"id":769263,"date":"2025-08-28T13:47:57","date_gmt":"2025-08-28T10:47:57","guid":{"rendered":"https:\/\/roveyayinevi.com.tr\/index.php\/urun\/gabriel-garcia-marquez\/"},"modified":"2026-04-15T03:35:37","modified_gmt":"2026-04-15T00:35:37","slug":"gabriel-garcia-marquez","status":"publish","type":"product","link":"https:\/\/roveyayinevi.com.tr\/index.php\/urun\/gabriel-garcia-marquez\/","title":{"rendered":"Gabriel Garcia Marquez"},"content":{"rendered":"<p>Okurlar\u0131yla bulu\u015ftu\u011fu andan itibaren b\u00fcy\u00fck bir ilgi g\u00f6ren, ilerleyen zaman i\u00e7inde de klasik seviyesine ula\u015fan Y\u00fczy\u0131ll\u0131k Yaln\u0131zl\u0131k\u2019\u0131n yazar\u0131 Gabriel Garc\u00eda M\u00e1rquez, 1982 y\u0131l\u0131nda Nobel Edebiyat \u00d6d\u00fcl\u00fc\u2019n\u00fc ald\u0131\u011f\u0131nda \u00fc\u00e7 \u00fclke onun kendi yazar\u0131 oldu\u011funu iddia edecekti: Kolombiya, Meksika ve K\u00fcba. \u00dcstelik hepsi de hakl\u0131yd\u0131. Kolombiya, do\u011fup b\u00fcy\u00fcd\u00fc\u011f\u00fc, onca yoksunluk ve yoksulluk \u00e7ekmesine kar\u015f\u0131n \u0131srarla yazmak suretiyle \u00fcslubunu oturtarak uzun, ak\u0131c\u0131 ve \u015fa\u015f\u0131rt\u0131c\u0131 \u00f6l\u00e7\u00fcde heyecanland\u0131r\u0131c\u0131 c\u00fcmlelerini olu\u015fturdu\u011fu vatan\u0131yd\u0131. Meksika, en uzun ya\u015fad\u0131\u011f\u0131 ve en rahat \u00e7al\u0131\u015ft\u0131\u011f\u0131 yerdi. K\u00fcba ise her Latin Amerikal\u0131 gibi onun da i\u00e7inde biraz Fidel\u2019lik bulundu\u011fu i\u00e7in, siyaseten vatanda\u015f\u0131 hissetti\u011fi \u00fclkeydi. Memleketinin halk t\u00fcrk\u00fclerini s\u00f6yleyip sokaklarda dans etmekten keyif alan M\u00e1rquez, siyasi duru\u015fuyla k\u0131tas\u0131n\u0131n iktidar sahibi diktat\u00f6rlerini maruz b\u0131rakt\u0131\u011f\u0131 so\u011fuk du\u015flar, yazd\u0131klar\u0131yla okuyucusuna tatt\u0131rd\u0131\u011f\u0131 edebi hazlar ve \u00e7\u0131lg\u0131nl\u0131klar\u0131yla \u00e7evresine ya\u015fatt\u0131\u011f\u0131 ne\u015feli anlar sayesinde giderek b\u00fcy\u00fcyen bir arkada\u015f \u00e7evresi edinmi\u015ftir. Latin Amerika\u2019n\u0131n edebiyat patlamas\u0131n\u0131n ve b\u00fcy\u00fck bir isabetle b\u00fcy\u00fcl\u00fc ger\u00e7ek\u00e7ilik olarak adland\u0131r\u0131lan ak\u0131m\u0131n en \u00f6nemli yazar\u0131 olarak ba\u015fta Fidel Castro, Fran\u00e7ois Mitterand, Felipe Gonz\u00e1lez, Bill Clinton olmak \u00fczere d\u00fcnyadaki bir\u00e7ok \u00f6nemli liderin dostlu\u011funu kazanm\u0131\u015ft\u0131r. \u00dclkesine, k\u0131tas\u0131na ve sola katk\u0131da bulunmak i\u00e7in hayli \u00e7al\u0131\u015ft\u0131ktan ve d\u00fcnyan\u0131n en \u00fcnl\u00fc Nobel\u2019lisi olduktan sonra, kendine sayg\u0131 duyan her yazar\u0131n \u0130ngilizce bir biyografisinin yaz\u0131lmas\u0131 gerekti\u011fine ikna olmu\u015f ve hayat \u00f6yk\u00fcs\u00fcn\u00fc ka\u011f\u0131da d\u00f6kmek isteyen Latin Amerika edebiyat\u0131 uzman\u0131 ABD\u2019li Gerald Martin\u2019in \u00f6nerisini kabul etmi\u015ftir. \u00d6nceleri sadece \u201cm\u00fcsamaha g\u00f6sterdi\u011fi\u201d Martin, aral\u0131kl\u0131 g\u00f6r\u00fc\u015fmelerle on yedi y\u0131la uzayan bir s\u00fcre\u00e7 i\u00e7inde, kendisinin \u201cresmi biyografi yazar\u0131\u201d stat\u00fcs\u00fcne kavu\u015facakt\u0131r. Martin\u2019in \u00fc\u00e7 y\u00fczden fazla ki\u015fiyle yap\u0131lan r\u00f6portajlar\u0131 da i\u00e7eren bu uzun ve me\u015fakkatli \u00e7al\u0131\u015fmas\u0131n\u0131n sonucunda \u00fcslubu, i\u00e7eri\u011fi ve dozunda mizah\u0131yla elinizdeki harika biyografi ortaya \u00e7\u0131km\u0131\u015ft\u0131r. <\/p>\n","protected":false},"excerpt":{"rendered":"<p>Okurlar\u0131yla bulu\u015ftu\u011fu andan itibaren b\u00fcy\u00fck bir ilgi g\u00f6ren, ilerleyen zaman i\u00e7inde de klasik seviyesine ula\u015fan Y\u00fczy\u0131ll\u0131k Yaln\u0131zl\u0131k\u2019\u0131n yazar\u0131 Gabriel Garc\u00eda M\u00e1rquez, 1982 y\u0131l\u0131nda Nobel Edebiyat \u00d6d\u00fcl\u00fc\u2019n\u00fc<span class=\"excerpt-hellip\"> [\u2026]<\/span><\/p>\n","protected":false},"featured_media":0,"template":"","meta":{"_monsterinsights_skip_tracking":false,"_monsterinsights_sitenote_active":false,"_monsterinsights_sitenote_note":"","_monsterinsights_sitenote_category":0},"product_brand":[],"product_cat":[14009,12291],"product_tag":[],"class_list":{"0":"post-769263","1":"product","2":"type-product","3":"status-publish","5":"product_cat-biyografi-otobiyografi-edebiyat","6":"product_cat-edebiyat","7":"pa_cilt-ciltsiz","8":"pa_tur-kitap","9":"pa_yayinevi-is-bankasi-kultur-yayinlari","10":"pa_yazar-gerald-martin","12":"first","13":"instock","14":"sale","15":"shipping-taxable","16":"purchasable","17":"product-type-simple"},"_links":{"self":[{"href":"https:\/\/roveyayinevi.com.tr\/index.php\/wp-json\/wp\/v2\/product\/769263","targetHints":{"allow":["GET"]}}],"collection":[{"href":"https:\/\/roveyayinevi.com.tr\/index.php\/wp-json\/wp\/v2\/product"}],"about":[{"href":"https:\/\/roveyayinevi.com.tr\/index.php\/wp-json\/wp\/v2\/types\/product"}],"wp:attachment":[{"href":"https:\/\/roveyayinevi.com.tr\/index.php\/wp-json\/wp\/v2\/media?parent=769263"}],"wp:term":[{"taxonomy":"product_brand","embeddable":true,"href":"https:\/\/roveyayinevi.com.tr\/index.php\/wp-json\/wp\/v2\/product_brand?post=769263"},{"taxonomy":"product_cat","embeddable":true,"href":"https:\/\/roveyayinevi.com.tr\/index.php\/wp-json\/wp\/v2\/product_cat?post=769263"},{"taxonomy":"product_tag","embeddable":true,"href":"https:\/\/roveyayinevi.com.tr\/index.php\/wp-json\/wp\/v2\/product_tag?post=769263"}],"curies":[{"name":"wp","href":"https:\/\/api.w.org\/{rel}","templated":true}]}}