{"id":769262,"date":"2025-08-28T13:47:55","date_gmt":"2025-08-28T10:47:55","guid":{"rendered":"https:\/\/roveyayinevi.com.tr\/index.php\/urun\/hizli-para-yonetimi\/"},"modified":"2026-04-15T03:35:37","modified_gmt":"2026-04-15T00:35:37","slug":"hizli-para-yonetimi","status":"publish","type":"product","link":"https:\/\/roveyayinevi.com.tr\/index.php\/urun\/hizli-para-yonetimi\/","title":{"rendered":"H\u0131zl\u0131 Para Y\u00f6netimi"},"content":{"rendered":"<p>Hayat\u0131n\u0131z\u0131 kontrol alt\u0131na almak ve finansal \u00f6zg\u00fcrl\u00fc\u011fe ad\u0131m atmak ister misiniz? H\u0131zl\u0131 Para Y\u00f6netimi paran\u0131z\u0131 daha bilin\u00e7li kullanman\u0131z, bor\u00e7lar\u0131n\u0131z\u0131 azaltman\u0131z ve hedeflerinize ula\u015fman\u0131z i\u00e7in ihtiya\u00e7 duydu\u011funuz temel bilgileri pratik ve anla\u015f\u0131l\u0131r bir \u015fekilde sunuyor. Bu kitap, karma\u015f\u0131k finansal terimlerden uzak, g\u00fcnl\u00fck hayat\u0131n\u0131za kolayca uygulayabilece\u011finiz ad\u0131mlarla dolu. B\u00fct\u00e7e planlamas\u0131ndan tasarruf y\u00f6ntemlerine, yat\u0131r\u0131mlardan bor\u00e7 y\u00f6netimine kadar ki\u015fisel finans\u0131n her y\u00f6n\u00fcn\u00fc ele al\u0131yor ve sizi g\u00fc\u00e7l\u00fc bir finansal gelecek i\u00e7in haz\u0131rl\u0131yor. \u0130ster s\u0131f\u0131rdan ba\u015fl\u0131yor olun, ister mevcut durumunuzu iyile\u015ftirmek istiyor olun, H\u0131zl\u0131Para Y\u00f6netimi hayat\u0131n\u0131z\u0131 de\u011fi\u015ftirecek bir rehberdir. Finansal \u00f6zg\u00fcrl\u00fc\u011fe bug\u00fcn bir ad\u0131m at\u0131n! <\/p>\n","protected":false},"excerpt":{"rendered":"<p>Hayat\u0131n\u0131z\u0131 kontrol alt\u0131na almak ve finansal \u00f6zg\u00fcrl\u00fc\u011fe ad\u0131m atmak ister misiniz? H\u0131zl\u0131 Para Y\u00f6netimi paran\u0131z\u0131 daha bilin\u00e7li kullanman\u0131z, bor\u00e7lar\u0131n\u0131z\u0131 azaltman\u0131z ve hedeflerinize ula\u015fman\u0131z i\u00e7in ihtiya\u00e7 duydu\u011funuz<span class=\"excerpt-hellip\"> [\u2026]<\/span><\/p>\n","protected":false},"featured_media":0,"template":"","meta":{"_monsterinsights_skip_tracking":false,"_monsterinsights_sitenote_active":false,"_monsterinsights_sitenote_note":"","_monsterinsights_sitenote_category":0},"product_brand":[],"product_cat":[13043,17647],"product_tag":[],"class_list":{"0":"post-769262","1":"product","2":"type-product","3":"status-publish","5":"product_cat-ekonomi","6":"product_cat-is-dunyasi","7":"pa_cilt-ciltsiz","8":"pa_tur-kitap","9":"pa_yayinevi-say-yayinlari","10":"pa_yazar-morgen-b-rochard","12":"first","13":"instock","14":"sale","15":"shipping-taxable","16":"purchasable","17":"product-type-simple"},"_links":{"self":[{"href":"https:\/\/roveyayinevi.com.tr\/index.php\/wp-json\/wp\/v2\/product\/769262","targetHints":{"allow":["GET"]}}],"collection":[{"href":"https:\/\/roveyayinevi.com.tr\/index.php\/wp-json\/wp\/v2\/product"}],"about":[{"href":"https:\/\/roveyayinevi.com.tr\/index.php\/wp-json\/wp\/v2\/types\/product"}],"wp:attachment":[{"href":"https:\/\/roveyayinevi.com.tr\/index.php\/wp-json\/wp\/v2\/media?parent=769262"}],"wp:term":[{"taxonomy":"product_brand","embeddable":true,"href":"https:\/\/roveyayinevi.com.tr\/index.php\/wp-json\/wp\/v2\/product_brand?post=769262"},{"taxonomy":"product_cat","embeddable":true,"href":"https:\/\/roveyayinevi.com.tr\/index.php\/wp-json\/wp\/v2\/product_cat?post=769262"},{"taxonomy":"product_tag","embeddable":true,"href":"https:\/\/roveyayinevi.com.tr\/index.php\/wp-json\/wp\/v2\/product_tag?post=769262"}],"curies":[{"name":"wp","href":"https:\/\/api.w.org\/{rel}","templated":true}]}}