{"id":769261,"date":"2025-08-28T13:47:54","date_gmt":"2025-08-28T10:47:54","guid":{"rendered":"https:\/\/roveyayinevi.com.tr\/index.php\/urun\/tutkulu-liderlik\/"},"modified":"2026-04-15T03:35:37","modified_gmt":"2026-04-15T00:35:37","slug":"tutkulu-liderlik","status":"publish","type":"product","link":"https:\/\/roveyayinevi.com.tr\/index.php\/urun\/tutkulu-liderlik\/","title":{"rendered":"Tutkulu Liderlik"},"content":{"rendered":"<p>Bir avu\u00e7 bilgisayar tutkununun yaratm\u0131\u015f oldu\u011fu \u015feyler yazm\u0131yor burada. Aksine i\u015f d\u00fcnyas\u0131ndaki bir avu\u00e7 tutkulu liderin yaratt\u0131klar\u0131, ba\u015far\u0131lar\u0131 yaz\u0131yor; modern bir \u015firketi y\u00f6netmek gibi somut bir sorunu kelimenin tam anlam\u0131yla kafas\u0131na takm\u0131\u015f, al\u0131\u015f\u0131lmad\u0131k \u00e7\u00f6z\u00fcmlerle ortaya \u00e7\u0131km\u0131\u015f ve bunlar\u0131 uygulam\u0131\u015f insanlar\u0131n hik\u00e2yesi anlat\u0131l\u0131yor. Y\u00fcksek teknoloji sekt\u00f6r\u00fcndeki veya Silikon Vadisi\u2019ndeki \u015firketlerde bu i\u015fine tutkun insanlardan \u00e7ok vard\u0131r. Ama hepsi orada de\u011fildir. \u00c7o\u011fu kendi \u015firketinin kurucusudur. Ama hepsi de\u011fildir. Onlar\u0131 birle\u015ftiren unsur end\u00fcstrinin hangi kolunda, nerede \u00e7al\u0131\u015ft\u0131klar\u0131 ya da \u015firket hisselerinin ne kadar\u0131n\u0131n onlara ait oldu\u011fu de\u011fildir. Onlar\u0131 birle\u015ftiren, s\u00f6z konusu i\u015f d\u00fcnyas\u0131 ve \u015firketleri oldu\u011funda yapt\u0131klar\u0131 i\u015fe tutkun olmalar\u0131, tak\u0131nt\u0131l\u0131 ve ba\u015f\u0131na buyruk davranmalar\u0131d\u0131r. Arad\u0131\u011f\u0131m kelimeyi nihayet bulmu\u015ftum: Geek. Ne oldu\u011funu daha kesin bi\u00e7imde anlat\u0131yordu, \u00fcstelik bunca zamand\u0131r g\u00f6z\u00fcm\u00fcz\u00fcn \u00f6n\u00fcndeydi. Bilgisayar tutkunlar\u0131n\u0131n ba\u015flatt\u0131\u011f\u0131 bilgisayar devrimiyle \u00e7ok ilgilendik. Gelgelelim ba\u015flatt\u0131klar\u0131 di\u011fer devrimi ba\u015f\u0131ndan beri yanl\u0131\u015f anlad\u0131\u011f\u0131m\u0131z\u0131 d\u00fc\u015f\u00fcn\u00fcyorum: \u015eirket denen \u015feyin kendisinde yapt\u0131klar\u0131 ve h\u00e2l\u00e2 devam eden devrimi. <\/p>\n","protected":false},"excerpt":{"rendered":"<p>Bir avu\u00e7 bilgisayar tutkununun yaratm\u0131\u015f oldu\u011fu \u015feyler yazm\u0131yor burada. Aksine i\u015f d\u00fcnyas\u0131ndaki bir avu\u00e7 tutkulu liderin yaratt\u0131klar\u0131, ba\u015far\u0131lar\u0131 yaz\u0131yor; modern bir \u015firketi y\u00f6netmek gibi somut bir<span class=\"excerpt-hellip\"> [\u2026]<\/span><\/p>\n","protected":false},"featured_media":0,"template":"","meta":{"_monsterinsights_skip_tracking":false,"_monsterinsights_sitenote_active":false,"_monsterinsights_sitenote_note":"","_monsterinsights_sitenote_category":0},"product_brand":[],"product_cat":[13043,19008],"product_tag":[],"class_list":{"0":"post-769261","1":"product","2":"type-product","3":"status-publish","5":"product_cat-ekonomi","6":"product_cat-yonetim","7":"pa_cilt-ciltsiz","8":"pa_tur-kitap","9":"pa_yayinevi-is-bankasi-kultur-yayinlari","10":"pa_yazar-andrew-mcafee","12":"first","13":"instock","14":"sale","15":"shipping-taxable","16":"purchasable","17":"product-type-simple"},"_links":{"self":[{"href":"https:\/\/roveyayinevi.com.tr\/index.php\/wp-json\/wp\/v2\/product\/769261","targetHints":{"allow":["GET"]}}],"collection":[{"href":"https:\/\/roveyayinevi.com.tr\/index.php\/wp-json\/wp\/v2\/product"}],"about":[{"href":"https:\/\/roveyayinevi.com.tr\/index.php\/wp-json\/wp\/v2\/types\/product"}],"wp:attachment":[{"href":"https:\/\/roveyayinevi.com.tr\/index.php\/wp-json\/wp\/v2\/media?parent=769261"}],"wp:term":[{"taxonomy":"product_brand","embeddable":true,"href":"https:\/\/roveyayinevi.com.tr\/index.php\/wp-json\/wp\/v2\/product_brand?post=769261"},{"taxonomy":"product_cat","embeddable":true,"href":"https:\/\/roveyayinevi.com.tr\/index.php\/wp-json\/wp\/v2\/product_cat?post=769261"},{"taxonomy":"product_tag","embeddable":true,"href":"https:\/\/roveyayinevi.com.tr\/index.php\/wp-json\/wp\/v2\/product_tag?post=769261"}],"curies":[{"name":"wp","href":"https:\/\/api.w.org\/{rel}","templated":true}]}}