{"id":769256,"date":"2025-08-28T13:47:44","date_gmt":"2025-08-28T10:47:44","guid":{"rendered":"https:\/\/roveyayinevi.com.tr\/index.php\/urun\/zaman-felsefesinin-kisa-tarihi\/"},"modified":"2026-04-15T03:35:37","modified_gmt":"2026-04-15T00:35:37","slug":"zaman-felsefesinin-kisa-tarihi","status":"publish","type":"product","link":"https:\/\/roveyayinevi.com.tr\/index.php\/urun\/zaman-felsefesinin-kisa-tarihi\/","title":{"rendered":"Zaman Felsefesinin K\u0131sa Tarihi"},"content":{"rendered":"<p>Zaman Felsefesinin K\u0131sa Tarihi, Sokrates \u00f6ncesi filozoflardan Einstein ve sonras\u0131na uzanan geni\u015f bir tarihsel yelpaze i\u00e7inde zamanla ilgili en \u00f6nemli d\u00fc\u015f\u00fcncelerin esasl\u0131 bir \u00f6zetini sunuyor. Yazar\u0131n k\u0131sa bir kitapta bu zor i\u015fin alt\u0131ndan ba\u015far\u0131yla kalkmas\u0131n\u0131 sa\u011flayan \u015fey, kulland\u0131\u011f\u0131 etkili y\u00f6ntem. Bu y\u00f6ntem fizik, evrimsel biyoloji ve bili\u015fsel bilimden kaynaklanan deneysel bilgiler ile geleneksel metafizi\u011fin arg\u00fcmanlar\u0131n\u0131 harmanlayarak, zamanla ilgili en tutarl\u0131 d\u00fcnya g\u00f6r\u00fc\u015f\u00fcn\u00fcn ne olabilece\u011fini ara\u015ft\u0131rmaktan ibaret. Zaman\u0131n ger\u00e7ekten akt\u0131\u011f\u0131 do\u011fru mudur? Termodinamik yasalar\u0131n zorunlu bir ak\u0131\u015f do\u011frultusu olup olmad\u0131\u011f\u0131yla ilgili bize s\u00f6yleyebilece\u011fi bir \u015fey var m\u0131d\u0131r? \u00d6zel g\u00f6relilik teorisi dinamik zaman anlay\u0131\u015f\u0131yla \u00e7eli\u015fir mi? Yazar Adrian Bardon\u2019\u0131n zaman ve evrenle ilgili insanl\u0131\u011f\u0131n ba\u015flang\u0131c\u0131ndan bu yana sorulan ve bug\u00fcn h\u00e2l\u00e2 bilim ile metafizi\u011fin s\u0131n\u0131r\u0131nda yer almay\u0131 s\u00fcrd\u00fcren sorulara cevap araman\u0131n belki de tek makul yolunu ba\u015far\u0131l\u0131 bir \u015fekilde uygulad\u0131\u011f\u0131 bu kitab\u0131n felsefe \u00f6\u011frencilerine oldu\u011fu kadar her d\u00fczeyden merakl\u0131 okuyucuya da hitap edece\u011fine inan\u0131yoruz. <\/p>\n","protected":false},"excerpt":{"rendered":"<p>Zaman Felsefesinin K\u0131sa Tarihi, Sokrates \u00f6ncesi filozoflardan Einstein ve sonras\u0131na uzanan geni\u015f bir tarihsel yelpaze i\u00e7inde zamanla ilgili en \u00f6nemli d\u00fc\u015f\u00fcncelerin esasl\u0131 bir \u00f6zetini sunuyor. Yazar\u0131n<span class=\"excerpt-hellip\"> [\u2026]<\/span><\/p>\n","protected":false},"featured_media":0,"template":"","meta":{"_monsterinsights_skip_tracking":false,"_monsterinsights_sitenote_active":false,"_monsterinsights_sitenote_note":"","_monsterinsights_sitenote_category":0},"product_brand":[],"product_cat":[12388,14717],"product_tag":[],"class_list":{"0":"post-769256","1":"product","2":"type-product","3":"status-publish","5":"product_cat-felsefe","6":"product_cat-felsefe-tarihi","7":"pa_cilt-ciltsiz","8":"pa_tur-kitap","9":"pa_yayinevi-is-bankasi-kultur-yayinlari","10":"pa_yazar-adrian-bardon","12":"first","13":"instock","14":"sale","15":"shipping-taxable","16":"purchasable","17":"product-type-simple"},"_links":{"self":[{"href":"https:\/\/roveyayinevi.com.tr\/index.php\/wp-json\/wp\/v2\/product\/769256","targetHints":{"allow":["GET"]}}],"collection":[{"href":"https:\/\/roveyayinevi.com.tr\/index.php\/wp-json\/wp\/v2\/product"}],"about":[{"href":"https:\/\/roveyayinevi.com.tr\/index.php\/wp-json\/wp\/v2\/types\/product"}],"wp:attachment":[{"href":"https:\/\/roveyayinevi.com.tr\/index.php\/wp-json\/wp\/v2\/media?parent=769256"}],"wp:term":[{"taxonomy":"product_brand","embeddable":true,"href":"https:\/\/roveyayinevi.com.tr\/index.php\/wp-json\/wp\/v2\/product_brand?post=769256"},{"taxonomy":"product_cat","embeddable":true,"href":"https:\/\/roveyayinevi.com.tr\/index.php\/wp-json\/wp\/v2\/product_cat?post=769256"},{"taxonomy":"product_tag","embeddable":true,"href":"https:\/\/roveyayinevi.com.tr\/index.php\/wp-json\/wp\/v2\/product_tag?post=769256"}],"curies":[{"name":"wp","href":"https:\/\/api.w.org\/{rel}","templated":true}]}}