{"id":769255,"date":"2025-08-28T13:47:40","date_gmt":"2025-08-28T10:47:40","guid":{"rendered":"https:\/\/roveyayinevi.com.tr\/index.php\/urun\/ilk-ask-6\/"},"modified":"2026-04-15T03:35:37","modified_gmt":"2026-04-15T00:35:37","slug":"ilk-ask-6","status":"publish","type":"product","link":"https:\/\/roveyayinevi.com.tr\/index.php\/urun\/ilk-ask-6\/","title":{"rendered":"\u0130lk A\u015fk"},"content":{"rendered":"<p>Elimizdeki kibritler ile kendimizi de kar\u015f\u0131m\u0131zdakini de yakmadan \u0131s\u0131nmak m\u00fcmk\u00fcn m\u00fc? Otuzlar\u0131nda bir yazar olan Neve, kendisinden ya\u015f\u00e7a b\u00fcy\u00fck Edwyn ile evlidir. Hayatlar\u0131 ba\u015flarda g\u00f6rece bir huzurla dolu gibi g\u00f6r\u00fcnse de ikisinin de ge\u00e7mi\u015fi bug\u00fcnlerini tehdit eden, kapanmayan yaralarla doludur. Neve, her an patlamaya haz\u0131r bir bomban\u0131n gerilimiyle dolu ya\u015fam\u0131nda onu bu noktaya getiren ki\u015fileri ve olaylar\u0131 an\u0131msarken, zorba bir baba, benmerkezci bir anne ve akl\u0131na estik\u00e7e ortaya \u00e7\u0131kan eski sevgilisi ile bir t\u00fcrl\u00fc ba\u011f kuramam\u0131\u015f gen\u00e7 bir kad\u0131nla tan\u0131\u015ft\u0131r\u0131r okuru. Gwendoline Riley, kendisine Women\u2019s Prize, Gordon Burn, Goldsmiths, Dylan Thomas ve James Tait Black Memorial gibi \u00f6d\u00fcllerde adayl\u0131\u011f\u0131n yan\u0131 s\u0131ra Geoffrey Faber Memorial \u00d6d\u00fcl\u00fc\u2019n\u00fc kazand\u0131ran \u0130lk A\u015fk\u2019ta \u00e7aresizlik ve d\u00fc\u015fmanl\u0131k aras\u0131ndaki ili\u015fkiyi yine cesur ve benzersiz \u00fcslubu ile mercek alt\u0131na al\u0131yor. \u201cRiley\u2019nin yazd\u0131klar\u0131 her zaman net, odakl\u0131 ve sakin olmu\u015ftur- t\u0131pk\u0131 bir Edward Hopper resmi gibi fakat \u0130lk A\u015fk daha zengin, daha rafine ve bo\u011fucu bir gerilimle dolu.\u201d \u2013The Guardian   \u201cRiley, diyalog yazmadaki muhte\u015fem yetene\u011fiyle Henry Green ve Barbara Pym\u2019in de dahil oldu\u011fu \u0130ngiliz edebiyat miras\u0131ndaki yerini al\u0131yor. Hayatta kar\u015f\u0131la\u015ft\u0131klar\u0131m\u0131z\u0131 b\u00f6ylesine incelikle ayd\u0131nlatan bir yazarla tan\u0131\u015ft\u0131\u011f\u0131m\u0131z i\u00e7in \u00e7ok \u015fansl\u0131y\u0131z.\u201d \u2013Claire Messud   \u201cGwendoline Riley\u2019nin d\u00fcello davetini kabul edin, \u00e7\u00fcnk\u00fc buna de\u011fer.\u201d \u2013TLS <\/p>\n","protected":false},"excerpt":{"rendered":"<p>Elimizdeki kibritler ile kendimizi de kar\u015f\u0131m\u0131zdakini de yakmadan \u0131s\u0131nmak m\u00fcmk\u00fcn m\u00fc? Otuzlar\u0131nda bir yazar olan Neve, kendisinden ya\u015f\u00e7a b\u00fcy\u00fck Edwyn ile evlidir. Hayatlar\u0131 ba\u015flarda g\u00f6rece bir<span class=\"excerpt-hellip\"> [\u2026]<\/span><\/p>\n","protected":false},"featured_media":0,"template":"","meta":{"_monsterinsights_skip_tracking":false,"_monsterinsights_sitenote_active":false,"_monsterinsights_sitenote_note":"","_monsterinsights_sitenote_category":0},"product_brand":[],"product_cat":[12291,12711],"product_tag":[],"class_list":{"0":"post-769255","1":"product","2":"type-product","3":"status-publish","5":"product_cat-edebiyat","6":"product_cat-roman-oyku","7":"pa_cilt-ciltsiz","8":"pa_tur-kitap","9":"pa_yayinevi-is-bankasi-kultur-yayinlari","10":"pa_yazar-gwendoline-riley","12":"first","13":"instock","14":"sale","15":"shipping-taxable","16":"purchasable","17":"product-type-simple"},"_links":{"self":[{"href":"https:\/\/roveyayinevi.com.tr\/index.php\/wp-json\/wp\/v2\/product\/769255","targetHints":{"allow":["GET"]}}],"collection":[{"href":"https:\/\/roveyayinevi.com.tr\/index.php\/wp-json\/wp\/v2\/product"}],"about":[{"href":"https:\/\/roveyayinevi.com.tr\/index.php\/wp-json\/wp\/v2\/types\/product"}],"wp:attachment":[{"href":"https:\/\/roveyayinevi.com.tr\/index.php\/wp-json\/wp\/v2\/media?parent=769255"}],"wp:term":[{"taxonomy":"product_brand","embeddable":true,"href":"https:\/\/roveyayinevi.com.tr\/index.php\/wp-json\/wp\/v2\/product_brand?post=769255"},{"taxonomy":"product_cat","embeddable":true,"href":"https:\/\/roveyayinevi.com.tr\/index.php\/wp-json\/wp\/v2\/product_cat?post=769255"},{"taxonomy":"product_tag","embeddable":true,"href":"https:\/\/roveyayinevi.com.tr\/index.php\/wp-json\/wp\/v2\/product_tag?post=769255"}],"curies":[{"name":"wp","href":"https:\/\/api.w.org\/{rel}","templated":true}]}}