{"id":769249,"date":"2025-08-28T13:47:27","date_gmt":"2025-08-28T10:47:27","guid":{"rendered":"https:\/\/roveyayinevi.com.tr\/index.php\/urun\/bos-gardiroplar\/"},"modified":"2026-04-15T03:35:37","modified_gmt":"2026-04-15T00:35:37","slug":"bos-gardiroplar","status":"publish","type":"product","link":"https:\/\/roveyayinevi.com.tr\/index.php\/urun\/bos-gardiroplar\/","title":{"rendered":"Bo\u015f Gard\u0131roplar"},"content":{"rendered":"<p>20. y\u00fczy\u0131l Portekiz edebiyat\u0131n\u0131n en \u00f6nemli yazarlar\u0131ndan Maria Judite de Carvalho, \u201csuskunlu\u011fun ve yaln\u0131zl\u0131\u011f\u0131n yazar\u0131\u201d olarak nitelenir. B\u00fcy\u00fck \u015fehirde ya\u015fayan kad\u0131nlar\u0131n umutsuzlu\u011funun ve yaln\u0131zl\u0131\u011f\u0131n\u0131n mahir g\u00f6zlemcisidir. Carvalho\u2019nun yap\u0131tlar\u0131nda \u201csuskunluk\u201d bazen karakterler aras\u0131ndaki diyalog eksikli\u011finden, bazen de diyalogdaki tutars\u0131zl\u0131ktan kaynaklanan olmazsa olmaz bir unsurdur. Yaln\u0131zl\u0131\u011f\u0131n adeta haritas\u0131n\u0131 \u00e7\u0131karan Carvalho, sessizli\u011fe g\u00f6m\u00fclm\u00fc\u015f, hayal k\u0131r\u0131kl\u0131\u011f\u0131 i\u00e7indeki kad\u0131nlar\u0131 anlat\u0131r bize. Bo\u015f Gard\u0131roplar, muhafazak\u00e2r Salazar diktat\u00f6rl\u00fc\u011f\u00fc s\u0131ras\u0131nda ataerkil toplumun bask\u0131s\u0131 alt\u0131nda s\u0131k\u0131\u015f\u0131p kalm\u0131\u015f; teslimiyet ile umut, hayal ile hayal k\u0131r\u0131kl\u0131\u011f\u0131 aras\u0131nda gidip gelen kad\u0131nlar\u0131n hik\u00e2yesidir. Ana olay \u00f6rg\u00fcs\u00fc, on y\u0131ll\u0131k bir d\u00f6nem i\u00e7inde itaatk\u00e2r ev kad\u0131n\u0131ndan teselli bulamayan dula ve derken ihanete u\u011fray\u0131p a\u015fa\u011f\u0131lanan \u201cya\u015fl\u0131\u201d kad\u0131na d\u00f6n\u00fc\u015fen Dora Rosario\u2019ya odaklan\u0131r. Minimalist \u00fcslubuyla g\u00fcndelik hayat\u0131n trajedisini ve varolu\u015fun abs\u00fcrdl\u00fc\u011f\u00fcn\u00fc e\u015fine az rastlanan bir beceriyle s\u00f6zc\u00fcklere d\u00f6ken yazar, karakterlerinin i\u00e7 d\u00fcnyas\u0131nda olup bitenlerle d\u0131\u015f d\u00fcnya aras\u0131nda n\u00fcansl\u0131 bir etkile\u015fim yaratmaktaki ustal\u0131\u011f\u0131yla dikkat \u00e7eker. <\/p>\n","protected":false},"excerpt":{"rendered":"<p>20. y\u00fczy\u0131l Portekiz edebiyat\u0131n\u0131n en \u00f6nemli yazarlar\u0131ndan Maria Judite de Carvalho, \u201csuskunlu\u011fun ve yaln\u0131zl\u0131\u011f\u0131n yazar\u0131\u201d olarak nitelenir. B\u00fcy\u00fck \u015fehirde ya\u015fayan kad\u0131nlar\u0131n umutsuzlu\u011funun ve yaln\u0131zl\u0131\u011f\u0131n\u0131n mahir g\u00f6zlemcisidir.<span class=\"excerpt-hellip\"> [\u2026]<\/span><\/p>\n","protected":false},"featured_media":0,"template":"","meta":{"_monsterinsights_skip_tracking":false,"_monsterinsights_sitenote_active":false,"_monsterinsights_sitenote_note":"","_monsterinsights_sitenote_category":0},"product_brand":[],"product_cat":[12291,13872],"product_tag":[],"class_list":{"0":"post-769249","1":"product","2":"type-product","3":"status-publish","5":"product_cat-edebiyat","6":"product_cat-klasikler","7":"pa_cilt-ciltsiz","8":"pa_tur-kitap","9":"pa_yayinevi-is-bankasi-kultur-yayinlari","10":"pa_yazar-maria-judite-de-carvalho","12":"first","13":"instock","14":"sale","15":"shipping-taxable","16":"purchasable","17":"product-type-simple"},"_links":{"self":[{"href":"https:\/\/roveyayinevi.com.tr\/index.php\/wp-json\/wp\/v2\/product\/769249","targetHints":{"allow":["GET"]}}],"collection":[{"href":"https:\/\/roveyayinevi.com.tr\/index.php\/wp-json\/wp\/v2\/product"}],"about":[{"href":"https:\/\/roveyayinevi.com.tr\/index.php\/wp-json\/wp\/v2\/types\/product"}],"wp:attachment":[{"href":"https:\/\/roveyayinevi.com.tr\/index.php\/wp-json\/wp\/v2\/media?parent=769249"}],"wp:term":[{"taxonomy":"product_brand","embeddable":true,"href":"https:\/\/roveyayinevi.com.tr\/index.php\/wp-json\/wp\/v2\/product_brand?post=769249"},{"taxonomy":"product_cat","embeddable":true,"href":"https:\/\/roveyayinevi.com.tr\/index.php\/wp-json\/wp\/v2\/product_cat?post=769249"},{"taxonomy":"product_tag","embeddable":true,"href":"https:\/\/roveyayinevi.com.tr\/index.php\/wp-json\/wp\/v2\/product_tag?post=769249"}],"curies":[{"name":"wp","href":"https:\/\/api.w.org\/{rel}","templated":true}]}}