{"id":769240,"date":"2025-08-28T13:47:10","date_gmt":"2025-08-28T10:47:10","guid":{"rendered":"https:\/\/roveyayinevi.com.tr\/index.php\/urun\/2025-meb-ags-sozel-yetenek-7-deneme-tamami-video-cozumlu\/"},"modified":"2026-04-15T03:35:37","modified_gmt":"2026-04-15T00:35:37","slug":"2025-meb-ags-sozel-yetenek-7-deneme-tamami-video-cozumlu","status":"publish","type":"product","link":"https:\/\/roveyayinevi.com.tr\/index.php\/urun\/2025-meb-ags-sozel-yetenek-7-deneme-tamami-video-cozumlu\/","title":{"rendered":"2025 MEB AGS S\u00f6zel Yetenek 7 Deneme Tamam\u0131 Video \u00c7\u00f6z\u00fcml\u00fc"},"content":{"rendered":"<p>2025 MEB AGS S\u00f6zel Yetenek 7 Deneme Tamam\u0131 Video \u00c7\u00f6z\u00fcml\u00fc <\/p>\n","protected":false},"excerpt":{"rendered":"<p>2025 MEB AGS S\u00f6zel Yetenek 7 Deneme Tamam\u0131 Video \u00c7\u00f6z\u00fcml\u00fc<\/p>\n","protected":false},"featured_media":0,"template":"","meta":{"_monsterinsights_skip_tracking":false,"_monsterinsights_sitenote_active":false,"_monsterinsights_sitenote_note":"","_monsterinsights_sitenote_category":0},"product_brand":[],"product_cat":[12566,13473],"product_tag":[],"class_list":{"0":"post-769240","1":"product","2":"type-product","3":"status-publish","5":"product_cat-egitim","6":"product_cat-sinavlara-hazirlik-okula-yardimci-kaynaklar","7":"pa_cilt-ciltsiz","8":"pa_tur-kitap","9":"pa_yayinevi-marka-yayinlari","10":"pa_yazar-marka-komisyon","12":"first","13":"instock","14":"sale","15":"shipping-taxable","16":"purchasable","17":"product-type-simple"},"_links":{"self":[{"href":"https:\/\/roveyayinevi.com.tr\/index.php\/wp-json\/wp\/v2\/product\/769240","targetHints":{"allow":["GET"]}}],"collection":[{"href":"https:\/\/roveyayinevi.com.tr\/index.php\/wp-json\/wp\/v2\/product"}],"about":[{"href":"https:\/\/roveyayinevi.com.tr\/index.php\/wp-json\/wp\/v2\/types\/product"}],"wp:attachment":[{"href":"https:\/\/roveyayinevi.com.tr\/index.php\/wp-json\/wp\/v2\/media?parent=769240"}],"wp:term":[{"taxonomy":"product_brand","embeddable":true,"href":"https:\/\/roveyayinevi.com.tr\/index.php\/wp-json\/wp\/v2\/product_brand?post=769240"},{"taxonomy":"product_cat","embeddable":true,"href":"https:\/\/roveyayinevi.com.tr\/index.php\/wp-json\/wp\/v2\/product_cat?post=769240"},{"taxonomy":"product_tag","embeddable":true,"href":"https:\/\/roveyayinevi.com.tr\/index.php\/wp-json\/wp\/v2\/product_tag?post=769240"}],"curies":[{"name":"wp","href":"https:\/\/api.w.org\/{rel}","templated":true}]}}