{"id":769239,"date":"2025-08-28T13:47:07","date_gmt":"2025-08-28T10:47:07","guid":{"rendered":"https:\/\/roveyayinevi.com.tr\/index.php\/urun\/aleme-bir-yar-icin-ah-etmeye-geldik-gonul-sadasindan-akisler-3\/"},"modified":"2026-04-15T03:35:37","modified_gmt":"2026-04-15T00:35:37","slug":"aleme-bir-yar-icin-ah-etmeye-geldik-gonul-sadasindan-akisler-3","status":"publish","type":"product","link":"https:\/\/roveyayinevi.com.tr\/index.php\/urun\/aleme-bir-yar-icin-ah-etmeye-geldik-gonul-sadasindan-akisler-3\/","title":{"rendered":"Aleme Bir Yar i\u00e7in Ah Etmeye Geldik \/ G\u00f6n\u00fcl Sadas\u0131\u2019ndan Akisler-3"},"content":{"rendered":"<p>\u201cSanman taleb-i devlet-i ca\u0302h etmeye geldik Biz a\u0302leme bir ya\u0302r ic\u0327in a\u0302h etmeye geldik\u201dYeni\u015fehirli Avni\u201cHayat ak\u0131yor, gu\u0308nler gec\u0327iyor, sohbet devam ediyor. Varl\u0131g\u0306\u0131n nes\u0327esi suretlerin alt\u0131nda k\u0131m\u0131lday\u0131p is\u0327mar ediyor. Duy o sesi ki seni kendi o\u0308zu\u0308ne c\u0327ag\u0306\u0131r\u0131yor. I\u0307s\u0327it o nefesi ki mucizenin diri oldug\u0306unu sana f\u0131s\u0131ld\u0131yor. Konan go\u0308c\u0327u\u0308yor ama dag\u0306 yerinde duruyor. Hak ve hakikat ug\u0306runa so\u0308ylenmis\u0327 hic\u0327bir so\u0308z ve eylem zayi olmuyor. Hic\u0327bir iyilik yok ki do\u0308nu\u0308p de kaynag\u0306\u0131na ihsanlar, armag\u0306anlar sunmas\u0131n. Go\u0308nu\u0308lden c\u0327\u0131km\u0131s\u0327 hic\u0327bir a\u0302h yok ki I\u0307s\u0327iten onu duymas\u0131n. Kim ya\u0302ri say\u0131klam\u0131s\u0327 da ruhlar pazar\u0131ndan eli bos\u0327 do\u0308nmu\u0308s\u0327? O ha\u0302lde as\u0327k ile bir daha: A\u0302h!\u201dSadettin O\u0308kten ve Kemal Sayar, \u201cGo\u0308nu\u0308l Sadas\u0131\u2019ndan Akisler\u201d serisinin u\u0308c\u0327u\u0308ncu\u0308 kitab\u0131nda, s\u0327airlerin hikmetli so\u0308zlerini de yanlar\u0131na alarak hayata, insanl\u0131g\u0306a ve medeniyete dair birc\u0327ok konuda fikir al\u0131s\u0327 veris\u0327inde bulunuyor, birbirlerine felsefi sorular sorarken biz okuyuculara da bu sorular kars\u0327\u0131s\u0131nda kendi cevaplar\u0131m\u0131z\u0131 bulmam\u0131z ic\u0327in rehberlik ediyor&#8230;A\u0302leme Bir Ya\u0302r I\u0307c\u0327in A\u0302h Etmeye Geldik, iyilik, gu\u0308zellik, bar\u0131s\u0327 ve as\u0327k u\u0308zerine; bas\u0327ucunuzdan ay\u0131ramayacag\u0306\u0131n\u0131z, tad\u0131na doyulmaz bir sohbet kitab\u0131. <\/p>\n","protected":false},"excerpt":{"rendered":"<p>\u201cSanman taleb-i devlet-i ca\u0302h etmeye geldik Biz a\u0302leme bir ya\u0302r ic\u0327in a\u0302h etmeye geldik\u201dYeni\u015fehirli Avni\u201cHayat ak\u0131yor, gu\u0308nler gec\u0327iyor, sohbet devam ediyor. Varl\u0131g\u0306\u0131n nes\u0327esi suretlerin alt\u0131nda k\u0131m\u0131lday\u0131p<span class=\"excerpt-hellip\"> [\u2026]<\/span><\/p>\n","protected":false},"featured_media":0,"template":"","meta":{"_monsterinsights_skip_tracking":false,"_monsterinsights_sitenote_active":false,"_monsterinsights_sitenote_note":"","_monsterinsights_sitenote_category":0},"product_brand":[],"product_cat":[12291,30969],"product_tag":[],"class_list":{"0":"post-769239","1":"product","2":"type-product","3":"status-publish","5":"product_cat-edebiyat","6":"product_cat-soylesi-edebiyat","7":"pa_cilt-ciltsiz","8":"pa_tur-kitap","9":"pa_yayinevi-tk-yayinlari","10":"pa_yazar-sadettin-okten-kemal-sayar","12":"first","13":"instock","14":"sale","15":"shipping-taxable","16":"purchasable","17":"product-type-simple"},"_links":{"self":[{"href":"https:\/\/roveyayinevi.com.tr\/index.php\/wp-json\/wp\/v2\/product\/769239","targetHints":{"allow":["GET"]}}],"collection":[{"href":"https:\/\/roveyayinevi.com.tr\/index.php\/wp-json\/wp\/v2\/product"}],"about":[{"href":"https:\/\/roveyayinevi.com.tr\/index.php\/wp-json\/wp\/v2\/types\/product"}],"wp:attachment":[{"href":"https:\/\/roveyayinevi.com.tr\/index.php\/wp-json\/wp\/v2\/media?parent=769239"}],"wp:term":[{"taxonomy":"product_brand","embeddable":true,"href":"https:\/\/roveyayinevi.com.tr\/index.php\/wp-json\/wp\/v2\/product_brand?post=769239"},{"taxonomy":"product_cat","embeddable":true,"href":"https:\/\/roveyayinevi.com.tr\/index.php\/wp-json\/wp\/v2\/product_cat?post=769239"},{"taxonomy":"product_tag","embeddable":true,"href":"https:\/\/roveyayinevi.com.tr\/index.php\/wp-json\/wp\/v2\/product_tag?post=769239"}],"curies":[{"name":"wp","href":"https:\/\/api.w.org\/{rel}","templated":true}]}}