{"id":769235,"date":"2025-08-28T13:46:58","date_gmt":"2025-08-28T10:46:58","guid":{"rendered":"https:\/\/roveyayinevi.com.tr\/index.php\/urun\/mieruko-chan-1\/"},"modified":"2026-04-15T03:35:37","modified_gmt":"2026-04-15T00:35:37","slug":"mieruko-chan-1","status":"publish","type":"product","link":"https:\/\/roveyayinevi.com.tr\/index.php\/urun\/mieruko-chan-1\/","title":{"rendered":"Mieruko &#8211; Chan -1"},"content":{"rendered":"<p>Miko, bir g\u00fcn ans\u0131z\u0131n s\u0131radan insanlar\u0131n g\u00f6remedi\u011fi tuhaf varl\u0131klar\u0131 g\u00f6rebilmeye ba\u015fl\u0131yor. Ancak ne onlardan ka\u00e7\u0131yor ne de onlarla y\u00fczle\u015fiyor. Hepsini var g\u00fcc\u00fcyle g\u00f6rmezden gelmeye \u00e7al\u0131\u015f\u0131yor.<\/p>\n","protected":false},"excerpt":{"rendered":"<p>Miko, bir g\u00fcn ans\u0131z\u0131n s\u0131radan insanlar\u0131n g\u00f6remedi\u011fi tuhaf varl\u0131klar\u0131 g\u00f6rebilmeye ba\u015fl\u0131yor. Ancak ne onlardan ka\u00e7\u0131yor ne de onlarla y\u00fczle\u015fiyor. Hepsini var g\u00fcc\u00fcyle g\u00f6rmezden gelmeye \u00e7al\u0131\u015f\u0131yor.<\/p>\n","protected":false},"featured_media":0,"template":"","meta":{"_monsterinsights_skip_tracking":false,"_monsterinsights_sitenote_active":false,"_monsterinsights_sitenote_note":"","_monsterinsights_sitenote_category":0},"product_brand":[],"product_cat":[12416,12291],"product_tag":[],"class_list":{"0":"post-769235","1":"product","2":"type-product","3":"status-publish","5":"product_cat-cizgi-roman","6":"product_cat-edebiyat","7":"pa_cilt-ciltsiz","8":"pa_tur-kitap","9":"pa_yayinevi-kayip-kita-yayinlari","10":"pa_yazar-izumi-tomoki","12":"first","13":"instock","14":"sale","15":"shipping-taxable","16":"purchasable","17":"product-type-simple"},"_links":{"self":[{"href":"https:\/\/roveyayinevi.com.tr\/index.php\/wp-json\/wp\/v2\/product\/769235","targetHints":{"allow":["GET"]}}],"collection":[{"href":"https:\/\/roveyayinevi.com.tr\/index.php\/wp-json\/wp\/v2\/product"}],"about":[{"href":"https:\/\/roveyayinevi.com.tr\/index.php\/wp-json\/wp\/v2\/types\/product"}],"wp:attachment":[{"href":"https:\/\/roveyayinevi.com.tr\/index.php\/wp-json\/wp\/v2\/media?parent=769235"}],"wp:term":[{"taxonomy":"product_brand","embeddable":true,"href":"https:\/\/roveyayinevi.com.tr\/index.php\/wp-json\/wp\/v2\/product_brand?post=769235"},{"taxonomy":"product_cat","embeddable":true,"href":"https:\/\/roveyayinevi.com.tr\/index.php\/wp-json\/wp\/v2\/product_cat?post=769235"},{"taxonomy":"product_tag","embeddable":true,"href":"https:\/\/roveyayinevi.com.tr\/index.php\/wp-json\/wp\/v2\/product_tag?post=769235"}],"curies":[{"name":"wp","href":"https:\/\/api.w.org\/{rel}","templated":true}]}}