{"id":769232,"date":"2025-08-28T13:46:51","date_gmt":"2025-08-28T10:46:51","guid":{"rendered":"https:\/\/roveyayinevi.com.tr\/index.php\/urun\/simetri\/"},"modified":"2026-04-15T03:35:37","modified_gmt":"2026-04-15T00:35:37","slug":"simetri","status":"publish","type":"product","link":"https:\/\/roveyayinevi.com.tr\/index.php\/urun\/simetri\/","title":{"rendered":"Simetri"},"content":{"rendered":"<p>Bilim insanlar\u0131 teleskopla uzak y\u0131ld\u0131zlara bakt\u0131klar\u0131nda ya da maddenin en k\u00fc\u00e7\u00fck bile\u015fenlerinianaliz etmek i\u00e7in par\u00e7ac\u0131k h\u0131zland\u0131r\u0131c\u0131 kulland\u0131klar\u0131nda, t\u00fcm evreni her zaman ve her yerde ayn\u0131fizik yasalar\u0131n\u0131n y\u00f6netti\u011fini ke\u015ffederler. Fizik\u00e7iler, fizik yasalar\u0131n\u0131n de\u011fi\u015fmeyen, her yerde var olanyap\u0131s\u0131na simetri ad\u0131n\u0131 verirler. Simetri, do\u011fa yasalar\u0131n\u0131 tan\u0131mlayan ve dolay\u0131s\u0131yla d\u00fczenleyen temelilkedir. Bu \u00e7ok \u00f6nemli kavray\u0131\u015f, modern fizikteki en b\u00fcy\u00fck kavramsal d\u00f6n\u00fcm noktalar\u0131ndan biridirve t\u00fcm fizik yasalar\u0131n\u0131 a\u00e7\u0131klayacak b\u00fcy\u00fck bir birle\u015fik teori ke\u015ffetmeye y\u00f6nelik \u00e7a\u011fda\u015f \u00e7abalar\u0131ntemelini olu\u015fturur. Nobel \u00d6d\u00fcll\u00fc Leon M. Lederman ve fizik\u00e7i Christopher T. Hill, bu etkileyici vekolay anla\u015f\u0131l\u0131r pop\u00fcler bilim kitab\u0131nda simetrinin son derece zarif i\u00e7eri\u011fini ve bu kavram\u0131n evren\u00fczerindeki t\u00fcm derin etkilerini a\u00e7\u0131kl\u0131yorlar.Kitapta ana tema olan simetri anlat\u0131s\u0131n\u0131n merkezinde Emmy Noether ve onun akademik \u00e7al\u0131\u015fmalar\u0131 ile ortaya koydu\u011fu korunumu yasalar\u0131 ve simetri aras\u0131ndaki derin ba\u011f bulunuyor. Lederman ve Hill, Noether\u2019in \u00e7al\u0131\u015fmalar\u0131na dayanarak, evren hakk\u0131nda geni\u015f kitleler taraf\u0131ndan b\u00fcy\u00fck \u00f6l\u00e7\u00fcde bilinmeyen ve B\u00fcy\u00fck Patlama, Einstein\u2019\u0131n g\u00f6relilik teorisi, kuantum mekani\u011fi ve fizi\u011fin di\u011fer bir\u00e7ok alan\u0131yla ba\u011flant\u0131l\u0131 geni\u015f kapsaml\u0131 etkileri olan bir kavram\u0131 inceliyorlar.<\/p>\n","protected":false},"excerpt":{"rendered":"<p>Bilim insanlar\u0131 teleskopla uzak y\u0131ld\u0131zlara bakt\u0131klar\u0131nda ya da maddenin en k\u00fc\u00e7\u00fck bile\u015fenlerinianaliz etmek i\u00e7in par\u00e7ac\u0131k h\u0131zland\u0131r\u0131c\u0131 kulland\u0131klar\u0131nda, t\u00fcm evreni her zaman ve her yerde ayn\u0131fizik yasalar\u0131n\u0131n<span class=\"excerpt-hellip\"> [\u2026]<\/span><\/p>\n","protected":false},"featured_media":0,"template":"","meta":{"_monsterinsights_skip_tracking":false,"_monsterinsights_sitenote_active":false,"_monsterinsights_sitenote_note":"","_monsterinsights_sitenote_category":0},"product_brand":[],"product_cat":[13005],"product_tag":[],"class_list":{"0":"post-769232","1":"product","2":"type-product","3":"status-publish","5":"product_cat-bilim-muhendislik","6":"pa_cilt-ciltsiz","7":"pa_tur-kitap","8":"pa_yayinevi-vakifbank-kultur-yayinlari","9":"pa_yazar-leon-m-lederman-christopher-t-hill","11":"first","12":"instock","13":"sale","14":"shipping-taxable","15":"purchasable","16":"product-type-simple"},"_links":{"self":[{"href":"https:\/\/roveyayinevi.com.tr\/index.php\/wp-json\/wp\/v2\/product\/769232","targetHints":{"allow":["GET"]}}],"collection":[{"href":"https:\/\/roveyayinevi.com.tr\/index.php\/wp-json\/wp\/v2\/product"}],"about":[{"href":"https:\/\/roveyayinevi.com.tr\/index.php\/wp-json\/wp\/v2\/types\/product"}],"wp:attachment":[{"href":"https:\/\/roveyayinevi.com.tr\/index.php\/wp-json\/wp\/v2\/media?parent=769232"}],"wp:term":[{"taxonomy":"product_brand","embeddable":true,"href":"https:\/\/roveyayinevi.com.tr\/index.php\/wp-json\/wp\/v2\/product_brand?post=769232"},{"taxonomy":"product_cat","embeddable":true,"href":"https:\/\/roveyayinevi.com.tr\/index.php\/wp-json\/wp\/v2\/product_cat?post=769232"},{"taxonomy":"product_tag","embeddable":true,"href":"https:\/\/roveyayinevi.com.tr\/index.php\/wp-json\/wp\/v2\/product_tag?post=769232"}],"curies":[{"name":"wp","href":"https:\/\/api.w.org\/{rel}","templated":true}]}}