{"id":769229,"date":"2025-08-28T13:46:35","date_gmt":"2025-08-28T10:46:35","guid":{"rendered":"https:\/\/roveyayinevi.com.tr\/index.php\/urun\/kucuk-zevkler\/"},"modified":"2026-04-12T03:26:43","modified_gmt":"2026-04-12T00:26:43","slug":"kucuk-zevkler","status":"publish","type":"product","link":"https:\/\/roveyayinevi.com.tr\/index.php\/urun\/kucuk-zevkler\/","title":{"rendered":"K\u00fc\u00e7\u00fck Zevkler"},"content":{"rendered":"<p>Bug\u00fcn ka\u00e7 kere camdan d\u0131\u015far\u0131 bak\u0131p temiz havay\u0131 i\u00e7inize \u00e7ektiniz?   G\u00fcn i\u00e7inde hi\u00e7 g\u00f6ky\u00fcz\u00fcne bak\u0131p farkl\u0131 \u015fekillerdeki bulutlar\u0131n b\u00fcy\u00fcleyicili\u011fi hakk\u0131nda d\u00fc\u015f\u00fcnd\u00fcn\u00fcz m\u00fc?   Modern ya\u015fam\u0131n ko\u015fturmacas\u0131nda, mutlulu\u011fun yaln\u0131zca b\u00fcy\u00fck ba\u015far\u0131larla ya da b\u00fcy\u00fck de\u011fi\u015fimlerle gelece\u011fine inan\u0131r\u0131z. Ancak ger\u00e7ek mutluluk, \u00e7o\u011fu zaman fark edilmeden yan\u0131m\u0131zdan ge\u00e7en k\u00fc\u00e7\u00fck anlarda gizlidir. Bir fincan kahvenin s\u0131cakl\u0131\u011f\u0131nda, ya\u011fmur sonras\u0131 topra\u011f\u0131n kokusunda, sevdi\u011finiz bir insan\u0131n g\u00fcl\u00fc\u015f\u00fcnde&#8230;   K\u00fc\u00e7\u00fck Zevkler, hayat\u0131n karma\u015fas\u0131nda g\u00f6zden ka\u00e7\u0131rd\u0131\u011f\u0131m\u0131z bu k\u00fc\u00e7\u00fck ama anlaml\u0131 anlara odaklan\u0131yor. Hayat Okulu\u2019nun bilge ve ilham verici anlat\u0131m\u0131yla, s\u0131radan g\u00f6r\u00fcnenin ard\u0131ndaki g\u00fczellikleri fark etmenin yollar\u0131n\u0131 ke\u015ffedecek, g\u00fcndelik hayat\u0131n\u0131za taze bir g\u00f6zle bakmaya ba\u015flayacaks\u0131n\u0131z.   Bu kitap, mutlulu\u011fun pe\u015finde ko\u015fmay\u0131 b\u0131rak\u0131p onu bulundu\u011funuz her yerde bulmaya davet ediyor. \u00c7\u00fcnk\u00fc ger\u00e7ek mutluluk, k\u00fc\u00e7\u00fck anlar\u0131n fark edilmesiyle anlam kazan\u0131r.   K\u00fc\u00e7\u00fck zevklerin b\u00fcy\u00fcl\u00fc d\u00fcnyas\u0131na ad\u0131m atmaya haz\u0131r m\u0131s\u0131n\u0131z? <\/p>\n","protected":false},"excerpt":{"rendered":"<p>Bug\u00fcn ka\u00e7 kere camdan d\u0131\u015far\u0131 bak\u0131p temiz havay\u0131 i\u00e7inize \u00e7ektiniz? G\u00fcn i\u00e7inde hi\u00e7 g\u00f6ky\u00fcz\u00fcne bak\u0131p farkl\u0131 \u015fekillerdeki bulutlar\u0131n b\u00fcy\u00fcleyicili\u011fi hakk\u0131nda d\u00fc\u015f\u00fcnd\u00fcn\u00fcz m\u00fc? Modern ya\u015fam\u0131n ko\u015fturmacas\u0131nda, mutlulu\u011fun<span class=\"excerpt-hellip\"> [\u2026]<\/span><\/p>\n","protected":false},"featured_media":0,"template":"","meta":{"_monsterinsights_skip_tracking":false,"_monsterinsights_sitenote_active":false,"_monsterinsights_sitenote_note":"","_monsterinsights_sitenote_category":0},"product_brand":[],"product_cat":[12364,12376],"product_tag":[],"class_list":{"0":"post-769229","1":"product","2":"type-product","3":"status-publish","5":"product_cat-genel-konular","6":"product_cat-kisisel-gelisim","7":"pa_cilt-ciltsiz","8":"pa_tur-kitap","9":"pa_yayinevi-mona-kitap","10":"pa_yazar-kolektif","12":"first","13":"instock","14":"sale","15":"shipping-taxable","16":"purchasable","17":"product-type-simple"},"_links":{"self":[{"href":"https:\/\/roveyayinevi.com.tr\/index.php\/wp-json\/wp\/v2\/product\/769229","targetHints":{"allow":["GET"]}}],"collection":[{"href":"https:\/\/roveyayinevi.com.tr\/index.php\/wp-json\/wp\/v2\/product"}],"about":[{"href":"https:\/\/roveyayinevi.com.tr\/index.php\/wp-json\/wp\/v2\/types\/product"}],"wp:attachment":[{"href":"https:\/\/roveyayinevi.com.tr\/index.php\/wp-json\/wp\/v2\/media?parent=769229"}],"wp:term":[{"taxonomy":"product_brand","embeddable":true,"href":"https:\/\/roveyayinevi.com.tr\/index.php\/wp-json\/wp\/v2\/product_brand?post=769229"},{"taxonomy":"product_cat","embeddable":true,"href":"https:\/\/roveyayinevi.com.tr\/index.php\/wp-json\/wp\/v2\/product_cat?post=769229"},{"taxonomy":"product_tag","embeddable":true,"href":"https:\/\/roveyayinevi.com.tr\/index.php\/wp-json\/wp\/v2\/product_tag?post=769229"}],"curies":[{"name":"wp","href":"https:\/\/api.w.org\/{rel}","templated":true}]}}