{"id":769228,"date":"2025-08-28T13:46:32","date_gmt":"2025-08-28T10:46:32","guid":{"rendered":"https:\/\/roveyayinevi.com.tr\/index.php\/urun\/dinozor-arama-rehberi\/"},"modified":"2026-04-15T03:35:37","modified_gmt":"2026-04-15T00:35:37","slug":"dinozor-arama-rehberi","status":"publish","type":"product","link":"https:\/\/roveyayinevi.com.tr\/index.php\/urun\/dinozor-arama-rehberi\/","title":{"rendered":"Dinozor Arama Rehberi"},"content":{"rendered":"<p>&#8220;Yuvas\u0131nda oyun oynarken bir ses duyup d\u0131\u015far\u0131 \u00e7\u0131kan tilki Tiki, \u00fczerinde &#8220;Dinozor Arama Rehberi&#8221; yazan bir ka\u011f\u0131t bulur. Fakat dinozoru ararken b\u00fcy\u00fck bir s\u00fcrprizle kar\u015f\u0131la\u015faca\u011f\u0131ndan habersizdir.&#8221; <\/p>\n","protected":false},"excerpt":{"rendered":"<p>&#8220;Yuvas\u0131nda oyun oynarken bir ses duyup d\u0131\u015far\u0131 \u00e7\u0131kan tilki Tiki, \u00fczerinde &#8220;Dinozor Arama Rehberi&#8221; yazan bir ka\u011f\u0131t bulur. Fakat dinozoru ararken b\u00fcy\u00fck bir s\u00fcrprizle kar\u015f\u0131la\u015faca\u011f\u0131ndan habersizdir.&#8221;<\/p>\n","protected":false},"featured_media":0,"template":"","meta":{"_monsterinsights_skip_tracking":false,"_monsterinsights_sitenote_active":false,"_monsterinsights_sitenote_note":"","_monsterinsights_sitenote_category":0},"product_brand":[],"product_cat":[12274,12284],"product_tag":[],"class_list":{"0":"post-769228","1":"product","2":"type-product","3":"status-publish","5":"product_cat-cocuk-ve-genclik-kitaplari","6":"product_cat-hikayeler","7":"pa_cilt-ciltsiz","8":"pa_tur-kitap","9":"pa_yayinevi-perseus","10":"pa_yazar-songul-gorgulu","12":"first","13":"instock","14":"sale","15":"shipping-taxable","16":"purchasable","17":"product-type-simple"},"_links":{"self":[{"href":"https:\/\/roveyayinevi.com.tr\/index.php\/wp-json\/wp\/v2\/product\/769228","targetHints":{"allow":["GET"]}}],"collection":[{"href":"https:\/\/roveyayinevi.com.tr\/index.php\/wp-json\/wp\/v2\/product"}],"about":[{"href":"https:\/\/roveyayinevi.com.tr\/index.php\/wp-json\/wp\/v2\/types\/product"}],"wp:attachment":[{"href":"https:\/\/roveyayinevi.com.tr\/index.php\/wp-json\/wp\/v2\/media?parent=769228"}],"wp:term":[{"taxonomy":"product_brand","embeddable":true,"href":"https:\/\/roveyayinevi.com.tr\/index.php\/wp-json\/wp\/v2\/product_brand?post=769228"},{"taxonomy":"product_cat","embeddable":true,"href":"https:\/\/roveyayinevi.com.tr\/index.php\/wp-json\/wp\/v2\/product_cat?post=769228"},{"taxonomy":"product_tag","embeddable":true,"href":"https:\/\/roveyayinevi.com.tr\/index.php\/wp-json\/wp\/v2\/product_tag?post=769228"}],"curies":[{"name":"wp","href":"https:\/\/api.w.org\/{rel}","templated":true}]}}