{"id":769226,"date":"2025-08-28T13:46:25","date_gmt":"2025-08-28T10:46:25","guid":{"rendered":"https:\/\/roveyayinevi.com.tr\/index.php\/urun\/yasar-kemal-cukurovadan-dunyaya\/"},"modified":"2026-04-15T03:35:37","modified_gmt":"2026-04-15T00:35:37","slug":"yasar-kemal-cukurovadan-dunyaya","status":"publish","type":"product","link":"https:\/\/roveyayinevi.com.tr\/index.php\/urun\/yasar-kemal-cukurovadan-dunyaya\/","title":{"rendered":"Ya\u015far Kemal \u00c7ukurova\u2019dan D\u00fcnyaya"},"content":{"rendered":"<p>\u201cBir yan\u0131m toplum, bir yan\u0131m do\u011fa, bir yan\u0131m da insan de\u011ferlerine dayal\u0131 olsun istedim.\u201d   Yaz\u0131 d\u00fcnyas\u0131n\u0131n merkezine do\u011fup b\u00fcy\u00fcd\u00fc\u011f\u00fc \u00c7ukurova\u2019y\u0131 yerle\u015ftirip halk hik\u00e2yelerinden destanlara \u00e7e\u015fitli damarlardan beslenen ulu edebiyat \u00e7\u0131nar\u0131 Ya\u015far Kemal, \u0130nce Memed, Demirciler \u00c7ar\u015f\u0131s\u0131 Cinayeti, Y\u0131lan\u0131 \u00d6ld\u00fcrseler, Sar\u0131 S\u0131cak gibi bir\u00e7ok unutulmaz eseri okura miras b\u0131rakm\u0131\u015ft\u0131r. Toplumsal meselelere duyarl\u0131l\u0131\u011f\u0131n\u0131 hem yaz\u0131 d\u00fczeyinde hem de eylemleriyle g\u00f6steren, gerekti\u011finde a\u011f\u0131r bedeller \u00f6deyen Ya\u015far Kemal\u2019in hik\u00e2yesini, ayn\u0131 merkezden beslenen hem\u015fehrisi Meral Sakl\u0131yan anlat\u0131yor. \u00d6yk\u00fcleriyle ve anlat\u0131lar\u0131yla tan\u0131d\u0131\u011f\u0131m\u0131z Meral Sakl\u0131yan\u2019\u0131n kaleme ald\u0131\u011f\u0131 Ya\u015far Kemal: \u201c\u00c7ukurova\u2019dan D\u00fcnyaya\u201d, yazar\u0131n hem farkl\u0131 d\u00f6nemlerdeki edebi \u00fcslubunu soru\u015fturuyor, hem de t\u00fcm hayat hik\u00e2yesini g\u00f6zler \u00f6n\u00fcne seriyor.<\/p>\n","protected":false},"excerpt":{"rendered":"<p>\u201cBir yan\u0131m toplum, bir yan\u0131m do\u011fa, bir yan\u0131m da insan de\u011ferlerine dayal\u0131 olsun istedim.\u201d Yaz\u0131 d\u00fcnyas\u0131n\u0131n merkezine do\u011fup b\u00fcy\u00fcd\u00fc\u011f\u00fc \u00c7ukurova\u2019y\u0131 yerle\u015ftirip halk hik\u00e2yelerinden destanlara \u00e7e\u015fitli damarlardan<span class=\"excerpt-hellip\"> [\u2026]<\/span><\/p>\n","protected":false},"featured_media":0,"template":"","meta":{"_monsterinsights_skip_tracking":false,"_monsterinsights_sitenote_active":false,"_monsterinsights_sitenote_note":"","_monsterinsights_sitenote_category":0},"product_brand":[],"product_cat":[14009,12291],"product_tag":[],"class_list":{"0":"post-769226","1":"product","2":"type-product","3":"status-publish","5":"product_cat-biyografi-otobiyografi-edebiyat","6":"product_cat-edebiyat","7":"pa_cilt-ciltsiz","8":"pa_tur-kitap","9":"pa_yayinevi-everest-yayinlari","10":"pa_yazar-meral-sakliyan","12":"first","13":"instock","14":"sale","15":"shipping-taxable","16":"purchasable","17":"product-type-simple"},"_links":{"self":[{"href":"https:\/\/roveyayinevi.com.tr\/index.php\/wp-json\/wp\/v2\/product\/769226","targetHints":{"allow":["GET"]}}],"collection":[{"href":"https:\/\/roveyayinevi.com.tr\/index.php\/wp-json\/wp\/v2\/product"}],"about":[{"href":"https:\/\/roveyayinevi.com.tr\/index.php\/wp-json\/wp\/v2\/types\/product"}],"wp:attachment":[{"href":"https:\/\/roveyayinevi.com.tr\/index.php\/wp-json\/wp\/v2\/media?parent=769226"}],"wp:term":[{"taxonomy":"product_brand","embeddable":true,"href":"https:\/\/roveyayinevi.com.tr\/index.php\/wp-json\/wp\/v2\/product_brand?post=769226"},{"taxonomy":"product_cat","embeddable":true,"href":"https:\/\/roveyayinevi.com.tr\/index.php\/wp-json\/wp\/v2\/product_cat?post=769226"},{"taxonomy":"product_tag","embeddable":true,"href":"https:\/\/roveyayinevi.com.tr\/index.php\/wp-json\/wp\/v2\/product_tag?post=769226"}],"curies":[{"name":"wp","href":"https:\/\/api.w.org\/{rel}","templated":true}]}}